{"id":33110,"date":"2025-09-02T03:53:27","date_gmt":"2025-09-02T03:53:27","guid":{"rendered":"https:\/\/screen-stocks.com\/?post_type=product&#038;p=33110"},"modified":"2025-12-18T02:30:12","modified_gmt":"2025-12-18T02:30:12","slug":"boost-your-profits-lg-g6-screens-wholesale-for-repair-shops","status":"publish","type":"product","link":"https:\/\/screen-stocks.com\/fr\/boost-your-profits-lg-g6-screens-wholesale-for-repair-shops\/","title":{"rendered":"Boostez vos profits : \u00e9crans LG G6 en gros pour les ateliers de r\u00e9paration"},"content":{"rendered":"<p>Pour les ateliers de r\u00e9paration mobile visant \u00e0 maximiser l'efficacit\u00e9 et la rentabilit\u00e9, notre <strong>LG Pour LG G6 Vente en gros en vrac<\/strong> les \u00e9crans offrent un avantage in\u00e9gal\u00e9. Nous comprenons que chaque minute compte dans votre atelier, c'est pourquoi nos assemblages d'affichage premium sont con\u00e7us pour des performances optimales et une installation rapide. Chaque unit\u00e9 poss\u00e8de <strong>ajustement parfait du cadre<\/strong>, m\u00e9ticuleusement con\u00e7ue pour s'aligner parfaitement avec le ch\u00e2ssis du LG G6. Cette pr\u00e9cision r\u00e9duit consid\u00e9rablement le temps d'installation, \u00e9liminant les ajustements frustrants et la reprise, ce qui permet d'\u00e9conomiser des heures de travail pr\u00e9cieuses par r\u00e9paration.<\/p>\n<p>Au-del\u00e0 des gains op\u00e9rationnels, la qualit\u00e9 sup\u00e9rieure de nos \u00e9crans garantit une performance exceptionnelle <strong>satisfaction client<\/strong>. Vos clients appr\u00e9cieront une r\u00e9paration impeccable qui restaure l'esth\u00e9tique et la fonctionnalit\u00e9 originales de leur appareil. Des pi\u00e8ces de haute qualit\u00e9 entra\u00eenent moins de retours et plus de recommandations positives, renfor\u00e7ant la r\u00e9putation de votre atelier et stimulant la fid\u00e9lit\u00e9. Stocker nos \u00e9crans LG G6 fiables en gros offre non seulement un approvisionnement constant pour vos besoins, mais optimise \u00e9galement vos co\u00fbts d'approvisionnement, contribuant directement \u00e0 des marges b\u00e9n\u00e9ficiaires plus \u00e9lev\u00e9es sur chaque r\u00e9paration. \u00c9levez la qualit\u00e9 de votre service et augmentez votre rentabilit\u00e9 avec nos \u00e9crans professionnels en gros pour LG G6.<\/p>","protected":false},"excerpt":{"rendered":"<p>Maximisez les profits de votre atelier de r\u00e9paration avec nos \u00e9crans LG G6 en gros. Con\u00e7us pour une installation facile, un ajustement parfait et une satisfaction client sup\u00e9rieure, permettant de gagner du temps de travail.<\/p>","protected":false},"featured_media":32974,"comment_status":"open","ping_status":"closed","template":"","meta":[],"product_brand":[],"product_cat":[363],"product_tag":[911,910,474,912,467],"class_list":{"0":"post-33110","1":"product","2":"type-product","3":"status-publish","4":"has-post-thumbnail","6":"product_cat-lg","7":"product_tag-lg-g6-display-bulk","8":"product_tag-lg-g6-wholesale-screen","9":"product_tag-mobile-repair-shop-supplies","10":"product_tag-phone-screen-replacement-parts","11":"product_tag-repair-shop-profitability","13":"first","14":"outofstock","15":"shipping-taxable","16":"product-type-simple"},"_links":{"self":[{"href":"https:\/\/screen-stocks.com\/fr\/wp-json\/wp\/v2\/product\/33110","targetHints":{"allow":["GET"]}}],"collection":[{"href":"https:\/\/screen-stocks.com\/fr\/wp-json\/wp\/v2\/product"}],"about":[{"href":"https:\/\/screen-stocks.com\/fr\/wp-json\/wp\/v2\/types\/product"}],"replies":[{"embeddable":true,"href":"https:\/\/screen-stocks.com\/fr\/wp-json\/wp\/v2\/comments?post=33110"}],"version-history":[{"count":2,"href":"https:\/\/screen-stocks.com\/fr\/wp-json\/wp\/v2\/product\/33110\/revisions"}],"predecessor-version":[{"id":34694,"href":"https:\/\/screen-stocks.com\/fr\/wp-json\/wp\/v2\/product\/33110\/revisions\/34694"}],"wp:featuredmedia":[{"embeddable":true,"href":"https:\/\/screen-stocks.com\/fr\/wp-json\/wp\/v2\/media\/32974"}],"wp:attachment":[{"href":"https:\/\/screen-stocks.com\/fr\/wp-json\/wp\/v2\/media?parent=33110"}],"wp:term":[{"taxonomy":"product_brand","embeddable":true,"href":"https:\/\/screen-stocks.com\/fr\/wp-json\/wp\/v2\/product_brand?post=33110"},{"taxonomy":"product_cat","embeddable":true,"href":"https:\/\/screen-stocks.com\/fr\/wp-json\/wp\/v2\/product_cat?post=33110"},{"taxonomy":"product_tag","embeddable":true,"href":"https:\/\/screen-stocks.com\/fr\/wp-json\/wp\/v2\/product_tag?post=33110"}],"curies":[{"name":"wp","href":"https:\/\/api.w.org\/{rel}","templated":true}]}}