{"id":33112,"date":"2025-09-02T03:53:27","date_gmt":"2025-09-02T03:53:27","guid":{"rendered":"https:\/\/screen-stocks.com\/?post_type=product&#038;p=33112"},"modified":"2025-12-16T05:31:13","modified_gmt":"2025-12-16T05:31:13","slug":"lg-g8-thinq-screen-wholesale-boost-your-repair-shops-profitability","status":"publish","type":"product","link":"https:\/\/screen-stocks.com\/fr\/lg-g8-thinq-screen-wholesale-boost-your-repair-shops-profitability\/","title":{"rendered":"\u00c9cran en gros LG G8 ThinQ : Augmentez la rentabilit\u00e9 de votre atelier de r\u00e9paration"},"content":{"rendered":"<p>Pour les ateliers de r\u00e9paration mobile ax\u00e9s sur la maximisation de l'efficacit\u00e9 et de la rentabilit\u00e9, notre <strong>Ensemble d'\u00e9cran OLED LG G8 ThinQ<\/strong> offre une solution in\u00e9gal\u00e9e. Provenant directement de notre usine, ces \u00e9crans de remplacement haut de gamme sont con\u00e7us pour r\u00e9pondre aux exigences strictes des techniciens professionnels, garantissant le succ\u00e8s de chaque r\u00e9paration.<\/p>\n<p>Nous comprenons que le temps c'est de l'argent dans votre entreprise. C\u2019est pourquoi nos \u00e9crans LG G8 ThinQ sont con\u00e7us pour une <strong>la facilit\u00e9 d'installation<\/strong>. Chaque unit\u00e9 dispose d\u2019un <strong>ajustement parfait du cadre<\/strong>, \u00e9liminant les probl\u00e8mes frustrants d\u2019alignement et la n\u00e9cessit\u00e9 de reprises co\u00fbteuses. Cette ing\u00e9nierie de pr\u00e9cision permet de <strong>gagner du temps de travail<\/strong>, permettant \u00e0 vos techniciens de r\u00e9aliser plus de r\u00e9parations par jour et d\u2019augmenter le d\u00e9bit global de votre atelier.<\/p>\n<p>Au-del\u00e0 de l'efficacit\u00e9 op\u00e9rationnelle, nos \u00e9crans garantissent une performance sup\u00e9rieure de l'appareil, se traduisant directement par une <strong>satisfaction client<\/strong>. Offrez \u00e0 vos clients des r\u00e9parations fiables et de haute qualit\u00e9 qui r\u00e9sistent \u00e0 l\u2019\u00e9preuve du temps, favorisant la fid\u00e9lit\u00e9 et les avis positifs. En choisissant notre approvisionnement en gros d\u2019\u00e9crans LG G8 ThinQ, vous investissez dans un produit qui s\u2019adapte parfaitement, s\u2019installe rapidement et offre constamment des r\u00e9sultats rentables pour votre entreprise.<\/p>","protected":false},"excerpt":{"rendered":"<p>Maximisez la profitabilit\u00e9 de votre atelier de r\u00e9paration avec nos \u00e9crans LG G8 ThinQ en gros. Con\u00e7us pour une installation facile, un ajustement parfait et une satisfaction client sup\u00e9rieure.<\/p>","protected":false},"featured_media":32982,"comment_status":"open","ping_status":"closed","template":"","meta":[],"product_brand":[],"product_cat":[363],"product_tag":[870,869,872,871,554],"class_list":{"0":"post-33112","1":"product","2":"type-product","3":"status-publish","4":"has-post-thumbnail","6":"product_cat-lg","7":"product_tag-g8-thinq-display-bulk","8":"product_tag-lg-g8-thinq-screen-wholesale","9":"product_tag-lg-phone-screens","10":"product_tag-mobile-repair-parts-wholesale","11":"product_tag-repair-shop-profit-solutions","13":"first","14":"outofstock","15":"shipping-taxable","16":"product-type-simple"},"_links":{"self":[{"href":"https:\/\/screen-stocks.com\/fr\/wp-json\/wp\/v2\/product\/33112","targetHints":{"allow":["GET"]}}],"collection":[{"href":"https:\/\/screen-stocks.com\/fr\/wp-json\/wp\/v2\/product"}],"about":[{"href":"https:\/\/screen-stocks.com\/fr\/wp-json\/wp\/v2\/types\/product"}],"replies":[{"embeddable":true,"href":"https:\/\/screen-stocks.com\/fr\/wp-json\/wp\/v2\/comments?post=33112"}],"version-history":[{"count":2,"href":"https:\/\/screen-stocks.com\/fr\/wp-json\/wp\/v2\/product\/33112\/revisions"}],"predecessor-version":[{"id":34669,"href":"https:\/\/screen-stocks.com\/fr\/wp-json\/wp\/v2\/product\/33112\/revisions\/34669"}],"wp:featuredmedia":[{"embeddable":true,"href":"https:\/\/screen-stocks.com\/fr\/wp-json\/wp\/v2\/media\/32982"}],"wp:attachment":[{"href":"https:\/\/screen-stocks.com\/fr\/wp-json\/wp\/v2\/media?parent=33112"}],"wp:term":[{"taxonomy":"product_brand","embeddable":true,"href":"https:\/\/screen-stocks.com\/fr\/wp-json\/wp\/v2\/product_brand?post=33112"},{"taxonomy":"product_cat","embeddable":true,"href":"https:\/\/screen-stocks.com\/fr\/wp-json\/wp\/v2\/product_cat?post=33112"},{"taxonomy":"product_tag","embeddable":true,"href":"https:\/\/screen-stocks.com\/fr\/wp-json\/wp\/v2\/product_tag?post=33112"}],"curies":[{"name":"wp","href":"https:\/\/api.w.org\/{rel}","templated":true}]}}