{"id":33115,"date":"2025-09-02T03:53:27","date_gmt":"2025-09-02T03:53:27","guid":{"rendered":"https:\/\/screen-stocks.com\/?post_type=product&#038;p=33115"},"modified":"2026-02-25T01:53:00","modified_gmt":"2026-02-25T01:53:00","slug":"lg-google-nexus-5-screens-factory-direct-wholesale-with-zero-dead-pixels","status":"publish","type":"product","link":"https:\/\/screen-stocks.com\/fr\/lg-google-nexus-5-screens-factory-direct-wholesale-with-zero-dead-pixels\/","title":{"rendered":"\u00c9crans LG Google Nexus 5 : Vente en gros directe d'usine avec z\u00e9ro pixel mort"},"content":{"rendered":"<p>Pour les partenaires B2B exigeant une qualit\u00e9 et une fiabilit\u00e9 in\u00e9branlables, notre <strong>\u00c9cran LCD et assemblage de num\u00e9riseur LG Google Nexus 5X<\/strong> offre la solution d\u00e9finitive pour l'approvisionnement en gros. En tant que fournisseur direct d'usine, nous respectons les normes de contr\u00f4le qualit\u00e9 les plus strictes du secteur, garantissant que chaque unit\u00e9 r\u00e9pond \u00e0 nos sp\u00e9cifications \u00e9lev\u00e9es avant d'atteindre votre inventaire.<\/p>\n<p>Notre engagement envers l'excellence commence par un protocole de test en plusieurs \u00e9tapes. Chaque <strong>\u00e9cran de remplacement Nexus 5<\/strong> subit une inspection visuelle minutieuse pour d\u00e9tecter les d\u00e9fauts esth\u00e9tiques, suivie de tests fonctionnels rigoureux pour v\u00e9rifier la r\u00e9activit\u00e9 tactile, la pr\u00e9cision des couleurs et l'uniformit\u00e9 du r\u00e9tro\u00e9clairage. Une pierre angulaire de notre assurance qualit\u00e9 est notre processus propri\u00e9taire de d\u00e9tection de pixels, garantissant une <strong>promesse d'\u00e9cran sans pixels morts 100%<\/strong> Ce contr\u00f4le rigoureux \u00e9limine les retours co\u00fbteux et pr\u00e9serve votre r\u00e9putation en mati\u00e8re de r\u00e9parations impeccables.<\/p>\n<p>Au-del\u00e0 de la fonctionnalit\u00e9 initiale, nous concevons pour la durabilit\u00e9. Nos \u00e9crans sont soumis \u00e0 des tests de stress approfondis, simulant l'utilisation r\u00e9elle pour assurer des performances et une r\u00e9silience \u00e0 long terme. En collaborant directement avec notre usine, vous b\u00e9n\u00e9ficiez d'un approvisionnement constant en \u00e9crans Nexus 5 de qualit\u00e9 sup\u00e9rieure, soutenu par une assurance qualit\u00e9 in\u00e9gal\u00e9e et des prix de gros comp\u00e9titifs. Investissez dans des \u00e9crans qui r\u00e9duisent les co\u00fbts et am\u00e9liorent la satisfaction client.<\/p>","protected":false},"excerpt":{"rendered":"<p>\u00c9crans LCD LG Google Nexus 5 haut de gamme disponibles en gros. Directement de l'usine avec un contr\u00f4le qualit\u00e9 strict, garantissant z\u00e9ro pixel mort et une durabilit\u00e9 exceptionnelle.<\/p>","protected":false},"featured_media":32987,"comment_status":"open","ping_status":"closed","template":"","meta":[],"product_brand":[],"product_cat":[363],"product_tag":[468,1661,1660,1659,570],"class_list":{"0":"post-33115","1":"product","2":"type-product","3":"status-publish","4":"has-post-thumbnail","6":"product_cat-lg","7":"product_tag-factory-direct-phone-screens","8":"product_tag-google-nexus-5-display-supplier","9":"product_tag-lg-nexus-5-lcd-bulk","10":"product_tag-nexus-5-wholesale-screens","11":"product_tag-zero-dead-pixel-guarantee","13":"first","14":"outofstock","15":"shipping-taxable","16":"product-type-simple"},"_links":{"self":[{"href":"https:\/\/screen-stocks.com\/fr\/wp-json\/wp\/v2\/product\/33115","targetHints":{"allow":["GET"]}}],"collection":[{"href":"https:\/\/screen-stocks.com\/fr\/wp-json\/wp\/v2\/product"}],"about":[{"href":"https:\/\/screen-stocks.com\/fr\/wp-json\/wp\/v2\/types\/product"}],"replies":[{"embeddable":true,"href":"https:\/\/screen-stocks.com\/fr\/wp-json\/wp\/v2\/comments?post=33115"}],"version-history":[{"count":3,"href":"https:\/\/screen-stocks.com\/fr\/wp-json\/wp\/v2\/product\/33115\/revisions"}],"predecessor-version":[{"id":35434,"href":"https:\/\/screen-stocks.com\/fr\/wp-json\/wp\/v2\/product\/33115\/revisions\/35434"}],"wp:featuredmedia":[{"embeddable":true,"href":"https:\/\/screen-stocks.com\/fr\/wp-json\/wp\/v2\/media\/32987"}],"wp:attachment":[{"href":"https:\/\/screen-stocks.com\/fr\/wp-json\/wp\/v2\/media?parent=33115"}],"wp:term":[{"taxonomy":"product_brand","embeddable":true,"href":"https:\/\/screen-stocks.com\/fr\/wp-json\/wp\/v2\/product_brand?post=33115"},{"taxonomy":"product_cat","embeddable":true,"href":"https:\/\/screen-stocks.com\/fr\/wp-json\/wp\/v2\/product_cat?post=33115"},{"taxonomy":"product_tag","embeddable":true,"href":"https:\/\/screen-stocks.com\/fr\/wp-json\/wp\/v2\/product_tag?post=33115"}],"curies":[{"name":"wp","href":"https:\/\/api.w.org\/{rel}","templated":true}]}}