{"id":33116,"date":"2025-09-02T03:53:27","date_gmt":"2025-09-02T03:53:27","guid":{"rendered":"https:\/\/screen-stocks.com\/?post_type=product&#038;p=33116"},"modified":"2026-02-15T17:52:59","modified_gmt":"2026-02-15T17:52:59","slug":"bulk-lg-nexus-5x-screen-assemblies-enhance-repairs-boost-shop-profitability","status":"publish","type":"product","link":"https:\/\/screen-stocks.com\/fr\/bulk-lg-nexus-5x-screen-assemblies-enhance-repairs-boost-shop-profitability\/","title":{"rendered":"Assemblages d'\u00e9crans LG Nexus 5X en gros : Am\u00e9liorez les r\u00e9parations, augmentez la rentabilit\u00e9 de votre atelier"},"content":{"rendered":"<p>Dans notre usine de vente en gros, nous comprenons que l'efficacit\u00e9 et la satisfaction du client sont primordiales pour le succ\u00e8s de votre atelier de r\u00e9paration. C'est pourquoi nous sommes fiers de vous offrir notre <strong>\u00c9cran LCD et assemblage de num\u00e9riseur LG Google Nexus 5X<\/strong>, sp\u00e9cialement con\u00e7u pour rationaliser votre processus de r\u00e9paration et augmenter consid\u00e9rablement votre rentabilit\u00e9.<\/p>\n<p>Chaque unit\u00e9 est livr\u00e9e compl\u00e8te en tant que <strong>unit\u00e9 d'affichage pr\u00e9-assembl\u00e9e avec cadre<\/strong>, con\u00e7ue pour un ajustement impeccable. Cela signifie plus de transferts de cadre fastidieux ou de probl\u00e8mes d'alignement. Notre engagement envers l'ing\u00e9nierie de pr\u00e9cision garantit que chaque assemblage s'ins\u00e8re parfaitement, r\u00e9duisant consid\u00e9rablement le temps d'installation et le potentiel de retouche. Cette \u00e9conomie directe en heures de travail par r\u00e9paration se traduit imm\u00e9diatement par des marges plus \u00e9lev\u00e9es pour votre entreprise.<\/p>\n<p>Au-del\u00e0 de la simple facilit\u00e9 d'installation, la qualit\u00e9 sup\u00e9rieure de nos composants garantit une r\u00e9paration impeccable qui ravit vos clients. Offrez-leur l'affichage \u00e9clatant et le toucher r\u00e9actif qu'ils attendent, en \u00e9tablissant la confiance et en encourageant la fid\u00e9lisation. Gr\u00e2ce \u00e0 notre approvisionnement en gros fiable de ces assemblages LG Nexus 5X de haute qualit\u00e9, vous pouvez entreprendre en toute confiance davantage de r\u00e9parations, sachant que vous disposez d'un produit qui garantit l'efficacit\u00e9, r\u00e9duit les frais g\u00e9n\u00e9raux et maximise en fin de compte le potentiel de revenus de votre atelier.<\/p>","protected":false},"excerpt":{"rendered":"<p>D\u00e9bloquez des b\u00e9n\u00e9fices plus \u00e9lev\u00e9s pour votre atelier de r\u00e9paration gr\u00e2ce \u00e0 nos assemblages d'\u00e9crans LG Nexus 5X en gros. B\u00e9n\u00e9ficiez d'un ajustement parfait, d'une installation rapide et d'une satisfaction client sup\u00e9rieure.<\/p>","protected":false},"featured_media":32990,"comment_status":"open","ping_status":"closed","template":"","meta":[],"product_brand":[],"product_cat":[363],"product_tag":[1509,1524,465,1525,467],"class_list":{"0":"post-33116","1":"product","2":"type-product","3":"status-publish","4":"has-post-thumbnail","6":"product_cat-lg","7":"product_tag-bulk-lcd-assembly","8":"product_tag-lg-nexus-5x-wholesale","9":"product_tag-mobile-phone-repair-parts","10":"product_tag-nexus-5x-screen-replacement","11":"product_tag-repair-shop-profitability","13":"first","14":"outofstock","15":"shipping-taxable","16":"product-type-simple"},"_links":{"self":[{"href":"https:\/\/screen-stocks.com\/fr\/wp-json\/wp\/v2\/product\/33116","targetHints":{"allow":["GET"]}}],"collection":[{"href":"https:\/\/screen-stocks.com\/fr\/wp-json\/wp\/v2\/product"}],"about":[{"href":"https:\/\/screen-stocks.com\/fr\/wp-json\/wp\/v2\/types\/product"}],"replies":[{"embeddable":true,"href":"https:\/\/screen-stocks.com\/fr\/wp-json\/wp\/v2\/comments?post=33116"}],"version-history":[{"count":3,"href":"https:\/\/screen-stocks.com\/fr\/wp-json\/wp\/v2\/product\/33116\/revisions"}],"predecessor-version":[{"id":35387,"href":"https:\/\/screen-stocks.com\/fr\/wp-json\/wp\/v2\/product\/33116\/revisions\/35387"}],"wp:featuredmedia":[{"embeddable":true,"href":"https:\/\/screen-stocks.com\/fr\/wp-json\/wp\/v2\/media\/32990"}],"wp:attachment":[{"href":"https:\/\/screen-stocks.com\/fr\/wp-json\/wp\/v2\/media?parent=33116"}],"wp:term":[{"taxonomy":"product_brand","embeddable":true,"href":"https:\/\/screen-stocks.com\/fr\/wp-json\/wp\/v2\/product_brand?post=33116"},{"taxonomy":"product_cat","embeddable":true,"href":"https:\/\/screen-stocks.com\/fr\/wp-json\/wp\/v2\/product_cat?post=33116"},{"taxonomy":"product_tag","embeddable":true,"href":"https:\/\/screen-stocks.com\/fr\/wp-json\/wp\/v2\/product_tag?post=33116"}],"curies":[{"name":"wp","href":"https:\/\/api.w.org\/{rel}","templated":true}]}}