{"id":33125,"date":"2025-09-02T03:53:28","date_gmt":"2025-09-02T03:53:28","guid":{"rendered":"https:\/\/screen-stocks.com\/?post_type=product&#038;p=33125"},"modified":"2026-02-25T02:53:00","modified_gmt":"2026-02-25T02:53:00","slug":"bulk-lg-k41s-display-supply-precision-hd-calibrated-color-gamut","status":"publish","type":"product","link":"https:\/\/screen-stocks.com\/fr\/bulk-lg-k41s-display-supply-precision-hd-calibrated-color-gamut\/","title":{"rendered":"Fourniture en gros d'\u00e9crans LG K41s : Pr\u00e9cision HD+ et gamme de couleurs calibr\u00e9e"},"content":{"rendered":"<p>\u00c9levez vos services de r\u00e9paration et de r\u00e9novation avec notre approvisionnement en gros premium de <strong>ensembles d'affichage LG K41s<\/strong>. Con\u00e7us pour r\u00e9pondre et d\u00e9passer les sp\u00e9cifications du fabricant d'\u00e9quipements d'origine (OEM), nos panneaux garantissent une exp\u00e9rience utilisateur impeccable et des performances constantes pour votre client\u00e8le.<\/p>\n<p>Chaque \u00e9cran est m\u00e9ticuleusement con\u00e7u pour offrir la r\u00e9solution native <strong>HD+ de 720 x 1600 pixels<\/strong>, garantissant des visuels nets et clairs qui repr\u00e9sentent fid\u00e8lement la qualit\u00e9 d'affichage d'origine de l'appareil. Nous maintenons un engagement ferme envers une stabilit\u00e9 <strong>60Hz<\/strong>, essentielle pour un d\u00e9filement fluide, des animations fluides et une interface utilisateur r\u00e9active sans ghosting ni lag.<\/p>\n<p>Nos circuits tactiles int\u00e9gr\u00e9s offrent une sensibilit\u00e9 <strong>multi-touch et une r\u00e9activit\u00e9 sup\u00e9rieures<\/strong>, garantissant que chaque tapotement, balayage et pincement soient enregistr\u00e9s avec une pr\u00e9cision extr\u00eame. Ce niveau \u00e9lev\u00e9 de fid\u00e9lit\u00e9 tactile se traduit par une interaction utilisateur fluide, r\u00e9duisant les plaintes des clients li\u00e9es aux \u00e9crans non r\u00e9actifs. De plus, nos panneaux LG K41s sont soigneusement calibr\u00e9s pour reproduire une gamme de couleurs \u00e9tendue <strong>espace colorim\u00e9trique<\/strong>, offrant des couleurs vibrantes et fid\u00e8les \u00e0 la vie ainsi qu\u2019un \u00e9quilibre des blancs coh\u00e9rent sur toutes les unit\u00e9s. Cette calibration pr\u00e9cise des couleurs garantit que le contenu visuel est affich\u00e9 avec une clart\u00e9 et une profondeur exceptionnelles, offrant une exp\u00e9rience visuelle immersive qui s\u2019aligne parfaitement avec les profils de couleurs OEM. Faites confiance \u00e0 notre partenariat pour des \u00e9crans LG K41s fiables et techniquement sup\u00e9rieurs en gros.<\/p>","protected":false},"excerpt":{"rendered":"<p>\u00c9crans LG K41s en gros : profitez d'une r\u00e9solution OEM de 720x1600, rafra\u00eechissement \u00e0 60Hz, sensibilit\u00e9 pr\u00e9cise du circuit tactile, et gamme de couleurs vibrante pour des r\u00e9parations fiables.<\/p>","protected":false},"featured_media":33028,"comment_status":"open","ping_status":"closed","template":"","meta":[],"product_brand":[],"product_cat":[363],"product_tag":[1665,1663,1664,1662,480],"class_list":{"0":"post-33125","1":"product","2":"type-product","3":"status-publish","4":"has-post-thumbnail","6":"product_cat-lg","7":"product_tag-high-resolution-k41s-display","8":"product_tag-k41s-display-bulk","9":"product_tag-lg-k41s-replacement-parts","10":"product_tag-lg-k41s-screen-wholesale","11":"product_tag-mobile-screen-supplier","13":"first","14":"outofstock","15":"shipping-taxable","16":"product-type-simple"},"_links":{"self":[{"href":"https:\/\/screen-stocks.com\/fr\/wp-json\/wp\/v2\/product\/33125","targetHints":{"allow":["GET"]}}],"collection":[{"href":"https:\/\/screen-stocks.com\/fr\/wp-json\/wp\/v2\/product"}],"about":[{"href":"https:\/\/screen-stocks.com\/fr\/wp-json\/wp\/v2\/types\/product"}],"replies":[{"embeddable":true,"href":"https:\/\/screen-stocks.com\/fr\/wp-json\/wp\/v2\/comments?post=33125"}],"version-history":[{"count":2,"href":"https:\/\/screen-stocks.com\/fr\/wp-json\/wp\/v2\/product\/33125\/revisions"}],"predecessor-version":[{"id":35435,"href":"https:\/\/screen-stocks.com\/fr\/wp-json\/wp\/v2\/product\/33125\/revisions\/35435"}],"wp:featuredmedia":[{"embeddable":true,"href":"https:\/\/screen-stocks.com\/fr\/wp-json\/wp\/v2\/media\/33028"}],"wp:attachment":[{"href":"https:\/\/screen-stocks.com\/fr\/wp-json\/wp\/v2\/media?parent=33125"}],"wp:term":[{"taxonomy":"product_brand","embeddable":true,"href":"https:\/\/screen-stocks.com\/fr\/wp-json\/wp\/v2\/product_brand?post=33125"},{"taxonomy":"product_cat","embeddable":true,"href":"https:\/\/screen-stocks.com\/fr\/wp-json\/wp\/v2\/product_cat?post=33125"},{"taxonomy":"product_tag","embeddable":true,"href":"https:\/\/screen-stocks.com\/fr\/wp-json\/wp\/v2\/product_tag?post=33125"}],"curies":[{"name":"wp","href":"https:\/\/api.w.org\/{rel}","templated":true}]}}