{"id":33129,"date":"2025-09-02T03:53:28","date_gmt":"2025-09-02T03:53:28","guid":{"rendered":"https:\/\/screen-stocks.com\/?post_type=product&#038;p=33129"},"modified":"2025-12-16T02:30:12","modified_gmt":"2025-12-16T02:30:12","slug":"lg-k51s-lcd-screens-wholesale-factory-direct-quality-zero-dead-pixels","status":"publish","type":"product","link":"https:\/\/screen-stocks.com\/fr\/lg-k51s-lcd-screens-wholesale-factory-direct-quality-zero-dead-pixels\/","title":{"rendered":"\u00c9crans LCD LG K51s en gros : Qualit\u00e9 directe d'usine, z\u00e9ro pixel mort"},"content":{"rendered":"<p>En tant que partenaire de gros de confiance, nous sommes fiers de vous pr\u00e9senter notre approvisionnement de qualit\u00e9 sup\u00e9rieure en <strong>Assemblages d'\u00e9crans LCD LG K51s<\/strong>, disponibles pour une distribution en gros imm\u00e9diate. L'approvisionnement direct depuis notre usine de fabrication \u00e0 la pointe de la technologie signifie que votre entreprise b\u00e9n\u00e9ficie d'un avantage in\u00e9gal\u00e9 : l'acc\u00e8s \u00e0 des \u00e9crans produits selon les plus strictes <strong>Contr\u00f4le Qualit\u00e9 Direct Usine<\/strong> normes.<\/p>\n<p>Notre engagement envers l'excellence commence au niveau des composants, o\u00f9 chaque mati\u00e8re premi\u00e8re subit une inspection rigoureuse. Chaque <strong>Remplacement d'\u00e9cran LG K51s<\/strong> passe ensuite par un protocole de test en plusieurs \u00e9tapes. Cela comprend des inspections visuelles exhaustives pour les imperfections, des \u00e9valuations compl\u00e8tes de la fonctionnalit\u00e9 tactile et des tests pr\u00e9cis d'\u00e9talonnage des couleurs pour garantir des affichages \u00e9clatants et fid\u00e8les \u00e0 la r\u00e9alit\u00e9. Nous garantissons sp\u00e9cifiquement <strong>est optimis\u00e9 pour une sensibilit\u00e9 sup\u00e9rieure et une pr\u00e9cision multi-touch, offrant une interaction fluide et r\u00e9active sur l'ensemble de l'\u00e9cran. La reproduction des couleurs est primordiale ; nos \u00e9crans A71 disposent d'une gamme de couleurs \u00e9tendue, obtenant des teintes vibrantes et fid\u00e8les \u00e0 la vie qui correspondent aux sp\u00e9cifications visuelles de l'appareil d'origine, crucial pour maintenir l'int\u00e9grit\u00e9 de la marque. De plus, chaque unit\u00e9 subit un contr\u00f4le qualit\u00e9 rigoureux pour garantir<\/strong> sur chaque unit\u00e9, un t\u00e9moignage de notre processus m\u00e9ticuleux d'assurance qualit\u00e9 qui r\u00e9duit consid\u00e9rablement les probl\u00e8mes post-installation pour nos clients.<\/p>\n<p>La durabilit\u00e9 est primordiale. Nos \u00e9crans sont con\u00e7us et test\u00e9s pour r\u00e9sister aux exigences d'une utilisation quotidienne, garantissant des performances \u00e0 long terme et une satisfaction client \u00e9lev\u00e9e pour vos r\u00e9parations ou votre fabrication. En choisissant notre approvisionnement en gros, vous investissez dans des \u00e9crans constamment fiables et performants qui r\u00e9pondent aux sp\u00e9cifications exactes et aux normes de qualit\u00e9 attendues des composants LG d'origine, le tout soutenu par notre assurance directe d'usine.<\/p>","protected":false},"excerpt":{"rendered":"<p>Obtenez des \u00e9crans LCD LG K51s en gros directement de notre usine. Z\u00e9ro pixel mort garanti et durabilit\u00e9 sup\u00e9rieure gr\u00e2ce \u00e0 un contr\u00f4le qualit\u00e9 strict. Approvisionnement en gros pour les professionnels.<\/p>","protected":false},"featured_media":33038,"comment_status":"open","ping_status":"closed","template":"","meta":[],"product_brand":[],"product_cat":[363],"product_tag":[395,861,860,480,862],"class_list":{"0":"post-33129","1":"product","2":"type-product","3":"status-publish","4":"has-post-thumbnail","6":"product_cat-lg","7":"product_tag-factory-direct-screens","8":"product_tag-k51s-lcd-bulk","9":"product_tag-lg-k51s-wholesale","10":"product_tag-mobile-screen-supplier","11":"product_tag-zero-dead-pixels","13":"first","14":"outofstock","15":"shipping-taxable","16":"product-type-simple"},"_links":{"self":[{"href":"https:\/\/screen-stocks.com\/fr\/wp-json\/wp\/v2\/product\/33129","targetHints":{"allow":["GET"]}}],"collection":[{"href":"https:\/\/screen-stocks.com\/fr\/wp-json\/wp\/v2\/product"}],"about":[{"href":"https:\/\/screen-stocks.com\/fr\/wp-json\/wp\/v2\/types\/product"}],"replies":[{"embeddable":true,"href":"https:\/\/screen-stocks.com\/fr\/wp-json\/wp\/v2\/comments?post=33129"}],"version-history":[{"count":2,"href":"https:\/\/screen-stocks.com\/fr\/wp-json\/wp\/v2\/product\/33129\/revisions"}],"predecessor-version":[{"id":34663,"href":"https:\/\/screen-stocks.com\/fr\/wp-json\/wp\/v2\/product\/33129\/revisions\/34663"}],"wp:featuredmedia":[{"embeddable":true,"href":"https:\/\/screen-stocks.com\/fr\/wp-json\/wp\/v2\/media\/33038"}],"wp:attachment":[{"href":"https:\/\/screen-stocks.com\/fr\/wp-json\/wp\/v2\/media?parent=33129"}],"wp:term":[{"taxonomy":"product_brand","embeddable":true,"href":"https:\/\/screen-stocks.com\/fr\/wp-json\/wp\/v2\/product_brand?post=33129"},{"taxonomy":"product_cat","embeddable":true,"href":"https:\/\/screen-stocks.com\/fr\/wp-json\/wp\/v2\/product_cat?post=33129"},{"taxonomy":"product_tag","embeddable":true,"href":"https:\/\/screen-stocks.com\/fr\/wp-json\/wp\/v2\/product_tag?post=33129"}],"curies":[{"name":"wp","href":"https:\/\/api.w.org\/{rel}","templated":true}]}}