{"id":33138,"date":"2025-09-02T03:53:29","date_gmt":"2025-09-02T03:53:29","guid":{"rendered":"https:\/\/screen-stocks.com\/?post_type=product&#038;p=33138"},"modified":"2026-02-24T01:53:46","modified_gmt":"2026-02-24T01:53:46","slug":"bulk-lg-q51-display-units-60hz-refresh-calibrated-color-accuracy","status":"publish","type":"product","link":"https:\/\/screen-stocks.com\/fr\/bulk-lg-q51-display-units-60hz-refresh-calibrated-color-accuracy\/","title":{"rendered":"Unit\u00e9s d'affichage en vrac LG Q51 : rafra\u00eechissement \u00e0 60 Hz et pr\u00e9cision des couleurs calibr\u00e9e"},"content":{"rendered":"<p>En tant que fournisseur de premier plan sur le march\u00e9 de la vente en gros d'\u00e9crans de t\u00e9l\u00e9phones mobiles, nous proposons fi\u00e8rement nos \u00e9crans de remplacement haut de gamme pour le <strong>LG Q51 et LG Q510<\/strong> mod\u00e8les. Notre engagement envers la qualit\u00e9 garantit que chaque unit\u00e9 r\u00e9pond \u00e0 des normes de performance strictes, offrant une solution optimale pour vos besoins d'approvisionnement en gros.<\/p>\n<p>Ces \u00e9crans affichent la norme de l'\u00e9quipement d'origine <strong>R\u00e9solution native HD+ de 1520 x 720 pixels<\/strong>, garantissant des visuels d'une clart\u00e9 cristalline et un texte net. Les utilisateurs b\u00e9n\u00e9ficieront d'une interaction fluide gr\u00e2ce \u00e0 la haute r\u00e9activit\u00e9 <strong>ICs de touche de pr\u00e9cision<\/strong>, calibr\u00e9 pour une sensibilit\u00e9 exceptionnelle et une pr\u00e9cision multi-touch. De plus, chaque \u00e9cran conserve une utilisation fluide <strong>60Hz<\/strong>, essentiel pour un d\u00e9filement fluide et une exp\u00e9rience utilisateur sans compromis. Nous mettons \u00e9galement l'accent sur une reproduction pr\u00e9cise des couleurs ; nos \u00e9crans sont m\u00e9ticuleusement calibr\u00e9s pour obtenir une excellente <strong>couverture de la gamme de couleurs<\/strong>, garantissant une reproduction des couleurs vibrante et fid\u00e8le \u00e0 la vie qui r\u00e9pond ou d\u00e9passe les sp\u00e9cifications du fabricant d'origine.<\/p>\n<p>Participez avec nous \u00e0 l'approvisionnement en \u00e9crans LG Q51\/Q510 fiables et de haute sp\u00e9cification, con\u00e7us pour une qualit\u00e9 constante et une int\u00e9gration facile dans vos processus de r\u00e9paration ou de remise \u00e0 neuf. B\u00e9n\u00e9ficiez de nos prix comp\u00e9titifs en gros et d'un support B2B d\u00e9di\u00e9.<\/p>","protected":false},"excerpt":{"rendered":"<p>\u00c9crans en gros pour LG Q51\/Q510 avec r\u00e9solution HD+ native, rafra\u00eechissement fluide \u00e0 60Hz et circuits tactiles de pr\u00e9cision. Reproduction des couleurs sup\u00e9rieure.<\/p>","protected":false},"featured_media":33049,"comment_status":"open","ping_status":"closed","template":"","meta":[],"product_brand":[],"product_cat":[363],"product_tag":[1644,1642,1643,846,1645],"class_list":{"0":"post-33138","1":"product","2":"type-product","3":"status-publish","4":"has-post-thumbnail","6":"product_cat-lg","7":"product_tag-lg-k51-screen-replacement","8":"product_tag-lg-q51-screen-wholesale","9":"product_tag-lg-q510-display-bulk","10":"product_tag-mobile-phone-lcd-wholesale","11":"product_tag-oem-grade-phone-screens","13":"first","14":"outofstock","15":"shipping-taxable","16":"product-type-simple"},"_links":{"self":[{"href":"https:\/\/screen-stocks.com\/fr\/wp-json\/wp\/v2\/product\/33138","targetHints":{"allow":["GET"]}}],"collection":[{"href":"https:\/\/screen-stocks.com\/fr\/wp-json\/wp\/v2\/product"}],"about":[{"href":"https:\/\/screen-stocks.com\/fr\/wp-json\/wp\/v2\/types\/product"}],"replies":[{"embeddable":true,"href":"https:\/\/screen-stocks.com\/fr\/wp-json\/wp\/v2\/comments?post=33138"}],"version-history":[{"count":2,"href":"https:\/\/screen-stocks.com\/fr\/wp-json\/wp\/v2\/product\/33138\/revisions"}],"predecessor-version":[{"id":35428,"href":"https:\/\/screen-stocks.com\/fr\/wp-json\/wp\/v2\/product\/33138\/revisions\/35428"}],"wp:featuredmedia":[{"embeddable":true,"href":"https:\/\/screen-stocks.com\/fr\/wp-json\/wp\/v2\/media\/33049"}],"wp:attachment":[{"href":"https:\/\/screen-stocks.com\/fr\/wp-json\/wp\/v2\/media?parent=33138"}],"wp:term":[{"taxonomy":"product_brand","embeddable":true,"href":"https:\/\/screen-stocks.com\/fr\/wp-json\/wp\/v2\/product_brand?post=33138"},{"taxonomy":"product_cat","embeddable":true,"href":"https:\/\/screen-stocks.com\/fr\/wp-json\/wp\/v2\/product_cat?post=33138"},{"taxonomy":"product_tag","embeddable":true,"href":"https:\/\/screen-stocks.com\/fr\/wp-json\/wp\/v2\/product_tag?post=33138"}],"curies":[{"name":"wp","href":"https:\/\/api.w.org\/{rel}","templated":true}]}}