{"id":33150,"date":"2025-09-02T03:53:31","date_gmt":"2025-09-02T03:53:31","guid":{"rendered":"https:\/\/screen-stocks.com\/?post_type=product&#038;p=33150"},"modified":"2025-10-28T05:49:35","modified_gmt":"2025-10-28T05:49:35","slug":"bulk-lg-v50s-g8x-screens-factory-direct-wholesale-parts-distributor","status":"publish","type":"product","link":"https:\/\/screen-stocks.com\/fr\/bulk-lg-v50s-g8x-screens-factory-direct-wholesale-parts-distributor\/","title":{"rendered":"Bulk LG V50S \/ G8X Screens | Factory Direct Wholesale Parts Distributor"},"content":{"rendered":"<p>Nous sommes un des premiers <b>distributeur en gros<\/b> de pi\u00e8ces mobiles, et nous sommes pr\u00e9par\u00e9s pour le B2B. Nous travaillons directement avec les <b>usine<\/b> pour l'approvisionnement et le contr\u00f4le qualit\u00e9 de ces assemblages OLED de haute qualit\u00e9. En tant que <b>fabricant<\/b>-Partenaire de haut niveau, nous fournissons <b>en vrac<\/b> les ateliers de r\u00e9paration, les centres de remise \u00e0 neuf et les autres <b>commerce de gros<\/b> aux \u00c9tats-Unis et dans l'Union europ\u00e9enne.<\/p>\n<p>Nous connaissons ces pi\u00e8ces. Cet assemblage est enti\u00e8rement compatible avec le V50S ThinQ 5G et le G8X ThinQ.<\/p>\n<p><b>Pourquoi nous confier vos pi\u00e8ces LG ?<\/b><\/p>\n<ul>\n<li><b>Nous connaissons votre activit\u00e9 :<\/b> Nous sommes une <b>commerce de gros<\/b>-uniquement <b>fournisseur<\/b>. Nous ne vous faisons pas concurrence en vendant au public. Nous existons pour fournir \u00e0 votre entreprise de r\u00e9paration des pi\u00e8ces fiables \u00e0 des prix comp\u00e9titifs. <b>en vrac<\/b> la tarification.<\/li>\n<li><b>Qualit\u00e9 directe de l'usine :<\/b> En tant qu'\u00e9l\u00e9ment cl\u00e9 <b>distributeur<\/b> et <b>fabricant<\/b> partenaire, nous appliquons un contr\u00f4le de qualit\u00e9 strict. Chaque \u00e9cran est test\u00e9 avant d'\u00eatre exp\u00e9di\u00e9. Pas de pixels morts, pas de probl\u00e8mes de toucher.<\/li>\n<li><b>Stock r\u00e9el, exp\u00e9dition rapide :<\/b> Nos entrep\u00f4ts des \u00c9tats-Unis et de l'Union europ\u00e9enne disposent de ces \u00e9crans pr\u00eats \u00e0 l'emploi. Lorsque vous commandez un <b>en vrac<\/b> nous l'exp\u00e9dions rapidement pour que votre file d'attente de r\u00e9parations continue de s'allonger.<\/li>\n<\/ul>\n<p>Ne cherchez plus \u00e0 trouver un <b>fournisseur d'usine<\/b>. Vous en avez trouv\u00e9 un.<\/p>\n<p><b>Sp\u00e9cifications des pi\u00e8ces :<\/b><\/p>\n<ul>\n<li><b>Compatibilit\u00e9 :<\/b> LG V50S ThinQ 5G (LM-V510N), LG G8X ThinQ (LM-G850, G850UM, etc.)<\/li>\n<li><b>Type :<\/b> \u00c9cran OLED HDR10 + \u00e9cran tactile Assemblage du num\u00e9riseur<\/li>\n<li><b>\u00c9tat :<\/b> Neuf, qualit\u00e9 OEM<\/li>\n<li><b>QC :<\/b> 100% Test\u00e9<\/li>\n<\/ul>","protected":false},"excerpt":{"rendered":"<p>Grossiste \u00e9crans LG For Lg V50s Thinq 5g pour distributeurs et r\u00e9parateurs US\/EU. Qualit\u00e9 OEM, emballage en vrac et approvisionnement stable pour les gros volumes.<\/p>","protected":false},"featured_media":33081,"comment_status":"open","ping_status":"closed","template":"","meta":[],"product_brand":[],"product_cat":[363],"product_tag":[364,360,356,359],"class_list":{"0":"post-33150","1":"product","2":"type-product","3":"status-publish","4":"has-post-thumbnail","6":"product_cat-lg","7":"product_tag-lg-screens","8":"product_tag-oem-replacement","9":"product_tag-us-eu-distributors","10":"product_tag-wholesale-smartphone-parts","12":"first","13":"outofstock","14":"shipping-taxable","15":"product-type-simple"},"_links":{"self":[{"href":"https:\/\/screen-stocks.com\/fr\/wp-json\/wp\/v2\/product\/33150","targetHints":{"allow":["GET"]}}],"collection":[{"href":"https:\/\/screen-stocks.com\/fr\/wp-json\/wp\/v2\/product"}],"about":[{"href":"https:\/\/screen-stocks.com\/fr\/wp-json\/wp\/v2\/types\/product"}],"replies":[{"embeddable":true,"href":"https:\/\/screen-stocks.com\/fr\/wp-json\/wp\/v2\/comments?post=33150"}],"version-history":[{"count":1,"href":"https:\/\/screen-stocks.com\/fr\/wp-json\/wp\/v2\/product\/33150\/revisions"}],"predecessor-version":[{"id":33787,"href":"https:\/\/screen-stocks.com\/fr\/wp-json\/wp\/v2\/product\/33150\/revisions\/33787"}],"wp:featuredmedia":[{"embeddable":true,"href":"https:\/\/screen-stocks.com\/fr\/wp-json\/wp\/v2\/media\/33081"}],"wp:attachment":[{"href":"https:\/\/screen-stocks.com\/fr\/wp-json\/wp\/v2\/media?parent=33150"}],"wp:term":[{"taxonomy":"product_brand","embeddable":true,"href":"https:\/\/screen-stocks.com\/fr\/wp-json\/wp\/v2\/product_brand?post=33150"},{"taxonomy":"product_cat","embeddable":true,"href":"https:\/\/screen-stocks.com\/fr\/wp-json\/wp\/v2\/product_cat?post=33150"},{"taxonomy":"product_tag","embeddable":true,"href":"https:\/\/screen-stocks.com\/fr\/wp-json\/wp\/v2\/product_tag?post=33150"}],"curies":[{"name":"wp","href":"https:\/\/api.w.org\/{rel}","templated":true}]}}