{"id":33157,"date":"2025-09-02T03:53:31","date_gmt":"2025-09-02T03:53:31","guid":{"rendered":"https:\/\/screen-stocks.com\/?post_type=product&#038;p=33157"},"modified":"2025-11-19T05:54:16","modified_gmt":"2025-11-19T05:54:16","slug":"lg-k40-k12-plus-screen-replacement-x420-wholesale-bulk-supplier","status":"publish","type":"product","link":"https:\/\/screen-stocks.com\/fr\/lg-k40-k12-plus-screen-replacement-x420-wholesale-bulk-supplier\/","title":{"rendered":"Remplacement d'\u00e9cran LG K40 \/ K12 Pl (X420) | Fournisseur en gros en vrac"},"content":{"rendered":"<p>Oui, vous \u00eates au bon endroit. Que votre client l'appelle le <b>LG K40<\/b>, le <b>LG K12 Plus<\/b>ou le <b>LG X4 (2019)<\/b>c'est l'\u00e9cran dont vous avez besoin. Ils utilisent tous le m\u00eame assemblage LM-X420.<\/p>\n<p>Nous savons \u00e0 quel point les pi\u00e8ces LG peuvent \u00eatre d\u00e9routantes. C'est pourquoi les ateliers de r\u00e9paration nous font confiance. Nous ne sommes pas qu'un simple revendeur, nous sommes un partenaire B2B d\u00e9di\u00e9. <b>distributeur en gros<\/b> avec direct <b>fabrication<\/b> des partenariats.<\/p>\n<p>En tant que <b>usine<\/b>-direct <b>fournisseur<\/b>Nous fournissons des stocks stables et des <b>en vrac<\/b> sur les pi\u00e8ces dont votre atelier a besoin tous les jours. Nous sommes sp\u00e9cialis\u00e9s dans <b>commerce de gros<\/b> pour les march\u00e9s des \u00c9tats-Unis et de l'Union europ\u00e9enne, en veillant \u00e0 ce que chaque assemblage d'\u00e9cran LCD soit soumis \u00e0 un contr\u00f4le qualit\u00e9 avant d'\u00eatre exp\u00e9di\u00e9.<\/p>\n<p><b>Pourquoi s'approvisionner en pi\u00e8ces d\u00e9tach\u00e9es K40 aupr\u00e8s de nous ?<\/b><\/p>\n<ul>\n<li><b>Nous obtenons Compatibilit\u00e9 :<\/b><span class=\"citation-1 citation-end-1\"> Cette pi\u00e8ce (LM-X420) est garantie compatible avec le K40, K12 Plus, et X4 (2019).<\/span> Nous vous aidons \u00e0 commander la bonne pi\u00e8ce du premier coup.\n<div class=\"source-inline-chip-container ng-star-inserted\"><\/div>\n<\/li>\n<li><b>V\u00e9ritable fournisseur B2B :<\/b> Nous sommes con\u00e7us pour <b>commerce de gros<\/b>. Nous soutenons votre entreprise avec <b>en vrac<\/b> une tarification adapt\u00e9e \u00e0 vos marges b\u00e9n\u00e9ficiaires.<\/li>\n<li><b>Qualit\u00e9 directe de l'usine :<\/b> En tant qu'acteur de premier plan <b>distributeur<\/b> et <b>fabricant<\/b> En tant que partenaire de l'UE, nous garantissons la fiabilit\u00e9 de nos pi\u00e8ces. Ne soyez plus confront\u00e9 aux taux de d\u00e9fectuosit\u00e9 \u00e9lev\u00e9s des autres fournisseurs.<\/li>\n<li><b>Exp\u00e9dition rapide aux \u00c9tats-Unis et dans l'Union europ\u00e9enne :<\/b> Nous stockons ce que nous vendons. Votre <b>en vrac<\/b> La commande est exp\u00e9di\u00e9e rapidement depuis nos entrep\u00f4ts locaux.<\/li>\n<\/ul>\n<p><b>Sp\u00e9cifications des pi\u00e8ces :<\/b><\/p>\n<ul>\n<li><b>Compatibilit\u00e9 :<\/b> LG K40 (LM-X420, X420N, X420E, etc.), LG K12 Plus, LG X4 (2019)<\/li>\n<li><b>Type :<\/b> 5.7\u2033 IPS LCD + \u00e9cran tactile Assemblage du num\u00e9riseur<\/li>\n<li><b>Qualit\u00e9 :<\/b> Premium Aftermarket \/ A-Grade<\/li>\n<li><b>QC :<\/b> 100% Test\u00e9<\/li>\n<\/ul>","protected":false},"excerpt":{"rendered":"<p>Obtenez des prix de gros sur les \u00e9crans LG K40. Nous sommes le fournisseur en gros pour les pi\u00e8ces du K12 Plus et du X4 2019 (LM-X420). LCD de qualit\u00e9 A pour les ateliers de r\u00e9paration. Exp\u00e9dition rapide US\/EU.<\/p>","protected":false},"featured_media":33093,"comment_status":"open","ping_status":"closed","template":"","meta":[],"product_brand":[],"product_cat":[363],"product_tag":[364,360,356,359],"class_list":{"0":"post-33157","1":"product","2":"type-product","3":"status-publish","4":"has-post-thumbnail","6":"product_cat-lg","7":"product_tag-lg-screens","8":"product_tag-oem-replacement","9":"product_tag-us-eu-distributors","10":"product_tag-wholesale-smartphone-parts","12":"first","13":"outofstock","14":"shipping-taxable","15":"product-type-simple"},"_links":{"self":[{"href":"https:\/\/screen-stocks.com\/fr\/wp-json\/wp\/v2\/product\/33157","targetHints":{"allow":["GET"]}}],"collection":[{"href":"https:\/\/screen-stocks.com\/fr\/wp-json\/wp\/v2\/product"}],"about":[{"href":"https:\/\/screen-stocks.com\/fr\/wp-json\/wp\/v2\/types\/product"}],"replies":[{"embeddable":true,"href":"https:\/\/screen-stocks.com\/fr\/wp-json\/wp\/v2\/comments?post=33157"}],"version-history":[{"count":2,"href":"https:\/\/screen-stocks.com\/fr\/wp-json\/wp\/v2\/product\/33157\/revisions"}],"predecessor-version":[{"id":34200,"href":"https:\/\/screen-stocks.com\/fr\/wp-json\/wp\/v2\/product\/33157\/revisions\/34200"}],"wp:featuredmedia":[{"embeddable":true,"href":"https:\/\/screen-stocks.com\/fr\/wp-json\/wp\/v2\/media\/33093"}],"wp:attachment":[{"href":"https:\/\/screen-stocks.com\/fr\/wp-json\/wp\/v2\/media?parent=33157"}],"wp:term":[{"taxonomy":"product_brand","embeddable":true,"href":"https:\/\/screen-stocks.com\/fr\/wp-json\/wp\/v2\/product_brand?post=33157"},{"taxonomy":"product_cat","embeddable":true,"href":"https:\/\/screen-stocks.com\/fr\/wp-json\/wp\/v2\/product_cat?post=33157"},{"taxonomy":"product_tag","embeddable":true,"href":"https:\/\/screen-stocks.com\/fr\/wp-json\/wp\/v2\/product_tag?post=33157"}],"curies":[{"name":"wp","href":"https:\/\/api.w.org\/{rel}","templated":true}]}}