{"id":33243,"date":"2025-09-02T05:53:10","date_gmt":"2025-09-02T05:53:10","guid":{"rendered":"https:\/\/screen-stocks.com\/?post_type=product&#038;p=33243"},"modified":"2025-11-19T05:54:11","modified_gmt":"2025-11-19T05:54:11","slug":"wholesale-nokia-x6-2018-nokia-6-1-plus-screen-replacement-lcd-display-digitizer-assembly","status":"publish","type":"product","link":"https:\/\/screen-stocks.com\/fr\/wholesale-nokia-x6-2018-nokia-6-1-plus-screen-replacement-lcd-display-digitizer-assembly\/","title":{"rendered":"Remplacement d'\u00e9cran complet Nokia X6 (2018) \/ Nokia 6.1 Pl \u00c9cran LCD et Digitizer Assemblage"},"content":{"rendered":"<p>&nbsp;<\/p>\n<ul>\n<li><b>Compatibilit\u00e9 garantie :<\/b> Con\u00e7ue exclusivement pour le <b>Nokia X6 (2018)<\/b> et sa variante globale, le <b>Nokia 6.1 Plus<\/b> (Mod\u00e8les : TA-1099, TA-1103, TA-1083).<\/li>\n<li><b>Qualit\u00e9 sup\u00e9rieure Assemblage :<\/b> Chaque unit\u00e9 comprend l'\u00e9cran LCD, le num\u00e9riseur de l'\u00e9cran tactile et la vitre avant, pr\u00e9-assembl\u00e9s pour une installation plus simple et plus efficace.<\/li>\n<li><b>Tests rigoureux de contr\u00f4le de qualit\u00e9 :<\/b> Tous les \u00e9crans font l'objet d'un contr\u00f4le de qualit\u00e9 strict afin de garantir l'absence de pixels morts, un toucher r\u00e9actif et une luminosit\u00e9 d'origine.<\/li>\n<li><b>Focus sur le commerce de gros B2B :<\/b> Nous proposons des prix \u00e9chelonn\u00e9s comp\u00e9titifs pour les commandes en gros. Plus vous achetez, plus vous \u00e9conomisez.<\/li>\n<li><b>Destin\u00e9 aux march\u00e9s des \u00c9tats-Unis et de l'Union europ\u00e9enne :<\/b> Nous comprenons les besoins des entreprises de r\u00e9paration des \u00c9tats-Unis et de l'Union europ\u00e9enne. Nous fournissons une logistique fiable et une assistance sp\u00e9cialis\u00e9e \u00e0 nos partenaires internationaux.<\/li>\n<\/ul>\n<p><b>Pourquoi nous choisir pour vos pi\u00e8ces d\u00e9tach\u00e9es Nokia X6 \/ 6.1 Plus ?<\/b><\/p>\n<ul>\n<li><b>Cha\u00eene d'approvisionnement en vrac :<\/b> Maintenez votre stock gr\u00e2ce \u00e0 notre approvisionnement stable et en vrac de pi\u00e8ces de r\u00e9paration Nokia essentielles.<\/li>\n<li><b>Pour les professionnels de la r\u00e9paration :<\/b> Nous sommes un fournisseur exclusivement B2B, d\u00e9di\u00e9 au soutien de l'industrie de la r\u00e9paration mobile.<\/li>\n<li><b>Durable et fiable :<\/b> R\u00e9duisez les retours des clients avec des pi\u00e8ces de confiance. Nos \u00e9crans sont con\u00e7us pour durer et redonner au t\u00e9l\u00e9phone sa fonctionnalit\u00e9 d'origine.<\/li>\n<\/ul>","protected":false},"excerpt":{"rendered":"<p>Fournisseur en gros fiable d'\u00e9crans de remplacement de haute qualit\u00e9 pour Nokia X6 (2018) \/ Nokia 6.1 Plus. Nous offrons des prix en vrac sur les assemblages d'\u00e9crans LCD et de num\u00e9riseurs de premi\u00e8re qualit\u00e9 pour les clients B2B aux \u00c9tats-Unis et dans l'UE. Exp\u00e9dition rapide pour toutes les pi\u00e8ces de r\u00e9paration.<\/p>","protected":false},"featured_media":33223,"comment_status":"open","ping_status":"closed","template":"","meta":[],"product_brand":[],"product_cat":[367],"product_tag":[368,360,356,359],"class_list":{"0":"post-33243","1":"product","2":"type-product","3":"status-publish","4":"has-post-thumbnail","6":"product_cat-nokia","7":"product_tag-nokia-screens","8":"product_tag-oem-replacement","9":"product_tag-us-eu-distributors","10":"product_tag-wholesale-smartphone-parts","12":"first","13":"outofstock","14":"shipping-taxable","15":"product-type-simple"},"_links":{"self":[{"href":"https:\/\/screen-stocks.com\/fr\/wp-json\/wp\/v2\/product\/33243","targetHints":{"allow":["GET"]}}],"collection":[{"href":"https:\/\/screen-stocks.com\/fr\/wp-json\/wp\/v2\/product"}],"about":[{"href":"https:\/\/screen-stocks.com\/fr\/wp-json\/wp\/v2\/types\/product"}],"replies":[{"embeddable":true,"href":"https:\/\/screen-stocks.com\/fr\/wp-json\/wp\/v2\/comments?post=33243"}],"version-history":[{"count":2,"href":"https:\/\/screen-stocks.com\/fr\/wp-json\/wp\/v2\/product\/33243\/revisions"}],"predecessor-version":[{"id":34187,"href":"https:\/\/screen-stocks.com\/fr\/wp-json\/wp\/v2\/product\/33243\/revisions\/34187"}],"wp:featuredmedia":[{"embeddable":true,"href":"https:\/\/screen-stocks.com\/fr\/wp-json\/wp\/v2\/media\/33223"}],"wp:attachment":[{"href":"https:\/\/screen-stocks.com\/fr\/wp-json\/wp\/v2\/media?parent=33243"}],"wp:term":[{"taxonomy":"product_brand","embeddable":true,"href":"https:\/\/screen-stocks.com\/fr\/wp-json\/wp\/v2\/product_brand?post=33243"},{"taxonomy":"product_cat","embeddable":true,"href":"https:\/\/screen-stocks.com\/fr\/wp-json\/wp\/v2\/product_cat?post=33243"},{"taxonomy":"product_tag","embeddable":true,"href":"https:\/\/screen-stocks.com\/fr\/wp-json\/wp\/v2\/product_tag?post=33243"}],"curies":[{"name":"wp","href":"https:\/\/api.w.org\/{rel}","templated":true}]}}