{"id":33380,"date":"2025-09-02T06:12:50","date_gmt":"2025-09-02T06:12:50","guid":{"rendered":"https:\/\/screen-stocks.com\/?post_type=product&#038;p=33380"},"modified":"2025-10-28T05:46:00","modified_gmt":"2025-10-28T05:46:00","slug":"ipad-air-3-screen-replacement-a2152-a2123-wholesale-bulk-supplier","status":"publish","type":"product","link":"https:\/\/screen-stocks.com\/fr\/ipad-air-3-screen-replacement-a2152-a2123-wholesale-bulk-supplier\/","title":{"rendered":"Ecran de remplacement pour iPad Air 3 (A2152, A2123) | Fournisseur en gros"},"content":{"rendered":"<p>Nous connaissons le secteur de la r\u00e9paration. Un client apporte un iPad Air 3 (mod\u00e8les A2152, A2123, A2153) fissur\u00e9, et vous avez besoin d'un \u00e9cran de remplacement qui vient juste d'\u00eatre r\u00e9par\u00e9. <i>travaux<\/i>. Rien n'est plus pr\u00e9judiciable \u00e0 votre rentabilit\u00e9 que des pi\u00e8ces d\u00e9fectueuses - des pixels morts, des probl\u00e8mes de contact ou des connecteurs qui ne s'adaptent pas.<\/p>\n<p>C'est l\u00e0 que nous intervenons. Nous ne sommes pas un simple revendeur. Nous sommes un <b>fournisseur en gros<\/b> avec des racines profondes dans <b>fabrication<\/b>.<\/p>\n<p>Nous travaillons en partenariat direct avec les <b>usine<\/b> pour s'assurer que chaque assemblage d'\u00e9cran LCD et de num\u00e9riseur que nous vendons est test\u00e9 trois fois avant de quitter l'entrep\u00f4t. Consid\u00e9rez-nous comme votre ligne directe pour un approvisionnement stable d'\u00e9crans de qualit\u00e9 A.<\/p>\n<p><b>Pourquoi s'associer \u00e0 nous ?<\/b><\/p>\n<p>Nous sommes con\u00e7us pour le B2B. Nous parlons en masse et nous comprenons vos besoins.<\/p>\n<ul>\n<li><b>V\u00e9ritable prix de gros :<\/b> Nous sommes sp\u00e9cialis\u00e9s dans <b>commerce de gros<\/b> les commandes. Plus vous achetez, plus le prix est int\u00e9ressant. Nous sommes l\u00e0 pour soutenir votre entreprise, que vous ayez besoin de 50 unit\u00e9s ou de 5 000.<\/li>\n<li><b>Une qualit\u00e9 \u00e0 laquelle vous pouvez faire confiance :<\/b> En tant que premier <b>fournisseur<\/b> et distributeur, nous savons que votre r\u00e9putation d\u00e9pend de nos pi\u00e8ces. Nous garantissons nos \u00e9crans contre les d\u00e9fauts.<\/li>\n<li><b>Exp\u00e9dition rapide aux \u00c9tats-Unis et dans l'UE :<\/b> Nous disposons d'un stock dans des entrep\u00f4ts strat\u00e9giques pour vous fournir les pi\u00e8ces dont vous avez besoin. <i>rapide<\/i>Le syst\u00e8me de gestion de l'information de l'entreprise, qui permet de maintenir la file d'attente des r\u00e9parations et de satisfaire les clients, est un outil efficace.<\/li>\n<\/ul>","protected":false},"excerpt":{"rendered":"<p>Vente en gros d'\u00e9crans iPad air3 pour les distributeurs des Etats-Unis et de l'Union europ\u00e9enne. Qualit\u00e9 OEM, emballage pr\u00eat \u00e0 l'emploi, lots r\u00e9guliers pour les grosses commandes.<\/p>","protected":false},"featured_media":33341,"comment_status":"open","ping_status":"closed","template":"","meta":[],"product_brand":[],"product_cat":[20],"product_tag":[372,360,356,373],"class_list":{"0":"post-33380","1":"product","2":"type-product","3":"status-publish","4":"has-post-thumbnail","6":"product_cat-accessories","7":"product_tag-ipad-screens","8":"product_tag-oem-replacement","9":"product_tag-us-eu-distributors","10":"product_tag-wholesale-tablet-parts","12":"first","13":"outofstock","14":"shipping-taxable","15":"product-type-simple"},"_links":{"self":[{"href":"https:\/\/screen-stocks.com\/fr\/wp-json\/wp\/v2\/product\/33380","targetHints":{"allow":["GET"]}}],"collection":[{"href":"https:\/\/screen-stocks.com\/fr\/wp-json\/wp\/v2\/product"}],"about":[{"href":"https:\/\/screen-stocks.com\/fr\/wp-json\/wp\/v2\/types\/product"}],"replies":[{"embeddable":true,"href":"https:\/\/screen-stocks.com\/fr\/wp-json\/wp\/v2\/comments?post=33380"}],"version-history":[{"count":1,"href":"https:\/\/screen-stocks.com\/fr\/wp-json\/wp\/v2\/product\/33380\/revisions"}],"predecessor-version":[{"id":33786,"href":"https:\/\/screen-stocks.com\/fr\/wp-json\/wp\/v2\/product\/33380\/revisions\/33786"}],"wp:featuredmedia":[{"embeddable":true,"href":"https:\/\/screen-stocks.com\/fr\/wp-json\/wp\/v2\/media\/33341"}],"wp:attachment":[{"href":"https:\/\/screen-stocks.com\/fr\/wp-json\/wp\/v2\/media?parent=33380"}],"wp:term":[{"taxonomy":"product_brand","embeddable":true,"href":"https:\/\/screen-stocks.com\/fr\/wp-json\/wp\/v2\/product_brand?post=33380"},{"taxonomy":"product_cat","embeddable":true,"href":"https:\/\/screen-stocks.com\/fr\/wp-json\/wp\/v2\/product_cat?post=33380"},{"taxonomy":"product_tag","embeddable":true,"href":"https:\/\/screen-stocks.com\/fr\/wp-json\/wp\/v2\/product_tag?post=33380"}],"curies":[{"name":"wp","href":"https:\/\/api.w.org\/{rel}","templated":true}]}}