{"id":34375,"date":"2025-12-01T09:01:09","date_gmt":"2025-12-01T09:01:09","guid":{"rendered":"https:\/\/screen-stocks.com\/"},"modified":"2026-01-16T07:30:23","modified_gmt":"2026-01-16T07:30:23","slug":"factory-direct-iphone-15-pro-max-screen-wholesale-oem-quality","status":"publish","type":"product","link":"https:\/\/screen-stocks.com\/fr\/factory-direct-iphone-15-pro-max-screen-wholesale-oem-quality\/","title":{"rendered":"\u00c9cran iPhone 15 Pro Max en gros direct de l'usine \u2013 Qualit\u00e9 OEM"},"content":{"rendered":"<p>Source <strong>qualit\u00e9 premium<\/strong> \u00e9crans de remplacement pour iPhone 15 Pro Max pour votre entreprise. Notre <strong>Prix Direct Usine<\/strong> approvisionnement vous garantit de recevoir des <strong>OLED<\/strong> affichages, parfaits pour les ateliers de r\u00e9paration professionnels et les distributeurs recherchant des <strong>pi\u00e8ces de qualit\u00e9 OEM<\/strong> garantissant votre <strong>Vente en gros<\/strong> approvisionnement de ces \u00e9crans tr\u00e8s demand\u00e9s.<\/p>\n<p>Chaque \u00e9cran subit des tests rigoureux, garantissant une r\u00e9solution parfaite et une fonctionnalit\u00e9 tactile r\u00e9active, refl\u00e9tant l'exp\u00e9rience originale d'Apple. Profitez de prix comp\u00e9titifs sur <strong>en vrac<\/strong> les commandes et am\u00e9liorez votre service de r\u00e9paration avec des \u00e9crans qui r\u00e9pondent aux sp\u00e9cifications exactes pour l'iPhone 15 Pro Max.<\/p>","protected":false},"excerpt":{"rendered":"<p>\u00c9crans OLED iPhone 15 Pro Max en gros de qualit\u00e9 sup\u00e9rieure. Directement de l'usine, qualit\u00e9 OEM pour les ateliers de r\u00e9paration et les distributeurs. Obtenez des prix comp\u00e9titifs en gros d\u00e8s aujourd'hui !<\/p>","protected":false},"featured_media":34358,"comment_status":"closed","ping_status":"closed","template":"","meta":[],"product_brand":[],"product_cat":[74],"product_tag":[424,422,425,423],"class_list":{"0":"post-34375","1":"product","2":"type-product","3":"status-publish","4":"has-post-thumbnail","6":"product_cat-iphone-screen","7":"product_tag-apple-iphone-15-pro-max-oled","8":"product_tag-iphone-15-pro-max-screen","9":"product_tag-premium-iphone-15-pro-max-parts","10":"product_tag-wholesale-iphone-15-pro-max-display","12":"first","13":"instock","14":"shipping-taxable","15":"product-type-variable"},"_links":{"self":[{"href":"https:\/\/screen-stocks.com\/fr\/wp-json\/wp\/v2\/product\/34375","targetHints":{"allow":["GET"]}}],"collection":[{"href":"https:\/\/screen-stocks.com\/fr\/wp-json\/wp\/v2\/product"}],"about":[{"href":"https:\/\/screen-stocks.com\/fr\/wp-json\/wp\/v2\/types\/product"}],"replies":[{"embeddable":true,"href":"https:\/\/screen-stocks.com\/fr\/wp-json\/wp\/v2\/comments?post=34375"}],"version-history":[{"count":2,"href":"https:\/\/screen-stocks.com\/fr\/wp-json\/wp\/v2\/product\/34375\/revisions"}],"predecessor-version":[{"id":34377,"href":"https:\/\/screen-stocks.com\/fr\/wp-json\/wp\/v2\/product\/34375\/revisions\/34377"}],"wp:featuredmedia":[{"embeddable":true,"href":"https:\/\/screen-stocks.com\/fr\/wp-json\/wp\/v2\/media\/34358"}],"wp:attachment":[{"href":"https:\/\/screen-stocks.com\/fr\/wp-json\/wp\/v2\/media?parent=34375"}],"wp:term":[{"taxonomy":"product_brand","embeddable":true,"href":"https:\/\/screen-stocks.com\/fr\/wp-json\/wp\/v2\/product_brand?post=34375"},{"taxonomy":"product_cat","embeddable":true,"href":"https:\/\/screen-stocks.com\/fr\/wp-json\/wp\/v2\/product_cat?post=34375"},{"taxonomy":"product_tag","embeddable":true,"href":"https:\/\/screen-stocks.com\/fr\/wp-json\/wp\/v2\/product_tag?post=34375"}],"curies":[{"name":"wp","href":"https:\/\/api.w.org\/{rel}","templated":true}]}}