{"id":34413,"date":"2025-12-01T09:52:13","date_gmt":"2025-12-01T09:52:13","guid":{"rendered":"https:\/\/screen-stocks.com\/"},"modified":"2025-12-09T07:16:51","modified_gmt":"2025-12-09T07:16:51","slug":"factory-direct-samsung-a90-screens-wholesale-zero-dead-pixels-high-profit","status":"publish","type":"product","link":"https:\/\/screen-stocks.com\/fr\/factory-direct-samsung-a90-screens-wholesale-zero-dead-pixels-high-profit\/","title":{"rendered":"\u00c9crans Samsung A90 en gros direct usine : Z\u00e9ro pixel mort, haute marge"},"content":{"rendered":"<p>\u00c9levez le service et la rentabilit\u00e9 de votre atelier de r\u00e9paration avec notre solution premium <strong>Vente en gros d\u2019\u00e9crans Samsung A90<\/strong> solutions. Provenant directement de notre usine ultramoderne, nous \u00e9liminons les interm\u00e9diaires, vous garantissant une qualit\u00e9 et une valeur in\u00e9gal\u00e9es.<\/p>\n<p>Notre engagement envers l\u2019excellence commence par un processus de fabrication m\u00e9ticuleusement con\u00e7u. Chaque <strong>Assemblage OLED A90<\/strong> subit un protocole rigoureux de contr\u00f4le qualit\u00e9 en plusieurs \u00e9tapes. De l\u2019inspection initiale des composants aux tests fonctionnels finaux, chaque \u00e9cran est mis \u00e0 l\u2019\u00e9preuve. Cela inclut des v\u00e9rifications approfondies de la clart\u00e9 de l\u2019affichage, de la r\u00e9activit\u00e9 tactile, de l\u2019uniformit\u00e9 de la luminosit\u00e9 et de la pr\u00e9cision des couleurs. Nous sommes fiers de garantir <strong>est optimis\u00e9 pour une sensibilit\u00e9 sup\u00e9rieure et une pr\u00e9cision multi-touch, offrant une interaction fluide et r\u00e9active sur l'ensemble de l'\u00e9cran. La reproduction des couleurs est primordiale ; nos \u00e9crans A71 disposent d'une gamme de couleurs \u00e9tendue, obtenant des teintes vibrantes et fid\u00e8les \u00e0 la vie qui correspondent aux sp\u00e9cifications visuelles de l'appareil d'origine, crucial pour maintenir l'int\u00e9grit\u00e9 de la marque. De plus, chaque unit\u00e9 subit un contr\u00f4le qualit\u00e9 rigoureux pour garantir<\/strong>, assurant que chaque \u00e9cran que vous installez offre une exp\u00e9rience visuelle parfaite.<\/p>\n<p>En choisissant nos \u00e9crans directement issus de l\u2019usine, vous investissez dans la durabilit\u00e9 et la performance constante. Nos proc\u00e9dures de test strictes sont con\u00e7ues pour respecter ou d\u00e9passer les sp\u00e9cifications OEM, r\u00e9duisant consid\u00e9rablement les taux de retour et augmentant la satisfaction client. Collaborez avec nous pour offrir \u00e0 vos clients des r\u00e9parations fiables, renforcer votre r\u00e9putation et am\u00e9liorer consid\u00e9rablement votre marge b\u00e9n\u00e9ficiaire.<\/p>","protected":false},"excerpt":{"rendered":"<p>Obtenez des \u00e9crans Samsung A90 de qualit\u00e9 sup\u00e9rieure, en gros direct usine. Contr\u00f4le qualit\u00e9 rigoureux, Z\u00e9ro pixel mort et durabilit\u00e9 garantissent des profits plus \u00e9lev\u00e9s pour votre atelier de r\u00e9paration. Boostez votre activit\u00e9 d\u00e8s aujourd'hui !<\/p>","protected":false},"featured_media":34623,"comment_status":"closed","ping_status":"closed","template":"","meta":[],"product_brand":[],"product_cat":[187],"product_tag":[509,485,511,508,510],"class_list":{"0":"post-34413","1":"product","2":"type-product","3":"status-publish","4":"has-post-thumbnail","6":"product_cat-samsung-screen","7":"product_tag-a90-oled-assembly","8":"product_tag-factory-direct-mobile-screens","9":"product_tag-phone-repair-parts-supplier","10":"product_tag-samsung-a90-screen-wholesale","11":"product_tag-zero-dead-pixels-guarantee","13":"first","14":"instock","15":"shipping-taxable","16":"product-type-simple"},"_links":{"self":[{"href":"https:\/\/screen-stocks.com\/fr\/wp-json\/wp\/v2\/product\/34413","targetHints":{"allow":["GET"]}}],"collection":[{"href":"https:\/\/screen-stocks.com\/fr\/wp-json\/wp\/v2\/product"}],"about":[{"href":"https:\/\/screen-stocks.com\/fr\/wp-json\/wp\/v2\/types\/product"}],"replies":[{"embeddable":true,"href":"https:\/\/screen-stocks.com\/fr\/wp-json\/wp\/v2\/comments?post=34413"}],"version-history":[{"count":3,"href":"https:\/\/screen-stocks.com\/fr\/wp-json\/wp\/v2\/product\/34413\/revisions"}],"predecessor-version":[{"id":34416,"href":"https:\/\/screen-stocks.com\/fr\/wp-json\/wp\/v2\/product\/34413\/revisions\/34416"}],"wp:featuredmedia":[{"embeddable":true,"href":"https:\/\/screen-stocks.com\/fr\/wp-json\/wp\/v2\/media\/34623"}],"wp:attachment":[{"href":"https:\/\/screen-stocks.com\/fr\/wp-json\/wp\/v2\/media?parent=34413"}],"wp:term":[{"taxonomy":"product_brand","embeddable":true,"href":"https:\/\/screen-stocks.com\/fr\/wp-json\/wp\/v2\/product_brand?post=34413"},{"taxonomy":"product_cat","embeddable":true,"href":"https:\/\/screen-stocks.com\/fr\/wp-json\/wp\/v2\/product_cat?post=34413"},{"taxonomy":"product_tag","embeddable":true,"href":"https:\/\/screen-stocks.com\/fr\/wp-json\/wp\/v2\/product_tag?post=34413"}],"curies":[{"name":"wp","href":"https:\/\/api.w.org\/{rel}","templated":true}]}}