{"id":34432,"date":"2025-12-02T03:28:45","date_gmt":"2025-12-02T03:28:45","guid":{"rendered":"https:\/\/screen-stocks.com\/"},"modified":"2025-12-02T05:44:17","modified_gmt":"2025-12-02T05:44:17","slug":"bulk-note-10-oled-assemblies-maximize-repair-shop-earnings","status":"publish","type":"product","link":"https:\/\/screen-stocks.com\/fr\/bulk-note-10-oled-assemblies-maximize-repair-shop-earnings\/","title":{"rendered":"Assemblages OLED en gros pour Note 10+ : Maximisez les gains de votre atelier de r\u00e9paration"},"content":{"rendered":"<p>Am\u00e9liorez l'efficacit\u00e9 et la rentabilit\u00e9 de votre atelier de r\u00e9paration avec notre gamme premium <strong>Assemblages d'\u00e9cran Samsung Galaxy Note 10+<\/strong>. Sur le march\u00e9 concurrentiel de la r\u00e9paration mobile, chaque minute gagn\u00e9e et chaque client satisfait se traduisent directement par une augmentation du chiffre d'affaires. Nos solutions en gros sont sp\u00e9cialement con\u00e7ues pour optimiser votre flux de travail et votre r\u00e9sultat net.<\/p>\n<p>Nous fournissons des <strong>Assemblages OLED Note 10+<\/strong> qui sont livr\u00e9s avec un <strong>cadre pr\u00e9install\u00e9<\/strong>, garantissant un ajustement parfait et sans couture \u00e0 chaque fois. Cette <strong>ing\u00e9nierie de pr\u00e9cision<\/strong> simplifie consid\u00e9rablement le processus d'installation, permettant \u00e0 vos techniciens de r\u00e9aliser les r\u00e9parations plus rapidement et avec moins de complications. Dites adieu aux transferts de cadre chronophages et aux probl\u00e8mes d'alignement ; nos unit\u00e9s sont pr\u00eates \u00e0 \u00eatre int\u00e9gr\u00e9es imm\u00e9diatement, r\u00e9duisant consid\u00e9rablement votre <strong>temps de main-d'\u0153uvre<\/strong> par r\u00e9paration.<\/p>\n<p>Au-del\u00e0 de la rapidit\u00e9, la qualit\u00e9 est primordiale. Notre <strong>Technologie OLED sans d\u00e9faut<\/strong> offre des couleurs vibrantes et des d\u00e9tails nets, refl\u00e9tant la performance de l'\u00e9cran d'origine. Cette qualit\u00e9 sup\u00e9rieure conduit directement \u00e0 <strong>une satisfaction client accrue<\/strong> et \u00e0 moins de retours sous garantie, renfor\u00e7ant la r\u00e9putation d'excellence de votre atelier. En choisissant nos solutions d'\u00e9cran en gros pour Note 10+, vous n'achetez pas seulement des pi\u00e8ces ; vous investissez dans une op\u00e9ration de r\u00e9paration rationalis\u00e9e et rentable qui ravit les clients et favorise la fid\u00e9lit\u00e9. Assurez votre avantage concurrentiel avec nos <strong>\u00c9crans Samsung Galaxy Note 10+ en gros fiables et de haute qualit\u00e9<\/strong>.<\/p>","protected":false},"excerpt":{"rendered":"<p>Augmentez les profits de votre atelier de r\u00e9paration avec nos assemblages OLED Samsung Galaxy Note 10+ en gros. Profitez d'une installation facile, d'une adaptation parfaite et de clients satisfaits.<\/p>","protected":false},"featured_media":34434,"comment_status":"closed","ping_status":"closed","template":"","meta":[],"product_brand":[],"product_cat":[20],"product_tag":[553,429,552,554,551],"class_list":{"0":"post-34432","1":"product","2":"type-product","3":"status-publish","4":"has-post-thumbnail","6":"product_cat-accessories","7":"product_tag-galaxy-note-10-display-supplier","8":"product_tag-mobile-phone-parts-wholesale","9":"product_tag-note-10-screen-replacement-bulk","10":"product_tag-repair-shop-profit-solutions","11":"product_tag-samsung-note-10-wholesale","13":"first","14":"instock","15":"shipping-taxable","16":"product-type-simple"},"_links":{"self":[{"href":"https:\/\/screen-stocks.com\/fr\/wp-json\/wp\/v2\/product\/34432","targetHints":{"allow":["GET"]}}],"collection":[{"href":"https:\/\/screen-stocks.com\/fr\/wp-json\/wp\/v2\/product"}],"about":[{"href":"https:\/\/screen-stocks.com\/fr\/wp-json\/wp\/v2\/types\/product"}],"replies":[{"embeddable":true,"href":"https:\/\/screen-stocks.com\/fr\/wp-json\/wp\/v2\/comments?post=34432"}],"version-history":[{"count":2,"href":"https:\/\/screen-stocks.com\/fr\/wp-json\/wp\/v2\/product\/34432\/revisions"}],"predecessor-version":[{"id":34435,"href":"https:\/\/screen-stocks.com\/fr\/wp-json\/wp\/v2\/product\/34432\/revisions\/34435"}],"wp:featuredmedia":[{"embeddable":true,"href":"https:\/\/screen-stocks.com\/fr\/wp-json\/wp\/v2\/media\/34434"}],"wp:attachment":[{"href":"https:\/\/screen-stocks.com\/fr\/wp-json\/wp\/v2\/media?parent=34432"}],"wp:term":[{"taxonomy":"product_brand","embeddable":true,"href":"https:\/\/screen-stocks.com\/fr\/wp-json\/wp\/v2\/product_brand?post=34432"},{"taxonomy":"product_cat","embeddable":true,"href":"https:\/\/screen-stocks.com\/fr\/wp-json\/wp\/v2\/product_cat?post=34432"},{"taxonomy":"product_tag","embeddable":true,"href":"https:\/\/screen-stocks.com\/fr\/wp-json\/wp\/v2\/product_tag?post=34432"}],"curies":[{"name":"wp","href":"https:\/\/api.w.org\/{rel}","templated":true}]}}