{"id":34438,"date":"2025-12-02T05:50:00","date_gmt":"2025-12-02T05:50:00","guid":{"rendered":"https:\/\/screen-stocks.com\/"},"modified":"2026-01-01T13:07:16","modified_gmt":"2026-01-01T13:07:16","slug":"premium-note-20-ultra-screen-wholesale-unrivaled-technical-performance","status":"publish","type":"product","link":"https:\/\/screen-stocks.com\/fr\/premium-note-20-ultra-screen-wholesale-unrivaled-technical-performance\/","title":{"rendered":"\u00c9cran Note 20 Ultra de qualit\u00e9 sup\u00e9rieure en gros : Performance technique in\u00e9gal\u00e9e"},"content":{"rendered":"<p>En tant que partenaire de gros de confiance, nous pr\u00e9sentons fi\u00e8rement notre inventaire premium de <strong>Assemblages d'\u00e9cran Samsung Galaxy Note 20 Ultra<\/strong>, con\u00e7us pour r\u00e9pondre aux exigences strictes des professionnels de la r\u00e9paration et de la r\u00e9novation B2B. Notre objectif est de fournir une fid\u00e9lit\u00e9 technique in\u00e9gal\u00e9e, garantissant que chaque unit\u00e9 atteint ou d\u00e9passe les normes de performance OEM. Nous proposons des assemblages dot\u00e9s de la technologie reconnue <strong>Dynamic AMOLED 2X<\/strong>, garantissant une exp\u00e9rience visuelle immersive pour les utilisateurs finaux.<\/p>\n<p>Chaque \u00e9cran offre une r\u00e9solution cristalline <strong>WQHD+ (3200\u00d71440 pixels)<\/strong>, pr\u00e9sentant des images avec une clart\u00e9 et un d\u00e9tail exceptionnels. De plus, le <strong>Taux de rafra\u00eechissement adaptatif 120Hz<\/strong> optimise intelligemment la livraison des images, offrant un d\u00e9filement ultra-fluide et une interaction r\u00e9active tout en \u00e9conomisant de l'\u00e9nergie. Pour les professionnels de l'image, nos \u00e9crans offrent une remarquable <strong>Couverture de la gamme de couleurs DCI-P3 100%<\/strong>, compl\u00e9t\u00e9e par la prise en charge HDR10+, garantissant une reproduction des couleurs vibrante et fid\u00e8le \u00e0 la vie, qui se d\u00e9marque.<\/p>\n<p>Au-del\u00e0 de la brillance visuelle, nos \u00e9crans Note 20 Ultra int\u00e8grent un <strong>Circuit tactile (Touch IC) hautement optimis\u00e9 avec une sensibilit\u00e9 et une pr\u00e9cision accrues<\/strong>. Cela se traduit par une r\u00e9ponse tactile \u00e0 tr\u00e8s faible latence, cruciale pour une interaction utilisateur fluide et le gaming. Nous comprenons l'importance de la coh\u00e9rence des composants dans les op\u00e9rations en gros, c'est pourquoi chaque \u00e9cran subit des calibrations multi-points rigoureuses et des tests de contr\u00f4le qualit\u00e9, garantissant une performance et une fiabilit\u00e9 uniformes pour vos commandes en gros. Faites confiance \u00e0 notre partenariat pour des \u00e9crans qui incarnent l'excellence en termes de sp\u00e9cifications techniques.<\/p>","protected":false},"excerpt":{"rendered":"<p>Sourcez des \u00e9crans Note 20 Ultra premium avec des sp\u00e9cifications techniques v\u00e9rifi\u00e9es : r\u00e9solution exceptionnelle, taux de rafra\u00eechissement adaptatifs, sensibilit\u00e9 tactile pr\u00e9cise et gamme de couleurs vibrante pour les commandes en gros.<\/p>","protected":false},"featured_media":34434,"comment_status":"closed","ping_status":"closed","template":"","meta":[],"product_brand":[],"product_cat":[187],"product_tag":[569,568,565,566,567],"class_list":{"0":"post-34438","1":"product","2":"type-product","3":"status-publish","4":"has-post-thumbnail","6":"product_cat-samsung-screen","7":"product_tag-bulk-smartphone-screens","8":"product_tag-note-20-ultra-display-specs","9":"product_tag-note-20-ultra-screen-wholesale","10":"product_tag-samsung-note-20-ultra-oled","11":"product_tag-wholesale-mobile-phone-screens","13":"first","14":"instock","15":"shipping-taxable","16":"product-type-simple"},"_links":{"self":[{"href":"https:\/\/screen-stocks.com\/fr\/wp-json\/wp\/v2\/product\/34438","targetHints":{"allow":["GET"]}}],"collection":[{"href":"https:\/\/screen-stocks.com\/fr\/wp-json\/wp\/v2\/product"}],"about":[{"href":"https:\/\/screen-stocks.com\/fr\/wp-json\/wp\/v2\/types\/product"}],"replies":[{"embeddable":true,"href":"https:\/\/screen-stocks.com\/fr\/wp-json\/wp\/v2\/comments?post=34438"}],"version-history":[{"count":2,"href":"https:\/\/screen-stocks.com\/fr\/wp-json\/wp\/v2\/product\/34438\/revisions"}],"predecessor-version":[{"id":34440,"href":"https:\/\/screen-stocks.com\/fr\/wp-json\/wp\/v2\/product\/34438\/revisions\/34440"}],"wp:featuredmedia":[{"embeddable":true,"href":"https:\/\/screen-stocks.com\/fr\/wp-json\/wp\/v2\/media\/34434"}],"wp:attachment":[{"href":"https:\/\/screen-stocks.com\/fr\/wp-json\/wp\/v2\/media?parent=34438"}],"wp:term":[{"taxonomy":"product_brand","embeddable":true,"href":"https:\/\/screen-stocks.com\/fr\/wp-json\/wp\/v2\/product_brand?post=34438"},{"taxonomy":"product_cat","embeddable":true,"href":"https:\/\/screen-stocks.com\/fr\/wp-json\/wp\/v2\/product_cat?post=34438"},{"taxonomy":"product_tag","embeddable":true,"href":"https:\/\/screen-stocks.com\/fr\/wp-json\/wp\/v2\/product_tag?post=34438"}],"curies":[{"name":"wp","href":"https:\/\/api.w.org\/{rel}","templated":true}]}}