{"id":35007,"date":"2026-01-14T06:22:29","date_gmt":"2026-01-14T06:22:29","guid":{"rendered":"https:\/\/screen-stocks.com\/import-placeholder-for-bty030\/"},"modified":"2026-01-22T08:54:13","modified_gmt":"2026-01-22T08:54:13","slug":"iphone-15-plus-replacement-battery-high-mid-quality","status":"publish","type":"product","link":"https:\/\/screen-stocks.com\/fr\/iphone-15-plus-replacement-battery-high-mid-quality\/","title":{"rendered":"Batterie de remplacement pour iPhone 15 Plus | Haute &amp; Moyenne Qualit\u00e9"},"content":{"rendered":"<p><strong>Batterie de remplacement pour iPhone 15 Plus<\/strong><\/p>\n<p>Con\u00e7u pour iPhone 15 Plus avec une compatibilit\u00e9 excellente et des performances stables.<\/p>\n<ul>\n<li><strong>Deux options de qualit\u00e9 :<\/strong> Moyenne &amp; Haute<\/li>\n<li>Alimentation stable &amp; longue dur\u00e9e de vie<\/li>\n<li>Protection de s\u00e9curit\u00e9 et contr\u00f4le qualit\u00e9 strict<\/li>\n<li>Parfait pour la r\u00e9paration et le remplacement<\/li>\n<\/ul>\n<p>Id\u00e9al pour les ateliers de r\u00e9paration de t\u00e9l\u00e9phones, les grossistes et les projets de remplacement.<\/p>","protected":false},"excerpt":{"rendered":"<p>Batterie de remplacement pour iPhone XS. Choisissez une qualit\u00e9 Moyenne ou Haute pour des performances stables et une puissance durable.<\/p>","protected":false},"featured_media":35255,"comment_status":"open","ping_status":"closed","template":"","meta":[],"product_brand":[],"product_cat":[1340],"product_tag":[],"class_list":{"0":"post-35007","1":"product","2":"type-product","3":"status-publish","4":"has-post-thumbnail","6":"product_cat-iphone-battery","8":"first","9":"instock","10":"shipping-taxable","11":"product-type-variable"},"_links":{"self":[{"href":"https:\/\/screen-stocks.com\/fr\/wp-json\/wp\/v2\/product\/35007","targetHints":{"allow":["GET"]}}],"collection":[{"href":"https:\/\/screen-stocks.com\/fr\/wp-json\/wp\/v2\/product"}],"about":[{"href":"https:\/\/screen-stocks.com\/fr\/wp-json\/wp\/v2\/types\/product"}],"replies":[{"embeddable":true,"href":"https:\/\/screen-stocks.com\/fr\/wp-json\/wp\/v2\/comments?post=35007"}],"version-history":[{"count":2,"href":"https:\/\/screen-stocks.com\/fr\/wp-json\/wp\/v2\/product\/35007\/revisions"}],"predecessor-version":[{"id":35259,"href":"https:\/\/screen-stocks.com\/fr\/wp-json\/wp\/v2\/product\/35007\/revisions\/35259"}],"wp:featuredmedia":[{"embeddable":true,"href":"https:\/\/screen-stocks.com\/fr\/wp-json\/wp\/v2\/media\/35255"}],"wp:attachment":[{"href":"https:\/\/screen-stocks.com\/fr\/wp-json\/wp\/v2\/media?parent=35007"}],"wp:term":[{"taxonomy":"product_brand","embeddable":true,"href":"https:\/\/screen-stocks.com\/fr\/wp-json\/wp\/v2\/product_brand?post=35007"},{"taxonomy":"product_cat","embeddable":true,"href":"https:\/\/screen-stocks.com\/fr\/wp-json\/wp\/v2\/product_cat?post=35007"},{"taxonomy":"product_tag","embeddable":true,"href":"https:\/\/screen-stocks.com\/fr\/wp-json\/wp\/v2\/product_tag?post=35007"}],"curies":[{"name":"wp","href":"https:\/\/api.w.org\/{rel}","templated":true}]}}