{"id":27758,"date":"2025-09-09T02:22:04","date_gmt":"2025-09-09T02:22:04","guid":{"rendered":"https:\/\/screen-stocks.com\/?post_type=product&#038;p=27758"},"modified":"2026-01-17T01:45:41","modified_gmt":"2026-01-17T01:45:41","slug":"wholesale-iphone-5s-screen-replacement-high-quality-lcd-digitizer-assembly","status":"publish","type":"product","link":"https:\/\/screen-stocks.com\/it\/wholesale-iphone-5s-screen-replacement-high-quality-lcd-digitizer-assembly\/","title":{"rendered":"Sostituzione schermo iPhone 5S all'ingrosso | Assemblaggio LCD e Digitizer di alta qualit\u00e0"},"content":{"rendered":"<p><b>Sostituzioni schermo iPhone 5S<\/b> all'ingrosso per negozi di riparazione, distributori e centri di ristrutturazione in tutta Italia e Europa.<\/p>\n<p>Questo \u00e8 un assemblaggio di sostituzione completo, di qualit\u00e0 A+ , che include entrambi i <b>Display LCD di alta qualit\u00e0<\/b> e il <b>Digitizer dello Schermo Touch<\/b>. \u00c8 la soluzione tutto-in-uno ideale per riparare vetro scheggiato, pixel morti o touch non reattivo sull'iPhone 5S.<\/p>\n<p><b>Caratteristiche principali per partner all'ingrosso:<\/b><\/p>\n<ul>\n<li><b>Qualit\u00e0 Premium A+:<\/b> I nostri schermi sono forniti dai migliori produttori e sottoposti a rigorosi controlli di qualit\u00e0 individuali. Garantiamo assenza di pixel morti, luminosit\u00e0 impeccabile e risposta touch perfetta.<\/li>\n<li><b>Compatibilit\u00e0 garantita:<\/b> Compatibile con iPhone 5S 100% (A1453, A1457, A1518, A1528, A1530, A1533).<\/li>\n<li><b>Fornitura Affidabile Italia &amp; UE:<\/b> Manteniamo un inventario stabile di grandi quantit\u00e0 pronto per una spedizione rapida ai nostri clienti B2B in Italia e Europa. Siamo il vostro partner affidabile per la catena di approvvigionamento a lungo termine.<\/li>\n<li><b>Prezzi B2B Competitivi:<\/b> La nostra politica di prezzi all'ingrosso a livelli \u00e8 progettata per massimizzare i tuoi margini di profitto su riparazioni e rivendite.<\/li>\n<li><b>Ridotto tasso di guasto:<\/b> Il nostro processo di test intensivo garantisce un basso tasso di difetti, risparmiando tempo e denaro su resi e manodopera.<\/li>\n<\/ul>\n<p><b>Specifiche Tecniche:<\/b><\/p>\n<ul>\n<li><b>Tipo di prodotto:<\/b> Assemblaggio completo display LCD + Touch Screen Digitizer<\/li>\n<li><b>Modello compatibile:<\/b> Apple iPhone 5S<\/li>\n<li><b>Grado di Qualit\u00e0:<\/b> Qualit\u00e0 A+ \/ Premium aftermarket<\/li>\n<li><b>Controllo Qualit\u00e0:<\/b> 100% Testato Triplo (Touch, Colore, Luminosit\u00e0)<\/li>\n<li><b>MOQ (Quantit\u00e0 Minima d'Ordine):<\/b> [Il tuo MOQ, ad esempio, 10 Unit\u00e0]<\/li>\n<\/ul>\n<p><b>Ordina da un fornitore affidabile:<\/b> Smetti di trattare con qualit\u00e0 incoerente. Collabora con noi per una fornitura affidabile di schermi iPhone 5S di alta qualit\u00e0.<\/p>\n<p><b>Contattaci oggi per un preventivo all'ingrosso o per parlare con un responsabile account in Italia\/UE.<\/b><\/p>","protected":false},"excerpt":{"rendered":"<p>Acquistare all'ingrosso sostituzioni dello schermo di iPhone 5S con LCD + digitalizzatore. Di alta qualit\u00e0, durevoli, facili da installare, perfetti per le officine di riparazione e gli ordini all'ingrosso negli Stati Uniti e in Europa.<\/p>","protected":false},"featured_media":27712,"comment_status":"open","ping_status":"closed","template":"","meta":[],"product_brand":[],"product_cat":[74],"product_tag":[],"class_list":{"0":"post-27758","1":"product","2":"type-product","3":"status-publish","4":"has-post-thumbnail","6":"product_cat-iphone-screen","8":"first","9":"instock","10":"shipping-taxable","11":"product-type-simple"},"_links":{"self":[{"href":"https:\/\/screen-stocks.com\/it\/wp-json\/wp\/v2\/product\/27758","targetHints":{"allow":["GET"]}}],"collection":[{"href":"https:\/\/screen-stocks.com\/it\/wp-json\/wp\/v2\/product"}],"about":[{"href":"https:\/\/screen-stocks.com\/it\/wp-json\/wp\/v2\/types\/product"}],"replies":[{"embeddable":true,"href":"https:\/\/screen-stocks.com\/it\/wp-json\/wp\/v2\/comments?post=27758"}],"version-history":[{"count":3,"href":"https:\/\/screen-stocks.com\/it\/wp-json\/wp\/v2\/product\/27758\/revisions"}],"predecessor-version":[{"id":33991,"href":"https:\/\/screen-stocks.com\/it\/wp-json\/wp\/v2\/product\/27758\/revisions\/33991"}],"wp:featuredmedia":[{"embeddable":true,"href":"https:\/\/screen-stocks.com\/it\/wp-json\/wp\/v2\/media\/27712"}],"wp:attachment":[{"href":"https:\/\/screen-stocks.com\/it\/wp-json\/wp\/v2\/media?parent=27758"}],"wp:term":[{"taxonomy":"product_brand","embeddable":true,"href":"https:\/\/screen-stocks.com\/it\/wp-json\/wp\/v2\/product_brand?post=27758"},{"taxonomy":"product_cat","embeddable":true,"href":"https:\/\/screen-stocks.com\/it\/wp-json\/wp\/v2\/product_cat?post=27758"},{"taxonomy":"product_tag","embeddable":true,"href":"https:\/\/screen-stocks.com\/it\/wp-json\/wp\/v2\/product_tag?post=27758"}],"curies":[{"name":"wp","href":"https:\/\/api.w.org\/{rel}","templated":true}]}}