{"id":29015,"date":"2025-08-29T06:34:01","date_gmt":"2025-08-29T06:34:01","guid":{"rendered":"https:\/\/screen-stocks.com\/?post_type=product&#038;p=29015"},"modified":"2025-11-18T08:50:15","modified_gmt":"2025-11-18T08:50:15","slug":"samsung-samsung-galaxy-j7-screen-replacement-lcd-digitizer-assembly-wholesale","status":"publish","type":"product","link":"https:\/\/screen-stocks.com\/it\/samsung-samsung-galaxy-j7-screen-replacement-lcd-digitizer-assembly-wholesale\/","title":{"rendered":"Sostituzione Schermo Samsung Galaxy J7 | Ricambio LCD Digitizer all'ingrosso"},"content":{"rendered":"<p data-start=\"178\" data-end=\"541\">Ripara il tuo Samsung Galaxy J7 con questo assemblaggio di LCD e digitizer touch di alta qualit\u00e0. Ogni unit\u00e0 \u00e8 completamente testata per luminosit\u00e0, precisione dei colori, pixel morti e prestazioni multi-touch. Progettato per una vestibilit\u00e0 precisa e un'installazione semplice, garantisce funzionalit\u00e0 affidabili e minimi resi \u2014 perfetto per negozi di riparazione, rigeneratori e acquirenti all'ingrosso.<\/p>\n<p data-start=\"543\" data-end=\"561\"><strong data-start=\"543\" data-end=\"559\">Caratteristiche principali<\/strong><\/p>\n<ul data-start=\"562\" data-end=\"856\">\n<li data-start=\"562\" data-end=\"614\">\n<p data-start=\"564\" data-end=\"614\">LCD + digitizer preassemblato per riparazioni pi\u00f9 rapide<\/p>\n<\/li>\n<li data-start=\"615\" data-end=\"666\">\n<p data-start=\"617\" data-end=\"666\">Alta luminosit\u00e0 e colori stabili e realistici<\/p>\n<\/li>\n<li data-start=\"667\" data-end=\"716\">\n<p data-start=\"669\" data-end=\"716\">Touch capacitivo fluido per una risposta accurata<\/p>\n<\/li>\n<li data-start=\"717\" data-end=\"786\">\n<p data-start=\"719\" data-end=\"786\">Connettori puliti per un'installazione sicura e tassi di reso ridotti<\/p>\n<\/li>\n<li data-start=\"787\" data-end=\"856\">\n<p data-start=\"789\" data-end=\"856\">Confezionamento adatto all'ingrosso ideale per grossisti e centri di assistenza<\/p>\n<\/li>\n<\/ul>\n<p data-start=\"858\" data-end=\"877\"><strong data-start=\"858\" data-end=\"875\">Compatibilit\u00e0<\/strong><\/p>\n<ul data-start=\"878\" data-end=\"925\">\n<li data-start=\"878\" data-end=\"925\">\n<p data-start=\"880\" data-end=\"925\">Progettato specificamente per Samsung Galaxy J7<\/p>\n<\/li>\n<\/ul>\n<p data-start=\"927\" data-end=\"952\"><strong data-start=\"927\" data-end=\"950\">Contenuto della confezione<\/strong><\/p>\n<ul data-start=\"953\" data-end=\"1051\">\n<li data-start=\"953\" data-end=\"1014\">\n<p data-start=\"955\" data-end=\"1014\">1\u00d7 Schermo di ricambio Samsung Galaxy J7 (LCD + digitizer)<\/p>\n<\/li>\n<li data-start=\"1015\" data-end=\"1051\">\n<p data-start=\"1017\" data-end=\"1051\">Pellicola adesiva (dove applicabile)<\/p>\n<\/li>\n<\/ul>","protected":false},"excerpt":{"rendered":"<p>Schermo di ricambio di alta qualit\u00e0 per Samsung Galaxy J7. Assemblaggio LCD + digitizer con display luminoso e touch reattivo. Ideale per negozi di riparazione e ordini all'ingrosso in Italia e in Europa.<\/p>","protected":false},"featured_media":28818,"comment_status":"open","ping_status":"closed","template":"","meta":[],"product_brand":[],"product_cat":[187],"product_tag":[77,215,76,78],"class_list":{"0":"post-29015","1":"product","2":"type-product","3":"status-publish","4":"has-post-thumbnail","6":"product_cat-samsung-screen","7":"product_tag-lcd-digitizer","8":"product_tag-samsung-samsung-galaxy-j7","9":"product_tag-screen-replacement","10":"product_tag-wholesale","12":"first","13":"instock","14":"shipping-taxable","15":"product-type-simple"},"_links":{"self":[{"href":"https:\/\/screen-stocks.com\/it\/wp-json\/wp\/v2\/product\/29015","targetHints":{"allow":["GET"]}}],"collection":[{"href":"https:\/\/screen-stocks.com\/it\/wp-json\/wp\/v2\/product"}],"about":[{"href":"https:\/\/screen-stocks.com\/it\/wp-json\/wp\/v2\/types\/product"}],"replies":[{"embeddable":true,"href":"https:\/\/screen-stocks.com\/it\/wp-json\/wp\/v2\/comments?post=29015"}],"version-history":[{"count":2,"href":"https:\/\/screen-stocks.com\/it\/wp-json\/wp\/v2\/product\/29015\/revisions"}],"predecessor-version":[{"id":33963,"href":"https:\/\/screen-stocks.com\/it\/wp-json\/wp\/v2\/product\/29015\/revisions\/33963"}],"wp:featuredmedia":[{"embeddable":true,"href":"https:\/\/screen-stocks.com\/it\/wp-json\/wp\/v2\/media\/28818"}],"wp:attachment":[{"href":"https:\/\/screen-stocks.com\/it\/wp-json\/wp\/v2\/media?parent=29015"}],"wp:term":[{"taxonomy":"product_brand","embeddable":true,"href":"https:\/\/screen-stocks.com\/it\/wp-json\/wp\/v2\/product_brand?post=29015"},{"taxonomy":"product_cat","embeddable":true,"href":"https:\/\/screen-stocks.com\/it\/wp-json\/wp\/v2\/product_cat?post=29015"},{"taxonomy":"product_tag","embeddable":true,"href":"https:\/\/screen-stocks.com\/it\/wp-json\/wp\/v2\/product_tag?post=29015"}],"curies":[{"name":"wp","href":"https:\/\/api.w.org\/{rel}","templated":true}]}}