{"id":33295,"date":"2025-09-02T06:05:14","date_gmt":"2025-09-02T06:05:14","guid":{"rendered":"https:\/\/screen-stocks.com\/?post_type=product&#038;p=33295"},"modified":"2025-11-19T03:35:10","modified_gmt":"2025-11-19T03:35:10","slug":"wholesale-htc-u11-lcd-screen-replacement-bulk-a-grade-display-assembly-supply-for-us-eu","status":"publish","type":"product","link":"https:\/\/screen-stocks.com\/it\/wholesale-htc-u11-lcd-screen-replacement-bulk-a-grade-display-assembly-supply-for-us-eu\/","title":{"rendered":"Sostituzione schermo LCD all'ingrosso HTC U11 | Fornitura di assemblaggi display di qualit\u00e0 A in blocco"},"content":{"rendered":"<p>Assicurare una fornitura affidabile e ad alte prestazioni di schermi di ricambio per il popolare modello HTC U11. I nostri assemblaggi di LCD e Digitizer sono rigorosamente testati per garantire un'integrazione impeccabile e qualit\u00e0 dello schermo, fornendo al tuo servizio di riparazione i pezzi di alta qualit\u00e0 necessari per soddisfare i clienti. Ci concentriamo su una fornitura stabile in grandi quantit\u00e0 per i nostri partner in Italia e in Europa.<\/p>\n<hr \/>\n<p>&nbsp;<\/p>\n<h3><b>Caratteristiche principali e vantaggi B2B:<\/b><\/h3>\n<p>&nbsp;<\/p>\n<ul>\n<li><b>Qualit\u00e0 Garantita (Grado A):<\/b> Gli schermi presentano una riproduzione dei colori vivace e una risposta al tocco precisa, in linea con le specifiche originali. Privii di problemi comuni come ghosting o perdite di retroilluminazione.<\/li>\n<li><b>Montaggio completo:<\/b> Forniti come assemblaggio completo di display LCD e digitizer touch (con opzione di cornice disponibile su richiesta), semplificando il processo di riparazione.<\/li>\n<li><b>Testato QC 100%:<\/b> Ogni unit\u00e0 viene sottoposta a un rigoroso controllo di qualit\u00e0 multipunto prima della spedizione. I test coprono:\n<ul>\n<li>Controllo pixel morti\/spot<\/li>\n<li>Funzionalit\u00e0 touch<\/li>\n<li>Integrit\u00e0 del Cavo Flex<\/li>\n<li>Uniformit\u00e0 di luminosit\u00e0 e colore<\/li>\n<\/ul>\n<\/li>\n<li><b>Stock pronto per la spedizione:<\/b> Ampia capacit\u00e0 di inventario stabile per supportare ordini di grandi volumi con tempi di consegna rapidi.<\/li>\n<li><b>Garanzia focalizzata sul B2B:<\/b> Supportata dal nostro <b>Garanzia all'ingrosso di 12 mesi<\/b> contro difetti di fabbricazione, minimizzando il rischio per la tua attivit\u00e0.<\/li>\n<\/ul>","protected":false},"excerpt":{"rendered":"<p>Sostituzioni all'ingrosso dello schermo LCD HTC U11. Fornitura all'ingrosso di assemblaggi display di qualit\u00e0 A, da 5,5 pollici, testati QC 100%. Fornitore affidabile per negozi di riparazione in Italia. Richiedi subito un preventivo!<\/p>","protected":false},"featured_media":33270,"comment_status":"open","ping_status":"closed","template":"","meta":[],"product_brand":[],"product_cat":[369],"product_tag":[370,360,356,359],"class_list":{"0":"post-33295","1":"product","2":"type-product","3":"status-publish","4":"has-post-thumbnail","6":"product_cat-htc","7":"product_tag-htc-screens","8":"product_tag-oem-replacement","9":"product_tag-us-eu-distributors","10":"product_tag-wholesale-smartphone-parts","12":"first","13":"outofstock","14":"shipping-taxable","15":"product-type-simple"},"_links":{"self":[{"href":"https:\/\/screen-stocks.com\/it\/wp-json\/wp\/v2\/product\/33295","targetHints":{"allow":["GET"]}}],"collection":[{"href":"https:\/\/screen-stocks.com\/it\/wp-json\/wp\/v2\/product"}],"about":[{"href":"https:\/\/screen-stocks.com\/it\/wp-json\/wp\/v2\/types\/product"}],"replies":[{"embeddable":true,"href":"https:\/\/screen-stocks.com\/it\/wp-json\/wp\/v2\/comments?post=33295"}],"version-history":[{"count":2,"href":"https:\/\/screen-stocks.com\/it\/wp-json\/wp\/v2\/product\/33295\/revisions"}],"predecessor-version":[{"id":34011,"href":"https:\/\/screen-stocks.com\/it\/wp-json\/wp\/v2\/product\/33295\/revisions\/34011"}],"wp:featuredmedia":[{"embeddable":true,"href":"https:\/\/screen-stocks.com\/it\/wp-json\/wp\/v2\/media\/33270"}],"wp:attachment":[{"href":"https:\/\/screen-stocks.com\/it\/wp-json\/wp\/v2\/media?parent=33295"}],"wp:term":[{"taxonomy":"product_brand","embeddable":true,"href":"https:\/\/screen-stocks.com\/it\/wp-json\/wp\/v2\/product_brand?post=33295"},{"taxonomy":"product_cat","embeddable":true,"href":"https:\/\/screen-stocks.com\/it\/wp-json\/wp\/v2\/product_cat?post=33295"},{"taxonomy":"product_tag","embeddable":true,"href":"https:\/\/screen-stocks.com\/it\/wp-json\/wp\/v2\/product_tag?post=33295"}],"curies":[{"name":"wp","href":"https:\/\/api.w.org\/{rel}","templated":true}]}}