{"id":7,"date":"2025-08-27T06:25:16","date_gmt":"2025-08-27T06:25:16","guid":{"rendered":"https:\/\/screen-stocks.com\/index.php\/cart\/"},"modified":"2025-09-11T01:16:00","modified_gmt":"2025-09-11T01:16:00","slug":"cart","status":"publish","type":"page","link":"https:\/\/screen-stocks.com\/pt\/cart\/","title":{"rendered":"Carrinho"},"content":{"rendered":"<div data-block-name=\"woocommerce\/cart\" class=\"wp-block-woocommerce-cart alignwide is-loading\">\n<div data-block-name=\"woocommerce\/filled-cart-block\" class=\"wp-block-woocommerce-filled-cart-block\">\n<div data-block-name=\"woocommerce\/cart-items-block\" class=\"wp-block-woocommerce-cart-items-block\">\n<div data-block-name=\"woocommerce\/cart-line-items-block\" class=\"wp-block-woocommerce-cart-line-items-block\"><\/div>\n\n\n\n<div data-block-name=\"woocommerce\/cart-cross-sells-block\" class=\"wp-block-woocommerce-cart-cross-sells-block\">\n<h2 class=\"wp-block-heading has-large-font-size\">Poder\u00e1 estar interessado em\u2026<\/h2>\n\n\n\n<div data-block-name=\"woocommerce\/cart-cross-sells-products-block\" class=\"wp-block-woocommerce-cart-cross-sells-products-block\"><\/div>\n<\/div>\n<\/div>\n\n\n\n<div data-block-name=\"woocommerce\/cart-totals-block\" class=\"wp-block-woocommerce-cart-totals-block\">\n<div data-block-name=\"woocommerce\/cart-order-summary-block\" class=\"wp-block-woocommerce-cart-order-summary-block\">\n<div data-block-name=\"woocommerce\/cart-order-summary-heading-block\" class=\"wp-block-woocommerce-cart-order-summary-heading-block\"><\/div><div data-block-name=\"woocommerce\/cart-order-summary-coupon-form-block\" class=\"wp-block-woocommerce-cart-order-summary-coupon-form-block\"><\/div><div data-block-name=\"woocommerce\/cart-order-summary-totals-block\" class=\"wp-block-woocommerce-cart-order-summary-totals-block\">\n<div data-block-name=\"woocommerce\/cart-order-summary-subtotal-block\" class=\"wp-block-woocommerce-cart-order-summary-subtotal-block\"><\/div>\n<div data-block-name=\"woocommerce\/cart-order-summary-discount-block\" class=\"wp-block-woocommerce-cart-order-summary-discount-block\"><\/div>\n<div data-block-name=\"woocommerce\/cart-order-summary-fee-block\" class=\"wp-block-woocommerce-cart-order-summary-fee-block\"><\/div>\n<div data-block-name=\"woocommerce\/cart-order-summary-shipping-block\" class=\"wp-block-woocommerce-cart-order-summary-shipping-block\"><\/div>\n<div data-block-name=\"woocommerce\/cart-order-summary-taxes-block\" class=\"wp-block-woocommerce-cart-order-summary-taxes-block\"><\/div><\/div>\n<\/div>\n\n\n\n<div data-block-name=\"woocommerce\/cart-express-payment-block\" class=\"wp-block-woocommerce-cart-express-payment-block\"><\/div>\n\n\n\n<div data-block-name=\"woocommerce\/proceed-to-checkout-block\" class=\"wp-block-woocommerce-proceed-to-checkout-block\"><\/div>\n\n\n\n<div data-block-name=\"woocommerce\/cart-accepted-payment-methods-block\" class=\"wp-block-woocommerce-cart-accepted-payment-methods-block\"><\/div>\n<\/div>\n<\/div>\n\n\n\n<div data-block-name=\"woocommerce\/empty-cart-block\" class=\"wp-block-woocommerce-empty-cart-block\">\n<h2 class=\"wp-block-heading has-text-align-center with-empty-cart-icon wc-block-cart__empty-cart__title\">O seu carrinho est\u00e1 atualmente vazio!<\/h2>\n\n\n\n<hr class=\"wp-block-separator has-alpha-channel-opacity is-style-dots\"\/>\n\n\n\n<h2 class=\"wp-block-heading has-text-align-center\">Novidades na loja<\/h2>\n\n\n<div data-block-name=\"woocommerce\/product-new\" data-columns=\"4\" data-rows=\"1\" class=\"wc-block-grid wp-block-product-new wp-block-woocommerce-product-new wc-block-product-new has-4-columns\"><ul class=\"wc-block-grid__products\"><li class=\"wc-block-grid__product\">\n\t\t\t\t<a href=\"https:\/\/screen-stocks.com\/pt\/wholesale-iphone-12-pro-max-replacement-screens-premium-lcd-digitizer-assemblies\/\" class=\"wc-block-grid__product-link\">\n\t\t\t\t\t\n\t\t\t\t\t<div class=\"wc-block-grid__product-image\"><img decoding=\"async\" width=\"430\" height=\"430\" src=\"https:\/\/screen-stocks.com\/wp-content\/uploads\/2025\/08\/iPhone-iPhone-12-Mini-Screen-01-430x430.jpg\" class=\"attachment-woocommerce_thumbnail size-woocommerce_thumbnail\" alt=\"Ecr\u00e3s de substitui\u00e7\u00e3o por atacado para iPhone 12 Pro Max | Conjuntos de LCD + Digitador Premium\" srcset=\"https:\/\/screen-stocks.com\/wp-content\/uploads\/2025\/08\/iPhone-iPhone-12-Mini-Screen-01-430x430.jpg 430w, https:\/\/screen-stocks.com\/wp-content\/uploads\/2025\/08\/iPhone-iPhone-12-Mini-Screen-01-150x150.jpg 150w, https:\/\/screen-stocks.com\/wp-content\/uploads\/2025\/08\/iPhone-iPhone-12-Mini-Screen-01-700x700.jpg 700w, https:\/\/screen-stocks.com\/wp-content\/uploads\/2025\/08\/iPhone-iPhone-12-Mini-Screen-01-300x300.jpg 300w, https:\/\/screen-stocks.com\/wp-content\/uploads\/2025\/08\/iPhone-iPhone-12-Mini-Screen-01-768x768.jpg 768w, https:\/\/screen-stocks.com\/wp-content\/uploads\/2025\/08\/iPhone-iPhone-12-Mini-Screen-01-80x80.jpg 80w, https:\/\/screen-stocks.com\/wp-content\/uploads\/2025\/08\/iPhone-iPhone-12-Mini-Screen-01.jpg 800w\" sizes=\"(max-width: 430px) 100vw, 430px\" \/><\/div>\n\t\t\t\t\t<div class=\"wc-block-grid__product-title\">Ecr\u00e3s de substitui\u00e7\u00e3o por atacado para iPhone 12 Pro Max | Conjuntos de LCD + Digitador Premium<\/div>\n\t\t\t\t<\/a>\n\t\t\t\t<div class=\"wc-block-grid__product-price price\"><a href=\"https:\/\/screen-stocks.com\/pt\/my-account\/\" class=\"login-for-price-text\">S\u00f3 para membros<\/a><\/div>\n\t\t\t\t\n\t\t\t\t<div class=\"wp-block-button wc-block-grid__product-add-to-cart\"><a href=\"https:\/\/screen-stocks.com\/pt\/wholesale-iphone-12-pro-max-replacement-screens-premium-lcd-digitizer-assemblies\/\" aria-label=\"Selecione as op\u00e7\u00f5es para \u201cEcr\u00e3s de substitui\u00e7\u00e3o por atacado para iPhone 12 Pro Max | Conjuntos de LCD + Digitador Premium\u201d\" data-quantity=\"1\" data-product_id=\"35134\" data-product_sku=\"\" data-price=\"21.55\" rel=\"nofollow\" class=\"wp-block-button__link  add_to_cart_button\">Ler mais<\/a><\/div>\n\t\t\t<\/li><li class=\"wc-block-grid__product\">\n\t\t\t\t<a href=\"https:\/\/screen-stocks.com\/pt\/wholesale-iphone-12-replacement-screens-premium-lcd-digitizer-assemblies\/\" class=\"wc-block-grid__product-link\">\n\t\t\t\t\t\n\t\t\t\t\t<div class=\"wc-block-grid__product-image\"><img decoding=\"async\" width=\"430\" height=\"430\" src=\"https:\/\/screen-stocks.com\/wp-content\/uploads\/2025\/08\/iPhone-iPhone-12-Mini-Screen-01-430x430.jpg\" class=\"attachment-woocommerce_thumbnail size-woocommerce_thumbnail\" alt=\"Repara\u00e7\u00f5es de ecr\u00e3s de substitui\u00e7\u00e3o por atacado para iPhone 12\/12 Pro | Conjuntos de LCD + Digitador Premium\" srcset=\"https:\/\/screen-stocks.com\/wp-content\/uploads\/2025\/08\/iPhone-iPhone-12-Mini-Screen-01-430x430.jpg 430w, https:\/\/screen-stocks.com\/wp-content\/uploads\/2025\/08\/iPhone-iPhone-12-Mini-Screen-01-150x150.jpg 150w, https:\/\/screen-stocks.com\/wp-content\/uploads\/2025\/08\/iPhone-iPhone-12-Mini-Screen-01-700x700.jpg 700w, https:\/\/screen-stocks.com\/wp-content\/uploads\/2025\/08\/iPhone-iPhone-12-Mini-Screen-01-300x300.jpg 300w, https:\/\/screen-stocks.com\/wp-content\/uploads\/2025\/08\/iPhone-iPhone-12-Mini-Screen-01-768x768.jpg 768w, https:\/\/screen-stocks.com\/wp-content\/uploads\/2025\/08\/iPhone-iPhone-12-Mini-Screen-01-80x80.jpg 80w, https:\/\/screen-stocks.com\/wp-content\/uploads\/2025\/08\/iPhone-iPhone-12-Mini-Screen-01.jpg 800w\" sizes=\"(max-width: 430px) 100vw, 430px\" \/><\/div>\n\t\t\t\t\t<div class=\"wc-block-grid__product-title\">Repara\u00e7\u00f5es de ecr\u00e3s de substitui\u00e7\u00e3o por atacado para iPhone 12\/12 Pro | Conjuntos de LCD + Digitador Premium<\/div>\n\t\t\t\t<\/a>\n\t\t\t\t<div class=\"wc-block-grid__product-price price\"><a href=\"https:\/\/screen-stocks.com\/pt\/my-account\/\" class=\"login-for-price-text\">S\u00f3 para membros<\/a><\/div>\n\t\t\t\t\n\t\t\t\t<div class=\"wp-block-button wc-block-grid__product-add-to-cart\"><a href=\"https:\/\/screen-stocks.com\/pt\/wholesale-iphone-12-replacement-screens-premium-lcd-digitizer-assemblies\/\" aria-label=\"Selecione as op\u00e7\u00f5es para \u201cEcr\u00e3s de substitui\u00e7\u00e3o por atacado para iPhone 12 Pro Max | Conjuntos de LCD + Digitador Premium\u201d\" data-quantity=\"1\" data-product_id=\"35131\" data-product_sku=\"\" data-price=\"15.22\" rel=\"nofollow\" class=\"wp-block-button__link  add_to_cart_button\">Ler mais<\/a><\/div>\n\t\t\t<\/li><li class=\"wc-block-grid__product\">\n\t\t\t\t<a href=\"https:\/\/screen-stocks.com\/pt\/wholesale-iphone-13-mini-super-retina-xdr-display-data-driven-quality\/\" class=\"wc-block-grid__product-link\">\n\t\t\t\t\t\n\t\t\t\t\t<div class=\"wc-block-grid__product-image\"><img decoding=\"async\" width=\"430\" height=\"430\" src=\"https:\/\/screen-stocks.com\/wp-content\/uploads\/2026\/01\/iPhone13-mini-Battery-1-430x430.png\" class=\"attachment-woocommerce_thumbnail size-woocommerce_thumbnail\" alt=\"Para: Ecr\u00e3 Super Retina XDR iPhone 13 Mini por Grosso | Qualidade Orientada por Dados\" srcset=\"https:\/\/screen-stocks.com\/wp-content\/uploads\/2026\/01\/iPhone13-mini-Battery-1-430x430.png 430w, https:\/\/screen-stocks.com\/wp-content\/uploads\/2026\/01\/iPhone13-mini-Battery-1-300x300.png 300w, https:\/\/screen-stocks.com\/wp-content\/uploads\/2026\/01\/iPhone13-mini-Battery-1-800x800.png 800w, https:\/\/screen-stocks.com\/wp-content\/uploads\/2026\/01\/iPhone13-mini-Battery-1-150x150.png 150w, https:\/\/screen-stocks.com\/wp-content\/uploads\/2026\/01\/iPhone13-mini-Battery-1-768x768.png 768w, https:\/\/screen-stocks.com\/wp-content\/uploads\/2026\/01\/iPhone13-mini-Battery-1-12x12.png 12w, https:\/\/screen-stocks.com\/wp-content\/uploads\/2026\/01\/iPhone13-mini-Battery-1-700x700.png 700w, https:\/\/screen-stocks.com\/wp-content\/uploads\/2026\/01\/iPhone13-mini-Battery-1-80x80.png 80w, https:\/\/screen-stocks.com\/wp-content\/uploads\/2026\/01\/iPhone13-mini-Battery-1.png 1024w\" sizes=\"(max-width: 430px) 100vw, 430px\" \/><\/div>\n\t\t\t\t\t<div class=\"wc-block-grid__product-title\">Para: Ecr\u00e3 Super Retina XDR iPhone 13 Mini por Grosso | Qualidade Orientada por Dados<\/div>\n\t\t\t\t<\/a>\n\t\t\t\t<div class=\"wc-block-grid__product-price price\"><a href=\"https:\/\/screen-stocks.com\/pt\/my-account\/\" class=\"login-for-price-text\">S\u00f3 para membros<\/a><\/div>\n\t\t\t\t\n\t\t\t\t<div class=\"wp-block-button wc-block-grid__product-add-to-cart\"><a href=\"https:\/\/screen-stocks.com\/pt\/wholesale-iphone-13-mini-super-retina-xdr-display-data-driven-quality\/\" aria-label=\"Selecione as op\u00e7\u00f5es para \u201cEcr\u00e3 Super Retina XDR de atacado para iPhone 13 Mini | Qualidade orientada por dados\u201d\" data-quantity=\"1\" data-product_id=\"35050\" data-product_sku=\"\" data-price=\"4.95\" rel=\"nofollow\" class=\"wp-block-button__link  add_to_cart_button\">Ler mais<\/a><\/div>\n\t\t\t<\/li><li class=\"wc-block-grid__product\">\n\t\t\t\t<a href=\"https:\/\/screen-stocks.com\/pt\/iphone-13-replacement-battery-high-mid-quality\/\" class=\"wc-block-grid__product-link\">\n\t\t\t\t\t\n\t\t\t\t\t<div class=\"wc-block-grid__product-image\"><img decoding=\"async\" width=\"430\" height=\"430\" src=\"https:\/\/screen-stocks.com\/wp-content\/uploads\/2026\/01\/iPhone13-Battery-2-430x430.png\" class=\"attachment-woocommerce_thumbnail size-woocommerce_thumbnail\" alt=\"Bateria de Substitui\u00e7\u00e3o para iPhone 13 Atacado | Fornecimento em Grande Quantidade para Oficinas de Repara\u00e7\u00e3o\" srcset=\"https:\/\/screen-stocks.com\/wp-content\/uploads\/2026\/01\/iPhone13-Battery-2-430x430.png 430w, https:\/\/screen-stocks.com\/wp-content\/uploads\/2026\/01\/iPhone13-Battery-2-300x300.png 300w, https:\/\/screen-stocks.com\/wp-content\/uploads\/2026\/01\/iPhone13-Battery-2-800x800.png 800w, https:\/\/screen-stocks.com\/wp-content\/uploads\/2026\/01\/iPhone13-Battery-2-150x150.png 150w, https:\/\/screen-stocks.com\/wp-content\/uploads\/2026\/01\/iPhone13-Battery-2-768x768.png 768w, https:\/\/screen-stocks.com\/wp-content\/uploads\/2026\/01\/iPhone13-Battery-2-12x12.png 12w, https:\/\/screen-stocks.com\/wp-content\/uploads\/2026\/01\/iPhone13-Battery-2-700x700.png 700w, https:\/\/screen-stocks.com\/wp-content\/uploads\/2026\/01\/iPhone13-Battery-2-80x80.png 80w, https:\/\/screen-stocks.com\/wp-content\/uploads\/2026\/01\/iPhone13-Battery-2.png 1024w\" sizes=\"(max-width: 430px) 100vw, 430px\" \/><\/div>\n\t\t\t\t\t<div class=\"wc-block-grid__product-title\">Bateria de Substitui\u00e7\u00e3o para iPhone 13 Atacado | Fornecimento em Grande Quantidade para Oficinas de Repara\u00e7\u00e3o<\/div>\n\t\t\t\t<\/a>\n\t\t\t\t<div class=\"wc-block-grid__product-price price\"><a href=\"https:\/\/screen-stocks.com\/pt\/my-account\/\" class=\"login-for-price-text\">S\u00f3 para membros<\/a><\/div>\n\t\t\t\t\n\t\t\t\t<div class=\"wp-block-button wc-block-grid__product-add-to-cart\"><a href=\"https:\/\/screen-stocks.com\/pt\/iphone-13-replacement-battery-high-mid-quality\/\" aria-label=\"Selecione as op\u00e7\u00f5es para \u201cBateria de Substitui\u00e7\u00e3o para iPhone 13 Atacado | Fornecimento em Grande Quantidade para Oficinas de Repara\u00e7\u00e3o\u201d\" data-quantity=\"1\" data-product_id=\"35049\" data-product_sku=\"\" data-price=\"5.75\" rel=\"nofollow\" class=\"wp-block-button__link  add_to_cart_button\">Ler mais<\/a><\/div>\n\t\t\t<\/li><\/ul><\/div><\/div>\n<\/div>","protected":false},"excerpt":{"rendered":"","protected":false},"author":1,"featured_media":0,"parent":0,"menu_order":0,"comment_status":"closed","ping_status":"closed","template":"","meta":{"footnotes":""},"class_list":["post-7","page","type-page","status-publish","hentry"],"_links":{"self":[{"href":"https:\/\/screen-stocks.com\/pt\/wp-json\/wp\/v2\/pages\/7","targetHints":{"allow":["GET"]}}],"collection":[{"href":"https:\/\/screen-stocks.com\/pt\/wp-json\/wp\/v2\/pages"}],"about":[{"href":"https:\/\/screen-stocks.com\/pt\/wp-json\/wp\/v2\/types\/page"}],"author":[{"embeddable":true,"href":"https:\/\/screen-stocks.com\/pt\/wp-json\/wp\/v2\/users\/1"}],"replies":[{"embeddable":true,"href":"https:\/\/screen-stocks.com\/pt\/wp-json\/wp\/v2\/comments?post=7"}],"version-history":[{"count":1,"href":"https:\/\/screen-stocks.com\/pt\/wp-json\/wp\/v2\/pages\/7\/revisions"}],"predecessor-version":[{"id":33568,"href":"https:\/\/screen-stocks.com\/pt\/wp-json\/wp\/v2\/pages\/7\/revisions\/33568"}],"wp:attachment":[{"href":"https:\/\/screen-stocks.com\/pt\/wp-json\/wp\/v2\/media?parent=7"}],"curies":[{"name":"wp","href":"https:\/\/api.w.org\/{rel}","templated":true}]}}