{"id":27758,"date":"2025-09-09T02:22:04","date_gmt":"2025-09-09T02:22:04","guid":{"rendered":"https:\/\/screen-stocks.com\/?post_type=product&#038;p=27758"},"modified":"2026-01-17T01:45:41","modified_gmt":"2026-01-17T01:45:41","slug":"wholesale-iphone-5s-screen-replacement-high-quality-lcd-digitizer-assembly","status":"publish","type":"product","link":"https:\/\/screen-stocks.com\/pt\/wholesale-iphone-5s-screen-replacement-high-quality-lcd-digitizer-assembly\/","title":{"rendered":"Substitui\u00e7\u00e3o de Tela do iPhone 5S por Atacado | Conjunto de LCD e Digitizador de Alta Qualidade"},"content":{"rendered":"<p><b>Substitui\u00e7\u00f5es de Tela do iPhone 5S<\/b> em grande quantidade para lojas de repara\u00e7\u00e3o, distribuidores e centros de recondicionamento em toda a Europa.<\/p>\n<p>Esta \u00e9 uma montagem de substitui\u00e7\u00e3o completa, de Grau A+, incluindo ambos os <b>Display de LCD de Alta Qualidade<\/b> e o <b>Digitizador de Tela Sens\u00edvel ao Toque<\/b>. \u00c9 a solu\u00e7\u00e3o completa, tudo-em-um, para reparar vidro rachado, pixels mortos ou toque n\u00e3o responsivo no iPhone 5S.<\/p>\n<p><b>Principais Caracter\u00edsticas para Parceiros Atacadistas:<\/b><\/p>\n<ul>\n<li><b>Qualidade Premium A+:<\/b> As nossas telas s\u00e3o provenientes dos melhores fabricantes e passam por testes rigorosos de controlo de qualidade individual. Garantimos zero pixels mortos, brilho perfeito e resposta ao toque impec\u00e1vel.<\/li>\n<li><b>Compatibilidade garantida:<\/b> Compat\u00edvel com o iPhone 5S 100% (A1453, A1457, A1518, A1528, A1530, A1533).<\/li>\n<li><b>Fornecimento Fi\u00e1vel de Portugal e UE:<\/b> Mantemos um invent\u00e1rio est\u00e1vel e em grande quantidade pronto para envio r\u00e1pido aos nossos clientes B2B em toda a Europa. Somos o seu parceiro de cadeia de abastecimento a longo prazo.<\/li>\n<li><b>Pre\u00e7os B2B Competitivos:<\/b> A nossa pol\u00edtica de pre\u00e7os por atacado escalonados foi desenhada para maximizar as suas margens de lucro em repara\u00e7\u00f5es e revenda.<\/li>\n<li><b>Taxa de Falha Reduzida:<\/b> O nosso processo de testes intensivos garante uma baixa taxa de defeitos, poupando tempo e dinheiro em devolu\u00e7\u00f5es e m\u00e3o-de-obra.<\/li>\n<\/ul>\n<p><b>Especifica\u00e7\u00f5es T\u00e9cnicas:<\/b><\/p>\n<ul>\n<li><b>Tipo de Produto:<\/b> Conjunto completo de Display LCD + Digitizador de Tela T\u00e1ctil<\/li>\n<li><b>Modelo Compat\u00edvel:<\/b> Apple iPhone 5S<\/li>\n<li><b>Grau de Qualidade:<\/b> Grau A+ \/ P\u00f3s-venda Premium<\/li>\n<li><b>Controlo de Qualidade:<\/b> 100% Triplo-Testado (Toque, Cor, Brilho)<\/li>\n<li><b>MOQ (Quantidade M\u00ednima de Encomenda):<\/b> [Sua MOQ, por exemplo, 10 Unidades]<\/li>\n<\/ul>\n<p><b>Encomende de um Fornecedor Confi\u00e1vel:<\/b> Pare de lidar com qualidade inconsistente. Fa\u00e7a parceria connosco para um fornecimento fi\u00e1vel de telas premium para iPhone 5S.<\/p>\n<p><b>Contacte-nos hoje para uma cota\u00e7\u00e3o em grande quantidade ou para falar com um gestor de conta de Portugal\/UE.<\/b><\/p>","protected":false},"excerpt":{"rendered":"<p>Comprar por grosso substitui\u00e7\u00f5es do ecr\u00e3 do iPhone 5S com LCD + digitalizador. Alta qualidade, dur\u00e1vel, f\u00e1cil de instalar, perfeito para oficinas de repara\u00e7\u00e3o e encomendas em massa nos EUA e na Europa.<\/p>","protected":false},"featured_media":27712,"comment_status":"open","ping_status":"closed","template":"","meta":[],"product_brand":[],"product_cat":[74],"product_tag":[],"class_list":{"0":"post-27758","1":"product","2":"type-product","3":"status-publish","4":"has-post-thumbnail","6":"product_cat-iphone-screen","8":"first","9":"instock","10":"shipping-taxable","11":"product-type-simple"},"_links":{"self":[{"href":"https:\/\/screen-stocks.com\/pt\/wp-json\/wp\/v2\/product\/27758","targetHints":{"allow":["GET"]}}],"collection":[{"href":"https:\/\/screen-stocks.com\/pt\/wp-json\/wp\/v2\/product"}],"about":[{"href":"https:\/\/screen-stocks.com\/pt\/wp-json\/wp\/v2\/types\/product"}],"replies":[{"embeddable":true,"href":"https:\/\/screen-stocks.com\/pt\/wp-json\/wp\/v2\/comments?post=27758"}],"version-history":[{"count":3,"href":"https:\/\/screen-stocks.com\/pt\/wp-json\/wp\/v2\/product\/27758\/revisions"}],"predecessor-version":[{"id":33991,"href":"https:\/\/screen-stocks.com\/pt\/wp-json\/wp\/v2\/product\/27758\/revisions\/33991"}],"wp:featuredmedia":[{"embeddable":true,"href":"https:\/\/screen-stocks.com\/pt\/wp-json\/wp\/v2\/media\/27712"}],"wp:attachment":[{"href":"https:\/\/screen-stocks.com\/pt\/wp-json\/wp\/v2\/media?parent=27758"}],"wp:term":[{"taxonomy":"product_brand","embeddable":true,"href":"https:\/\/screen-stocks.com\/pt\/wp-json\/wp\/v2\/product_brand?post=27758"},{"taxonomy":"product_cat","embeddable":true,"href":"https:\/\/screen-stocks.com\/pt\/wp-json\/wp\/v2\/product_cat?post=27758"},{"taxonomy":"product_tag","embeddable":true,"href":"https:\/\/screen-stocks.com\/pt\/wp-json\/wp\/v2\/product_tag?post=27758"}],"curies":[{"name":"wp","href":"https:\/\/api.w.org\/{rel}","templated":true}]}}