{"id":27777,"date":"2025-08-27T08:51:35","date_gmt":"2025-08-27T08:51:35","guid":{"rendered":"https:\/\/screen-stocks.com\/?post_type=product&#038;p=27777"},"modified":"2025-12-16T01:54:54","modified_gmt":"2025-12-16T01:54:54","slug":"iphone-5s-screen-replacement-high-quality-lcd-digitizer-wholesale","status":"publish","type":"product","link":"https:\/\/screen-stocks.com\/pt\/iphone-5s-screen-replacement-high-quality-lcd-digitizer-wholesale\/","title":{"rendered":"Substitui\u00e7\u00e3o de Tela do iPhone 5s | Digitizador LCD de Alta Qualidade Atacado"},"content":{"rendered":"<p data-start=\"167\" data-end=\"487\">Substitua telas danificadas do iPhone 5s por este conjunto de LCD e digitizador de alta qualidade, projetado para um ajuste preciso e desempenho suave. Garante visuais claros e sensibilidade ao toque precisa, tornando-se uma solu\u00e7\u00e3o confi\u00e1vel para lojas de repara\u00e7\u00e3o e distribuidores por atacado que procuram fornecimento est\u00e1vel e pre\u00e7os competitivos.<\/p>\n<p data-start=\"489\" data-end=\"507\"><strong data-start=\"489\" data-end=\"505\">Principais Caracter\u00edsticas<\/strong><\/p>\n<ul data-start=\"508\" data-end=\"812\">\n<li data-start=\"508\" data-end=\"544\">\n<p data-start=\"510\" data-end=\"544\">Compat\u00edvel com iPhone 5s (4,0\u2033)<\/p>\n<\/li>\n<li data-start=\"545\" data-end=\"594\">\n<p data-start=\"547\" data-end=\"594\">LCD brilhante com qualidade de imagem n\u00edtida e clara<\/p>\n<\/li>\n<li data-start=\"595\" data-end=\"646\">\n<p data-start=\"597\" data-end=\"646\">Digitizador sens\u00edvel ao toque para opera\u00e7\u00e3o suave<\/p>\n<\/li>\n<li data-start=\"647\" data-end=\"697\">\n<p data-start=\"649\" data-end=\"697\">Estrutura dur\u00e1vel para instala\u00e7\u00e3o f\u00e1cil e segura<\/p>\n<\/li>\n<li data-start=\"698\" data-end=\"753\">\n<p data-start=\"700\" data-end=\"753\">Totalmente testado antes do envio para reduzir taxas de devolu\u00e7\u00e3o<\/p>\n<\/li>\n<li data-start=\"754\" data-end=\"812\">\n<p data-start=\"756\" data-end=\"812\">Ideal para pedidos por atacado e servi\u00e7os profissionais de repara\u00e7\u00e3o<\/p>\n<\/li>\n<\/ul>\n<p data-start=\"814\" data-end=\"974\"><strong data-start=\"814\" data-end=\"830\">Aplica\u00e7\u00f5es<\/strong><br data-start=\"830\" data-end=\"833\" \/>Perfeito para consertar telas rachadas, pixels mortos, problemas de toque e mau funcionamento do display \u2014 restaurando o dispositivo a uma condi\u00e7\u00e3o de funcionamento excelente.<\/p>","protected":false},"excerpt":{"rendered":"<p>Tela de substitui\u00e7\u00e3o premium para iPhone 5S. Conjunto de LCD + digitizador, testado para brilho, precis\u00e3o de cores e sensibilidade ao toque. Ideal para lojas de repara\u00e7\u00e3o e pedidos por atacado em Portugal e em toda a Europa.<\/p>","protected":false},"featured_media":27712,"comment_status":"closed","ping_status":"closed","template":"","meta":[],"product_brand":[],"product_cat":[74],"product_tag":[93,77,76,78],"class_list":{"0":"post-27777","1":"product","2":"type-product","3":"status-publish","4":"has-post-thumbnail","6":"product_cat-iphone-screen","7":"product_tag-iphone-5s","8":"product_tag-lcd-digitizer","9":"product_tag-screen-replacement","10":"product_tag-wholesale","12":"first","13":"instock","14":"shipping-taxable","15":"product-type-simple"},"_links":{"self":[{"href":"https:\/\/screen-stocks.com\/pt\/wp-json\/wp\/v2\/product\/27777","targetHints":{"allow":["GET"]}}],"collection":[{"href":"https:\/\/screen-stocks.com\/pt\/wp-json\/wp\/v2\/product"}],"about":[{"href":"https:\/\/screen-stocks.com\/pt\/wp-json\/wp\/v2\/types\/product"}],"replies":[{"embeddable":true,"href":"https:\/\/screen-stocks.com\/pt\/wp-json\/wp\/v2\/comments?post=27777"}],"version-history":[{"count":1,"href":"https:\/\/screen-stocks.com\/pt\/wp-json\/wp\/v2\/product\/27777\/revisions"}],"predecessor-version":[{"id":33950,"href":"https:\/\/screen-stocks.com\/pt\/wp-json\/wp\/v2\/product\/27777\/revisions\/33950"}],"wp:featuredmedia":[{"embeddable":true,"href":"https:\/\/screen-stocks.com\/pt\/wp-json\/wp\/v2\/media\/27712"}],"wp:attachment":[{"href":"https:\/\/screen-stocks.com\/pt\/wp-json\/wp\/v2\/media?parent=27777"}],"wp:term":[{"taxonomy":"product_brand","embeddable":true,"href":"https:\/\/screen-stocks.com\/pt\/wp-json\/wp\/v2\/product_brand?post=27777"},{"taxonomy":"product_cat","embeddable":true,"href":"https:\/\/screen-stocks.com\/pt\/wp-json\/wp\/v2\/product_cat?post=27777"},{"taxonomy":"product_tag","embeddable":true,"href":"https:\/\/screen-stocks.com\/pt\/wp-json\/wp\/v2\/product_tag?post=27777"}],"curies":[{"name":"wp","href":"https:\/\/api.w.org\/{rel}","templated":true}]}}