{"id":27780,"date":"2025-08-27T08:51:35","date_gmt":"2025-08-27T08:51:35","guid":{"rendered":"https:\/\/screen-stocks.com\/?post_type=product&#038;p=27780"},"modified":"2026-01-01T13:05:37","modified_gmt":"2026-01-01T13:05:37","slug":"iphone-6s-screen-replacement-high-quality-lcd-digitizer-wholesale","status":"publish","type":"product","link":"https:\/\/screen-stocks.com\/pt\/iphone-6s-screen-replacement-high-quality-lcd-digitizer-wholesale\/","title":{"rendered":"Substitui\u00e7\u00e3o de Tela do iPhone 6s | Digitizador LCD de Alta Qualidade Atacado"},"content":{"rendered":"<p data-start=\"161\" data-end=\"511\">Esta substitui\u00e7\u00e3o de ecr\u00e3 do iPhone 6s inclui um LCD de alta qualidade e um conjunto de digitizer preciso, proporcionando um desempenho vibrante do ecr\u00e3 e uma resposta t\u00e1til precisa. Projetado para compatibilidade fi\u00e1vel e instala\u00e7\u00e3o f\u00e1cil, \u00e9 a op\u00e7\u00e3o de venda por grosso ideal para lojas de repara\u00e7\u00e3o, recondicionadores e distribuidores que procuram fornecimento constante e baixas taxas de defeito.<\/p>\n<p data-start=\"513\" data-end=\"531\"><strong data-start=\"513\" data-end=\"529\">Principais Caracter\u00edsticas<\/strong><\/p>\n<ul data-start=\"532\" data-end=\"837\">\n<li data-start=\"532\" data-end=\"568\">\n<p data-start=\"534\" data-end=\"568\">Compat\u00edvel com iPhone 6s (4,7\u2033)<\/p>\n<\/li>\n<li data-start=\"569\" data-end=\"616\">\n<p data-start=\"571\" data-end=\"616\">LCD de alta defini\u00e7\u00e3o com exibi\u00e7\u00e3o de cores reais<\/p>\n<\/li>\n<li data-start=\"617\" data-end=\"672\">\n<p data-start=\"619\" data-end=\"672\">Digitizer de toque suave, r\u00e1pido e altamente responsivo<\/p>\n<\/li>\n<li data-start=\"673\" data-end=\"719\">\n<p data-start=\"675\" data-end=\"719\">Estrutura robusta para ajuste seguro e durabilidade<\/p>\n<\/li>\n<li data-start=\"720\" data-end=\"778\">\n<p data-start=\"722\" data-end=\"778\">Testado em funcionamento antes do envio para garantir qualidade<\/p>\n<\/li>\n<li data-start=\"779\" data-end=\"837\">\n<p data-start=\"781\" data-end=\"837\">Suporta grandes pedidos por grosso a pre\u00e7os competitivos<\/p>\n<\/li>\n<\/ul>\n<p data-start=\"839\" data-end=\"992\"><strong data-start=\"839\" data-end=\"855\">Aplica\u00e7\u00f5es<\/strong><br data-start=\"855\" data-end=\"858\" \/>Substitui\u00e7\u00e3o perfeita para vidro partido, pixels mortos, mau funcionamento do toque ou dano no ecr\u00e3 \u2014 restaurando o dispositivo \u00e0s condi\u00e7\u00f5es de novo.<\/p>","protected":false},"excerpt":{"rendered":"<p>Tela de substitui\u00e7\u00e3o premium para iPhone 6S. Conjunto de LCD + digitizador, testado para brilho, precis\u00e3o de cores e sensibilidade ao toque. Ideal para lojas de repara\u00e7\u00e3o e pedidos por atacado em Portugal e em toda a Europa.<\/p>","protected":false},"featured_media":27737,"comment_status":"closed","ping_status":"closed","template":"","meta":[],"product_brand":[],"product_cat":[74],"product_tag":[96,77,76,78],"class_list":{"0":"post-27780","1":"product","2":"type-product","3":"status-publish","4":"has-post-thumbnail","6":"product_cat-iphone-screen","7":"product_tag-iphone-6s","8":"product_tag-lcd-digitizer","9":"product_tag-screen-replacement","10":"product_tag-wholesale","12":"first","13":"instock","14":"shipping-taxable","15":"product-type-simple"},"_links":{"self":[{"href":"https:\/\/screen-stocks.com\/pt\/wp-json\/wp\/v2\/product\/27780","targetHints":{"allow":["GET"]}}],"collection":[{"href":"https:\/\/screen-stocks.com\/pt\/wp-json\/wp\/v2\/product"}],"about":[{"href":"https:\/\/screen-stocks.com\/pt\/wp-json\/wp\/v2\/types\/product"}],"replies":[{"embeddable":true,"href":"https:\/\/screen-stocks.com\/pt\/wp-json\/wp\/v2\/comments?post=27780"}],"version-history":[{"count":1,"href":"https:\/\/screen-stocks.com\/pt\/wp-json\/wp\/v2\/product\/27780\/revisions"}],"predecessor-version":[{"id":33949,"href":"https:\/\/screen-stocks.com\/pt\/wp-json\/wp\/v2\/product\/27780\/revisions\/33949"}],"wp:featuredmedia":[{"embeddable":true,"href":"https:\/\/screen-stocks.com\/pt\/wp-json\/wp\/v2\/media\/27737"}],"wp:attachment":[{"href":"https:\/\/screen-stocks.com\/pt\/wp-json\/wp\/v2\/media?parent=27780"}],"wp:term":[{"taxonomy":"product_brand","embeddable":true,"href":"https:\/\/screen-stocks.com\/pt\/wp-json\/wp\/v2\/product_brand?post=27780"},{"taxonomy":"product_cat","embeddable":true,"href":"https:\/\/screen-stocks.com\/pt\/wp-json\/wp\/v2\/product_cat?post=27780"},{"taxonomy":"product_tag","embeddable":true,"href":"https:\/\/screen-stocks.com\/pt\/wp-json\/wp\/v2\/product_tag?post=27780"}],"curies":[{"name":"wp","href":"https:\/\/api.w.org\/{rel}","templated":true}]}}