{"id":28614,"date":"2025-08-27T09:47:10","date_gmt":"2025-08-27T09:47:10","guid":{"rendered":"https:\/\/screen-stocks.com\/?post_type=product&#038;p=28614"},"modified":"2026-02-20T05:53:12","modified_gmt":"2026-02-20T05:53:12","slug":"honor-8c-screen-replacement-lcd-digitizer-wholesale-factory-direct-quality","status":"publish","type":"product","link":"https:\/\/screen-stocks.com\/pt\/honor-8c-screen-replacement-lcd-digitizer-wholesale-factory-direct-quality\/","title":{"rendered":"Substitui\u00e7\u00e3o de Tela do Honor 8C LCD &amp; Digitizador Atacado \u2013 Qualidade Direta de F\u00e1brica"},"content":{"rendered":"<p>Eleve o seu neg\u00f3cio de repara\u00e7\u00e3o com o nosso produto premium <strong>Substitui\u00e7\u00e3o de Tela Honor 8C \u2013 Conjunto de LCD e Digitizador (Atacado)<\/strong>. Como fornecedor direto de f\u00e1brica, entendemos que qualidade e fiabilidade s\u00e3o fundamentais para as suas opera\u00e7\u00f5es. O nosso compromisso com a excel\u00eancia come\u00e7a na origem, garantindo que cada unidade cumpra os mais elevados padr\u00f5es da ind\u00fastria.<\/p>\n<p>Implementamos um protocolo rigoroso e de m\u00faltiplas fases <strong>Controlo de Qualidade Direto da F\u00e1brica<\/strong> para cada <strong>Conjunto de LCD e Digitizador Honor 8C<\/strong>. Isto inclui testes rigorosos antes do envio para garantir desempenho superior e durabilidade. O nosso processo de inspe\u00e7\u00e3o abrangente verifica a sensibilidade ao toque, precis\u00e3o das cores, brilho e uniformidade da retroilumina\u00e7\u00e3o. Fundamentalmente, garantimos <strong>Zero Pixels Mortos<\/strong>, proporcionando integridade visual perfeita para cada ecr\u00e3 que recebe. Esta aten\u00e7\u00e3o meticulosa aos detalhes minimiza as taxas de defeitos, poupando tempo e recursos do seu neg\u00f3cio em devolu\u00e7\u00f5es e retrabalhos dispendiosos.<\/p>\n<p>Parceria connosco significa garantir um fornecimento consistente de componentes de alta qualidade, concebidos para uma integra\u00e7\u00e3o perfeita e desempenho fi\u00e1vel a longo prazo. Os nossos ecr\u00e3s s\u00e3o constru\u00eddos para suportar as exig\u00eancias do uso di\u00e1rio, garantindo satisfa\u00e7\u00e3o do cliente e refor\u00e7ando a sua reputa\u00e7\u00e3o por repara\u00e7\u00f5es fi\u00e1veis. Escolha os nossos ecr\u00e3s Honor 8C por atacado para uma garantia de qualidade incompar\u00e1vel, diretamente da f\u00e1brica para o seu invent\u00e1rio.<\/p>","protected":false},"excerpt":{"rendered":"<p>Forne\u00e7a conjuntos de LCD &amp; Digitizador premium do Honor 8C por atacado. Experimente controlo de qualidade direto da f\u00e1brica, testes rigorosos e garantia de pixels mortos zero.<\/p>","protected":false},"featured_media":27848,"comment_status":"open","ping_status":"closed","template":"","meta":[],"product_brand":[],"product_cat":[106],"product_tag":[497,1605,1604,1606,490],"class_list":{"0":"post-28614","1":"product","2":"type-product","3":"status-publish","4":"has-post-thumbnail","6":"product_cat-huawei-screen","7":"product_tag-factory-direct-phone-parts","8":"product_tag-honor-8c-lcd-assembly","9":"product_tag-honor-8c-screen-wholesale","10":"product_tag-mobile-repair-bulk","11":"product_tag-zero-dead-pixel-screens","13":"first","14":"instock","15":"shipping-taxable","16":"product-type-simple"},"_links":{"self":[{"href":"https:\/\/screen-stocks.com\/pt\/wp-json\/wp\/v2\/product\/28614","targetHints":{"allow":["GET"]}}],"collection":[{"href":"https:\/\/screen-stocks.com\/pt\/wp-json\/wp\/v2\/product"}],"about":[{"href":"https:\/\/screen-stocks.com\/pt\/wp-json\/wp\/v2\/types\/product"}],"replies":[{"embeddable":true,"href":"https:\/\/screen-stocks.com\/pt\/wp-json\/wp\/v2\/comments?post=28614"}],"version-history":[{"count":1,"href":"https:\/\/screen-stocks.com\/pt\/wp-json\/wp\/v2\/product\/28614\/revisions"}],"predecessor-version":[{"id":35414,"href":"https:\/\/screen-stocks.com\/pt\/wp-json\/wp\/v2\/product\/28614\/revisions\/35414"}],"wp:featuredmedia":[{"embeddable":true,"href":"https:\/\/screen-stocks.com\/pt\/wp-json\/wp\/v2\/media\/27848"}],"wp:attachment":[{"href":"https:\/\/screen-stocks.com\/pt\/wp-json\/wp\/v2\/media?parent=28614"}],"wp:term":[{"taxonomy":"product_brand","embeddable":true,"href":"https:\/\/screen-stocks.com\/pt\/wp-json\/wp\/v2\/product_brand?post=28614"},{"taxonomy":"product_cat","embeddable":true,"href":"https:\/\/screen-stocks.com\/pt\/wp-json\/wp\/v2\/product_cat?post=28614"},{"taxonomy":"product_tag","embeddable":true,"href":"https:\/\/screen-stocks.com\/pt\/wp-json\/wp\/v2\/product_tag?post=28614"}],"curies":[{"name":"wp","href":"https:\/\/api.w.org\/{rel}","templated":true}]}}