{"id":28624,"date":"2025-08-27T09:47:11","date_gmt":"2025-08-27T09:47:11","guid":{"rendered":"https:\/\/screen-stocks.com\/?post_type=product&#038;p=28624"},"modified":"2025-12-09T09:53:02","modified_gmt":"2025-12-09T09:53:02","slug":"bulk-honor-v9-lcd-digitizer-assembly-strict-qc-zero-dead-pixels","status":"publish","type":"product","link":"https:\/\/screen-stocks.com\/pt\/bulk-honor-v9-lcd-digitizer-assembly-strict-qc-zero-dead-pixels\/","title":{"rendered":"Conjunto de LCD e Digitizador em Massa Honor V9 \u2013 Controlo de Qualidade Rigoroso, Zero Pixels Mortos"},"content":{"rendered":"<p>Como seu parceiro de atacado de confian\u00e7a, apresentamos com orgulho o <strong>Substitui\u00e7\u00e3o de Tela Honor V9 \u2013 Conjunto de LCD e Digitizador<\/strong>, projetado para atender \u00e0s exigentes demandas de servi\u00e7os de repara\u00e7\u00e3o profissionais e revendedores. Nosso compromisso inabal\u00e1vel com a qualidade come\u00e7a com a nossa <strong>Pre\u00e7os Diretos de F\u00e1brica<\/strong> abordagem, dando-nos controlo incompar\u00e1vel sobre cada etapa da produ\u00e7\u00e3o e testes.<\/p>\n<p>Cada tela Honor V9 passa por um procedimento abrangente de <strong>Controlo de Qualidade (CQ)<\/strong> protocolar. Este processo rigoroso inclui inspe\u00e7\u00f5es visuais meticulosas, testes funcionais avan\u00e7ados para sensibilidade ao toque, brilho, precis\u00e3o de cores e, mais criticamente, garantido <strong>Zero Pixels Mortos<\/strong>. Compreendemos que imperfei\u00e7\u00f5es podem prejudicar a sua reputa\u00e7\u00e3o, por isso as nossas telas s\u00e3o submetidas a testes de resist\u00eancia que simulam o uso real, garantindo uma fiabilidade excecional <strong>durabilidade<\/strong> e duradoura.<\/p>\n<p>Ao adquirir diretamente da nossa instala\u00e7\u00e3o de fabrica\u00e7\u00e3o de \u00faltima gera\u00e7\u00e3o, eliminamos intermedi\u00e1rios, permitindo-nos manter padr\u00f5es de qualidade superiores enquanto oferecemos pre\u00e7os de atacado altamente competitivos. Fa\u00e7a parceria connosco para telas de substitui\u00e7\u00e3o Honor V9 que n\u00e3o s\u00f3 restauram os dispositivos \u00e0 sua gl\u00f3ria original, mas tamb\u00e9m constroem a confian\u00e7a do cliente e minimizam devolu\u00e7\u00f5es dispendiosas devido a defeitos. Escolha a excel\u00eancia, escolha a perfei\u00e7\u00e3o testada na f\u00e1brica.<\/p>","protected":false},"excerpt":{"rendered":"<p>Obtenha o conjunto de LCD e Digitizador Honor V9 direto da f\u00e1brica por atacado. Controlo de qualidade rigoroso em v\u00e1rias etapas garante zero pixels mortos e durabilidade superior para repara\u00e7\u00f5es fi\u00e1veis.<\/p>","protected":false},"featured_media":27921,"comment_status":"open","ping_status":"closed","template":"","meta":[],"product_brand":[],"product_cat":[106],"product_tag":[471,614,843,842,490],"class_list":{"0":"post-28624","1":"product","2":"type-product","3":"status-publish","4":"has-post-thumbnail","6":"product_cat-huawei-screen","7":"product_tag-bulk-mobile-screens","8":"product_tag-factory-direct-displays","9":"product_tag-honor-v9-lcd-replacement","10":"product_tag-honor-v9-screen-wholesale","11":"product_tag-zero-dead-pixel-screens","13":"first","14":"instock","15":"shipping-taxable","16":"product-type-simple"},"_links":{"self":[{"href":"https:\/\/screen-stocks.com\/pt\/wp-json\/wp\/v2\/product\/28624","targetHints":{"allow":["GET"]}}],"collection":[{"href":"https:\/\/screen-stocks.com\/pt\/wp-json\/wp\/v2\/product"}],"about":[{"href":"https:\/\/screen-stocks.com\/pt\/wp-json\/wp\/v2\/types\/product"}],"replies":[{"embeddable":true,"href":"https:\/\/screen-stocks.com\/pt\/wp-json\/wp\/v2\/comments?post=28624"}],"version-history":[{"count":1,"href":"https:\/\/screen-stocks.com\/pt\/wp-json\/wp\/v2\/product\/28624\/revisions"}],"predecessor-version":[{"id":34628,"href":"https:\/\/screen-stocks.com\/pt\/wp-json\/wp\/v2\/product\/28624\/revisions\/34628"}],"wp:featuredmedia":[{"embeddable":true,"href":"https:\/\/screen-stocks.com\/pt\/wp-json\/wp\/v2\/media\/27921"}],"wp:attachment":[{"href":"https:\/\/screen-stocks.com\/pt\/wp-json\/wp\/v2\/media?parent=28624"}],"wp:term":[{"taxonomy":"product_brand","embeddable":true,"href":"https:\/\/screen-stocks.com\/pt\/wp-json\/wp\/v2\/product_brand?post=28624"},{"taxonomy":"product_cat","embeddable":true,"href":"https:\/\/screen-stocks.com\/pt\/wp-json\/wp\/v2\/product_cat?post=28624"},{"taxonomy":"product_tag","embeddable":true,"href":"https:\/\/screen-stocks.com\/pt\/wp-json\/wp\/v2\/product_tag?post=28624"}],"curies":[{"name":"wp","href":"https:\/\/api.w.org\/{rel}","templated":true}]}}