{"id":28626,"date":"2025-08-27T09:47:11","date_gmt":"2025-08-27T09:47:11","guid":{"rendered":"https:\/\/screen-stocks.com\/?post_type=product&#038;p=28626"},"modified":"2026-02-06T02:53:21","modified_gmt":"2026-02-06T02:53:21","slug":"huawei-enjoy-10-plus-screen-replacement-factory-direct-wholesale-lcd-assembly","status":"publish","type":"product","link":"https:\/\/screen-stocks.com\/pt\/huawei-enjoy-10-plus-screen-replacement-factory-direct-wholesale-lcd-assembly\/","title":{"rendered":"Substitui\u00e7\u00e3o de Tela do Huawei Enjoy 10 Plus | Conjunto de LCD de F\u00e1brica Atacado"},"content":{"rendered":"<p>Para compradores B2B que procuram qualidade e fiabilidade intransigentes, o nosso <strong>Substitui\u00e7\u00e3o de Tela Huawei Enjoy 10 Plus \u2013 Conjunto de LCD e Digitizador (Venda por grosso)<\/strong> \u00e9 a escolha definitiva. Como f\u00e1brica direta, eliminamos intermedi\u00e1rios, dando-nos controlo incompar\u00e1vel sobre cada fase da produ\u00e7\u00e3o. Este <strong>abordagem direta de f\u00e1brica<\/strong> garante que cada unidade cumpra crit\u00e9rios rigorosos de desempenho e est\u00e9tica, oferecendo consist\u00eancia em que pode confiar para o seu neg\u00f3cio de repara\u00e7\u00f5es ou invent\u00e1rio.<\/p>\n<p>O nosso compromisso com a excel\u00eancia \u00e9 comprovado atrav\u00e9s de processos de, <strong>testes rigorosos em v\u00e1rias fases<\/strong>. Cada tela do Huawei Enjoy 10 Plus passa por verifica\u00e7\u00f5es funcionais abrangentes, incluindo sensibilidade ao toque, precis\u00e3o de cores, uniformidade da retroilumina\u00e7\u00e3o e clareza visual. Apoiamos a nossa garantia de <strong>Zero Pixels Mortos<\/strong> chegada ao cliente, um fator cr\u00edtico para a satisfa\u00e7\u00e3o do cliente e redu\u00e7\u00e3o de devolu\u00e7\u00f5es dispendiosas. Para al\u00e9m da qualidade inicial, estes conjuntos s\u00e3o concebidos para uma performance superior <strong>durabilidade<\/strong>, utilizando materiais robustos projetados para resistir ao uso di\u00e1rio e minimizar futuras necessidades de repara\u00e7\u00e3o.<\/p>\n<p>Invista com confian\u00e7a nas nossas substitui\u00e7\u00f5es de tela Huawei Enjoy 10 Plus por grosso. Ao escolher os nossos produtos diretos de f\u00e1brica, tem acesso a componentes premium apoiados por um controlo de qualidade meticuloso, garantindo que os seus clientes recebam uma experi\u00eancia de visualiza\u00e7\u00e3o perfeita. Fa\u00e7a parceria connosco para um invent\u00e1rio fi\u00e1vel e um valor excecional.<\/p>","protected":false},"excerpt":{"rendered":"<p>Substitui\u00e7\u00f5es de tela Huawei Enjoy 10 Plus por atacado seguras. Conjuntos de LCD e Digitizador testados rigorosamente, diretos da f\u00e1brica, com garantia de zero pixels mortos e durabilidade superior.<\/p>","protected":false},"featured_media":27951,"comment_status":"open","ping_status":"closed","template":"","meta":[],"product_brand":[],"product_cat":[106],"product_tag":[1429,659,1428,541,570],"class_list":{"0":"post-28626","1":"product","2":"type-product","3":"status-publish","4":"has-post-thumbnail","6":"product_cat-huawei-screen","7":"product_tag-enjoy-10-plus-lcd-digitizer","8":"product_tag-factory-direct-display","9":"product_tag-huawei-enjoy-10-plus-screen-replacement","10":"product_tag-wholesale-phone-screens","11":"product_tag-zero-dead-pixel-guarantee","13":"first","14":"instock","15":"shipping-taxable","16":"product-type-simple"},"_links":{"self":[{"href":"https:\/\/screen-stocks.com\/pt\/wp-json\/wp\/v2\/product\/28626","targetHints":{"allow":["GET"]}}],"collection":[{"href":"https:\/\/screen-stocks.com\/pt\/wp-json\/wp\/v2\/product"}],"about":[{"href":"https:\/\/screen-stocks.com\/pt\/wp-json\/wp\/v2\/types\/product"}],"replies":[{"embeddable":true,"href":"https:\/\/screen-stocks.com\/pt\/wp-json\/wp\/v2\/comments?post=28626"}],"version-history":[{"count":3,"href":"https:\/\/screen-stocks.com\/pt\/wp-json\/wp\/v2\/product\/28626\/revisions"}],"predecessor-version":[{"id":35333,"href":"https:\/\/screen-stocks.com\/pt\/wp-json\/wp\/v2\/product\/28626\/revisions\/35333"}],"wp:featuredmedia":[{"embeddable":true,"href":"https:\/\/screen-stocks.com\/pt\/wp-json\/wp\/v2\/media\/27951"}],"wp:attachment":[{"href":"https:\/\/screen-stocks.com\/pt\/wp-json\/wp\/v2\/media?parent=28626"}],"wp:term":[{"taxonomy":"product_brand","embeddable":true,"href":"https:\/\/screen-stocks.com\/pt\/wp-json\/wp\/v2\/product_brand?post=28626"},{"taxonomy":"product_cat","embeddable":true,"href":"https:\/\/screen-stocks.com\/pt\/wp-json\/wp\/v2\/product_cat?post=28626"},{"taxonomy":"product_tag","embeddable":true,"href":"https:\/\/screen-stocks.com\/pt\/wp-json\/wp\/v2\/product_tag?post=28626"}],"curies":[{"name":"wp","href":"https:\/\/api.w.org\/{rel}","templated":true}]}}