{"id":28636,"date":"2025-08-27T09:47:13","date_gmt":"2025-08-27T09:47:13","guid":{"rendered":"https:\/\/screen-stocks.com\/?post_type=product&#038;p=28636"},"modified":"2026-02-08T19:53:04","modified_gmt":"2026-02-08T19:53:04","slug":"huawei-p8-screen-replacement-lcd-digitizer-assembly-wholesale","status":"publish","type":"product","link":"https:\/\/screen-stocks.com\/pt\/huawei-p8-screen-replacement-lcd-digitizer-assembly-wholesale\/","title":{"rendered":"Conjunto de substitui\u00e7\u00e3o de ecr\u00e3 LCD Digitizador para Huawei P8 \u2013 Atacado"},"content":{"rendered":"<p>Eleve as suas ofertas de servi\u00e7o com o nosso equipamento de precis\u00e3o <strong>Substitui\u00e7\u00e3o de Tela Huawei P8 Conjunto de LCD e Digitizador<\/strong>, especificamente desenhado para o exigente mercado de atacado. Esta unidade completa garante compatibilidade perfeita e restaura a funcionalidade original do dispositivo com desempenho t\u00e9cnico superior.<\/p>\n<p>As nossas telas de substitui\u00e7\u00e3o apresentam um <strong>IPS LCD<\/strong> com uma resolu\u00e7\u00e3o n\u00edtida de 1080 x 1920 pixels, consistente com as especifica\u00e7\u00f5es OEM, proporcionando uma experi\u00eancia visual imersiva com detalhes e clareza agu\u00e7ados. Calibrada para uma integridade visual \u00f3tima, a tela mant\u00e9m uma taxa de atualiza\u00e7\u00e3o padr\u00e3o de 60Hz, garantindo navega\u00e7\u00e3o suave e reprodu\u00e7\u00e3o de conte\u00fado fluida sem fantasmas ou travamentos. Al\u00e9m disso, a unidade possui uma reprodu\u00e7\u00e3o de cores excecional, testada meticulosamente para alcan\u00e7ar <strong>cobertura do espa\u00e7o de cores sRGB 98%<\/strong>, garantindo tons precisos e vibrantes para todos os meios.<\/p>\n<p>O conjunto de digitizador integrado est\u00e1 equipado com um IC de toque de alta fidelidade, oferecendo uma lat\u00eancia inferior a 20ms e suportando at\u00e9 10 pontos de toque m\u00faltiplo. Isso traduz-se em uma entrada de toque altamente responsiva e precisa, crucial para uma experi\u00eancia de utilizador sem compromissos. Cada conjunto passa por um rigoroso controlo de qualidade para garantir uma integra\u00e7\u00e3o perfeita e um desempenho robusto e duradouro, tornando-o uma escolha ideal para compras em grande quantidade por centros de repara\u00e7\u00e3o profissionais.<\/p>","protected":false},"excerpt":{"rendered":"<p>Substitui\u00e7\u00e3o de ecr\u00e3 Huawei P8 por atacado. Com ecr\u00e3 LCD IPS de 1080p, atualiza\u00e7\u00e3o a 60Hz, cores sRGB 98% e IC de toque de alta sensibilidade para repara\u00e7\u00f5es superiores. Pre\u00e7os por atacado dispon\u00edveis.<\/p>","protected":false},"featured_media":28047,"comment_status":"open","ping_status":"closed","template":"","meta":[],"product_brand":[],"product_cat":[106],"product_tag":[1441,1439,1044,646,1440],"class_list":{"0":"post-28636","1":"product","2":"type-product","3":"status-publish","4":"has-post-thumbnail","6":"product_cat-huawei-screen","7":"product_tag-huawei-p8-digitizer-assembly","8":"product_tag-huawei-p8-screen-wholesale","9":"product_tag-ips-lcd-wholesale","10":"product_tag-mobile-screen-technical-specs","11":"product_tag-p8-lcd-replacement-bulk","13":"first","14":"instock","15":"shipping-taxable","16":"product-type-simple"},"_links":{"self":[{"href":"https:\/\/screen-stocks.com\/pt\/wp-json\/wp\/v2\/product\/28636","targetHints":{"allow":["GET"]}}],"collection":[{"href":"https:\/\/screen-stocks.com\/pt\/wp-json\/wp\/v2\/product"}],"about":[{"href":"https:\/\/screen-stocks.com\/pt\/wp-json\/wp\/v2\/types\/product"}],"replies":[{"embeddable":true,"href":"https:\/\/screen-stocks.com\/pt\/wp-json\/wp\/v2\/comments?post=28636"}],"version-history":[{"count":1,"href":"https:\/\/screen-stocks.com\/pt\/wp-json\/wp\/v2\/product\/28636\/revisions"}],"predecessor-version":[{"id":35345,"href":"https:\/\/screen-stocks.com\/pt\/wp-json\/wp\/v2\/product\/28636\/revisions\/35345"}],"wp:featuredmedia":[{"embeddable":true,"href":"https:\/\/screen-stocks.com\/pt\/wp-json\/wp\/v2\/media\/28047"}],"wp:attachment":[{"href":"https:\/\/screen-stocks.com\/pt\/wp-json\/wp\/v2\/media?parent=28636"}],"wp:term":[{"taxonomy":"product_brand","embeddable":true,"href":"https:\/\/screen-stocks.com\/pt\/wp-json\/wp\/v2\/product_brand?post=28636"},{"taxonomy":"product_cat","embeddable":true,"href":"https:\/\/screen-stocks.com\/pt\/wp-json\/wp\/v2\/product_cat?post=28636"},{"taxonomy":"product_tag","embeddable":true,"href":"https:\/\/screen-stocks.com\/pt\/wp-json\/wp\/v2\/product_tag?post=28636"}],"curies":[{"name":"wp","href":"https:\/\/api.w.org\/{rel}","templated":true}]}}