{"id":28637,"date":"2025-08-27T09:47:13","date_gmt":"2025-08-27T09:47:13","guid":{"rendered":"https:\/\/screen-stocks.com\/?post_type=product&#038;p=28637"},"modified":"2026-02-19T02:53:07","modified_gmt":"2026-02-19T02:53:07","slug":"premium-huawei-p9-plus-lcd-digitizer-assembly-wholesale-boost-shop-margins","status":"publish","type":"product","link":"https:\/\/screen-stocks.com\/pt\/premium-huawei-p9-plus-lcd-digitizer-assembly-wholesale-boost-shop-margins\/","title":{"rendered":"Conjunto de Digitizador de LCD Premium Huawei P9 Plus Atacado \u2013 Aumente as Margens da Loja"},"content":{"rendered":"<p>Para oficinas de repara\u00e7\u00e3o de dispositivos m\u00f3veis que visam maximizar a efici\u00eancia e a satisfa\u00e7\u00e3o do cliente, a nossa <strong>Substitui\u00e7\u00e3o de Tela Huawei HUAWEI P9 Pl<\/strong> oferece uma solu\u00e7\u00e3o incompar\u00e1vel. Esta solu\u00e7\u00e3o completa <strong>Conjunto de LCD e Digitizador<\/strong> \u00e9 projetada para uma integra\u00e7\u00e3o perfeita, tornando-se a escolha ideal para neg\u00f3cios focados em servi\u00e7o r\u00e1pido, de alta qualidade e maior rentabilidade.<\/p>\n<p>Cada unidade apresenta uma <strong>ecr\u00e3 pr\u00e9-testado, de alta resolu\u00e7\u00e3o<\/strong> e um digitizador perfeitamente compat\u00edvel, garantindo cores vibrantes e funcionalidade sens\u00edvel ao toque. O que realmente diferencia o nosso produto para o seu neg\u00f3cio \u00e9 o <strong>encaixe de moldura de precis\u00e3o<\/strong>. Este design meticuloso reduz drasticamente o tempo de instala\u00e7\u00e3o, permitindo que os seus t\u00e9cnicos concluam as repara\u00e7\u00f5es mais rapidamente, assumam mais trabalhos diariamente e aumentem significativamente a rentabilidade da sua loja. Menos tempo gasto em instala\u00e7\u00f5es complicadas significa mais receita gerada por hora e poupan\u00e7as substanciais nos custos de m\u00e3o-de-obra.<\/p>\n<p>Ao usar as nossas telas premium P9 Plus, n\u00e3o s\u00f3 poupa tempo valioso de m\u00e3o-de-obra, como tamb\u00e9m garante um desempenho excecional do ecr\u00e3 que encanta os seus utilizadores finais. Menos devolu\u00e7\u00f5es de clientes devido a pe\u00e7as mal ajustadas ou problemas no ecr\u00e3 traduz-se diretamente em maior reten\u00e7\u00e3o de clientes, avalia\u00e7\u00f5es positivas e uma reputa\u00e7\u00e3o excelente. Invista em qualidade e efici\u00eancia operacional com a nossa oferta por atacado, desenhada para elevar os seus servi\u00e7os de repara\u00e7\u00e3o e garantir a sua vantagem competitiva no mercado.<\/p>","protected":false},"excerpt":{"rendered":"<p>Conjunto de LCD e Digitizador Huawei P9 Plus Atacado. Projetado para encaixe perfeito, economizando tempo de repara\u00e7\u00e3o e aumentando a rentabilidade com clientes satisfeitos.<\/p>","protected":false},"featured_media":28061,"comment_status":"open","ping_status":"closed","template":"","meta":[],"product_brand":[],"product_cat":[106],"product_tag":[1584,811,1586,1585,467],"class_list":{"0":"post-28637","1":"product","2":"type-product","3":"status-publish","4":"has-post-thumbnail","6":"product_cat-huawei-screen","7":"product_tag-huawei-p9-plus-screen-wholesale","8":"product_tag-huawei-repair-parts-supplier","9":"product_tag-mobile-phone-screen-wholesale","10":"product_tag-p9-plus-lcd-digitizer-bulk","11":"product_tag-repair-shop-profitability","13":"first","14":"instock","15":"shipping-taxable","16":"product-type-simple"},"_links":{"self":[{"href":"https:\/\/screen-stocks.com\/pt\/wp-json\/wp\/v2\/product\/28637","targetHints":{"allow":["GET"]}}],"collection":[{"href":"https:\/\/screen-stocks.com\/pt\/wp-json\/wp\/v2\/product"}],"about":[{"href":"https:\/\/screen-stocks.com\/pt\/wp-json\/wp\/v2\/types\/product"}],"replies":[{"embeddable":true,"href":"https:\/\/screen-stocks.com\/pt\/wp-json\/wp\/v2\/comments?post=28637"}],"version-history":[{"count":2,"href":"https:\/\/screen-stocks.com\/pt\/wp-json\/wp\/v2\/product\/28637\/revisions"}],"predecessor-version":[{"id":35407,"href":"https:\/\/screen-stocks.com\/pt\/wp-json\/wp\/v2\/product\/28637\/revisions\/35407"}],"wp:featuredmedia":[{"embeddable":true,"href":"https:\/\/screen-stocks.com\/pt\/wp-json\/wp\/v2\/media\/28061"}],"wp:attachment":[{"href":"https:\/\/screen-stocks.com\/pt\/wp-json\/wp\/v2\/media?parent=28637"}],"wp:term":[{"taxonomy":"product_brand","embeddable":true,"href":"https:\/\/screen-stocks.com\/pt\/wp-json\/wp\/v2\/product_brand?post=28637"},{"taxonomy":"product_cat","embeddable":true,"href":"https:\/\/screen-stocks.com\/pt\/wp-json\/wp\/v2\/product_cat?post=28637"},{"taxonomy":"product_tag","embeddable":true,"href":"https:\/\/screen-stocks.com\/pt\/wp-json\/wp\/v2\/product_tag?post=28637"}],"curies":[{"name":"wp","href":"https:\/\/api.w.org\/{rel}","templated":true}]}}