{"id":28646,"date":"2025-08-27T09:47:14","date_gmt":"2025-08-27T09:47:14","guid":{"rendered":"https:\/\/screen-stocks.com\/?post_type=product&#038;p=28646"},"modified":"2026-02-02T02:53:10","modified_gmt":"2026-02-02T02:53:10","slug":"huawei-mate-30-lite-screen-replacement-wholesale-lcd-digitizer-assembly","status":"publish","type":"product","link":"https:\/\/screen-stocks.com\/pt\/huawei-mate-30-lite-screen-replacement-wholesale-lcd-digitizer-assembly\/","title":{"rendered":"Substitui\u00e7\u00e3o de Tela do Huawei Mate 30 Lite Atacado \u2013 Conjunto de LCD e Digitizador"},"content":{"rendered":"<p>Para parceiros B2B que procuram qualidade intransigente e precis\u00e3o t\u00e9cnica, o nosso <strong>Substitui\u00e7\u00e3o de Tela do Huawei Mate 30 Lite \u2013 Conjunto de LCD e Digitizador<\/strong> oferece uma solu\u00e7\u00e3o \u00f3tima. Projetado para cumprir rigorosos padr\u00f5es de desempenho, esta unidade completa garante uma integra\u00e7\u00e3o perfeita e restaura a funcionalidade do dispositivo \u00e0s especifica\u00e7\u00f5es OEM, tornando-se ideal para opera\u00e7\u00f5es de repara\u00e7\u00e3o em grande volume.<\/p>\n<p>O nosso conjunto apresenta um painel de exibi\u00e7\u00e3o com precis\u00e3o de engenharia para corresponder ao do dispositivo original <strong>1080 x 2340 FHD+<\/strong>, oferecendo uma densidade de pixels impressionante de aproximadamente 415 PPI para uma fidelidade visual cristalina. Com uma <strong>60Hz<\/strong>, os utilizadores experimentar\u00e3o uma rolagem fluida e intera\u00e7\u00f5es responsivas na interface, eliminando atrasos visuais comuns em pe\u00e7as de substitui\u00e7\u00e3o inferiores.<\/p>\n<p>O digitizador integrado possui um IC de toque de alta sensibilidade, suportando <strong>entrada multi-toque de 10 pontos com precis\u00e3o<\/strong> em toda a \u00e1rea do ecr\u00e3. Isto garante o reconhecimento preciso de gestos e uma experi\u00eancia de utilizador altamente responsiva. Al\u00e9m disso, o painel alcan\u00e7a uma cobertura robusta do espa\u00e7o de cores <strong>95%+ sRGB<\/strong>, proporcionando uma reprodu\u00e7\u00e3o de cores vibrante e fiel \u00e0 vida, essencial para uma experi\u00eancia de visualiza\u00e7\u00e3o sem compromissos em todos os tipos de m\u00eddia.<\/p>\n<p>Optar pela nossa substitui\u00e7\u00e3o de tela do Huawei Mate 30 Lite por atacado significa um compromisso com a excel\u00eancia t\u00e9cnica e satisfa\u00e7\u00e3o do cliente, apoiado por m\u00e9tricas de desempenho baseadas em dados, concebidas para o mercado de repara\u00e7\u00e3o profissional exigente.<\/p>","protected":false},"excerpt":{"rendered":"<p>Conjunto de LCD e Digitizador do Huawei Mate 30 Lite por atacado. Experimente resolu\u00e7\u00e3o FHD+, taxa de atualiza\u00e7\u00e3o de 60Hz e resposta t\u00e1ctil precisa para repara\u00e7\u00f5es \u00f3ptimas.<\/p>","protected":false},"featured_media":28086,"comment_status":"open","ping_status":"closed","template":"","meta":[],"product_brand":[],"product_cat":[106],"product_tag":[1370,1372,1374,1371,1373],"class_list":{"0":"post-28646","1":"product","2":"type-product","3":"status-publish","4":"has-post-thumbnail","6":"product_cat-huawei-screen","7":"product_tag-huawei-mate-30-lite-screen-wholesale","8":"product_tag-huawei-replacement-screen-supplier","9":"product_tag-lcd-assembly-huawei-mate-30-lite","10":"product_tag-mate-30-lite-lcd-digitizer-bulk","11":"product_tag-phone-screen-parts-b2b","13":"first","14":"instock","15":"shipping-taxable","16":"product-type-simple"},"_links":{"self":[{"href":"https:\/\/screen-stocks.com\/pt\/wp-json\/wp\/v2\/product\/28646","targetHints":{"allow":["GET"]}}],"collection":[{"href":"https:\/\/screen-stocks.com\/pt\/wp-json\/wp\/v2\/product"}],"about":[{"href":"https:\/\/screen-stocks.com\/pt\/wp-json\/wp\/v2\/types\/product"}],"replies":[{"embeddable":true,"href":"https:\/\/screen-stocks.com\/pt\/wp-json\/wp\/v2\/comments?post=28646"}],"version-history":[{"count":1,"href":"https:\/\/screen-stocks.com\/pt\/wp-json\/wp\/v2\/product\/28646\/revisions"}],"predecessor-version":[{"id":35310,"href":"https:\/\/screen-stocks.com\/pt\/wp-json\/wp\/v2\/product\/28646\/revisions\/35310"}],"wp:featuredmedia":[{"embeddable":true,"href":"https:\/\/screen-stocks.com\/pt\/wp-json\/wp\/v2\/media\/28086"}],"wp:attachment":[{"href":"https:\/\/screen-stocks.com\/pt\/wp-json\/wp\/v2\/media?parent=28646"}],"wp:term":[{"taxonomy":"product_brand","embeddable":true,"href":"https:\/\/screen-stocks.com\/pt\/wp-json\/wp\/v2\/product_brand?post=28646"},{"taxonomy":"product_cat","embeddable":true,"href":"https:\/\/screen-stocks.com\/pt\/wp-json\/wp\/v2\/product_cat?post=28646"},{"taxonomy":"product_tag","embeddable":true,"href":"https:\/\/screen-stocks.com\/pt\/wp-json\/wp\/v2\/product_tag?post=28646"}],"curies":[{"name":"wp","href":"https:\/\/api.w.org\/{rel}","templated":true}]}}