{"id":28653,"date":"2025-08-27T09:47:15","date_gmt":"2025-08-27T09:47:15","guid":{"rendered":"https:\/\/screen-stocks.com\/?post_type=product&#038;p=28653"},"modified":"2025-12-17T05:33:48","modified_gmt":"2025-12-17T05:33:48","slug":"bulk-huawei-nova3i-screen-assembly-boost-repair-shop-profitability","status":"publish","type":"product","link":"https:\/\/screen-stocks.com\/pt\/bulk-huawei-nova3i-screen-assembly-boost-repair-shop-profitability\/","title":{"rendered":"Conjunto de Ecr\u00e3 em Massa Huawei Nova3i \u2013 Aumente a Rentabilidade da Sua Loja de Repara\u00e7\u00f5es"},"content":{"rendered":"<p>Eleve a efici\u00eancia e rentabilidade da sua loja de repara\u00e7\u00f5es com o nosso produto premium <strong>Substitui\u00e7\u00e3o de Tela Huawei Nova3i \u2013 Conjunto de LCD e Digitizador (Atacado)<\/strong>. Projetado especificamente para t\u00e9cnicos profissionais, esta unidade completa garante um processo de repara\u00e7\u00e3o r\u00e1pido e sem falhas, impactando diretamente os seus lucros.<\/p>\n<p>As nossas telas Nova3i s\u00e3o concebidas para <strong>facilidade de instala\u00e7\u00e3o<\/strong>. Cada unidade vem como um conjunto totalmente montado <strong>Conjunto de LCD e Digitizador<\/strong>, eliminando a necessidade de separar e remontar pe\u00e7as tediosas. Este design pr\u00e9-integrado reduz significativamente o tempo de repara\u00e7\u00e3o, permitindo que os seus t\u00e9cnicos concluam mais trabalhos diariamente e maximizem os lucros. Al\u00e9m disso, voc\u00ea apreciar\u00e1 a <strong>encaixe perfeito do quadro<\/strong> de cada tela. A fabrica\u00e7\u00e3o de precis\u00e3o garante que cada substitui\u00e7\u00e3o se alinhe perfeitamente com o chassis do dispositivo, evitando lacunas, desalinhamentos e poss\u00edveis devolu\u00e7\u00f5es por parte dos clientes devido a repara\u00e7\u00f5es imperfeitas. Esta dedica\u00e7\u00e3o ao ajuste e acabamento economiza tempo valioso de trabalho em ajustes e retrabalhos.<\/p>\n<p>Para al\u00e9m da efici\u00eancia operacional, oferecer uma experi\u00eancia de repara\u00e7\u00e3o superior promove um <strong>satisfa\u00e7\u00e3o do cliente<\/strong>. excecional. As nossas telas Nova3i de alta qualidade restauram a nitidez vibrante do display e a funcionalidade sens\u00edvel ao toque, encantando os seus clientes e incentivando neg\u00f3cios repetidos e refer\u00eancias positivas. Invista nas nossas telas Huawei Nova3i por atacado para melhorar a qualidade do seu servi\u00e7o, reduzir custos gerais e consolidar a sua reputa\u00e7\u00e3o como especialista em repara\u00e7\u00f5es.<\/p>","protected":false},"excerpt":{"rendered":"<p>Maximize o lucro da sua loja de repara\u00e7\u00f5es com conjuntos de LCD e Digitizador em massa para Huawei Nova3i. Desfrute de instala\u00e7\u00e3o f\u00e1cil, ajuste perfeito e clientes satisfeitos.<\/p>","protected":false},"featured_media":28254,"comment_status":"open","ping_status":"closed","template":"","meta":[],"product_brand":[],"product_cat":[106],"product_tag":[901,903,522,902,531],"class_list":{"0":"post-28653","1":"product","2":"type-product","3":"status-publish","4":"has-post-thumbnail","6":"product_cat-huawei-screen","7":"product_tag-huawei-nova3i-screen-wholesale","8":"product_tag-huawei-replacement-screen","9":"product_tag-mobile-repair-parts-supplier","10":"product_tag-nova3i-lcd-digitizer-bulk","11":"product_tag-phone-screen-repair-parts","13":"first","14":"instock","15":"shipping-taxable","16":"product-type-simple"},"_links":{"self":[{"href":"https:\/\/screen-stocks.com\/pt\/wp-json\/wp\/v2\/product\/28653","targetHints":{"allow":["GET"]}}],"collection":[{"href":"https:\/\/screen-stocks.com\/pt\/wp-json\/wp\/v2\/product"}],"about":[{"href":"https:\/\/screen-stocks.com\/pt\/wp-json\/wp\/v2\/types\/product"}],"replies":[{"embeddable":true,"href":"https:\/\/screen-stocks.com\/pt\/wp-json\/wp\/v2\/comments?post=28653"}],"version-history":[{"count":1,"href":"https:\/\/screen-stocks.com\/pt\/wp-json\/wp\/v2\/product\/28653\/revisions"}],"predecessor-version":[{"id":34680,"href":"https:\/\/screen-stocks.com\/pt\/wp-json\/wp\/v2\/product\/28653\/revisions\/34680"}],"wp:featuredmedia":[{"embeddable":true,"href":"https:\/\/screen-stocks.com\/pt\/wp-json\/wp\/v2\/media\/28254"}],"wp:attachment":[{"href":"https:\/\/screen-stocks.com\/pt\/wp-json\/wp\/v2\/media?parent=28653"}],"wp:term":[{"taxonomy":"product_brand","embeddable":true,"href":"https:\/\/screen-stocks.com\/pt\/wp-json\/wp\/v2\/product_brand?post=28653"},{"taxonomy":"product_cat","embeddable":true,"href":"https:\/\/screen-stocks.com\/pt\/wp-json\/wp\/v2\/product_cat?post=28653"},{"taxonomy":"product_tag","embeddable":true,"href":"https:\/\/screen-stocks.com\/pt\/wp-json\/wp\/v2\/product_tag?post=28653"}],"curies":[{"name":"wp","href":"https:\/\/api.w.org\/{rel}","templated":true}]}}