{"id":28656,"date":"2025-08-27T09:47:15","date_gmt":"2025-08-27T09:47:15","guid":{"rendered":"https:\/\/screen-stocks.com\/?post_type=product&#038;p=28656"},"modified":"2026-02-09T04:53:11","modified_gmt":"2026-02-09T04:53:11","slug":"huawei-nova-5i-p20-lite-2019-screen-replacement-factory-direct-wholesale-lcd","status":"publish","type":"product","link":"https:\/\/screen-stocks.com\/pt\/huawei-nova-5i-p20-lite-2019-screen-replacement-factory-direct-wholesale-lcd\/","title":{"rendered":"Substitui\u00e7\u00e3o de ecr\u00e3 Huawei nova 5i P20 lite 2019 \u2013 LCD de f\u00e1brica a atacado direto"},"content":{"rendered":"<p>Como um fornecedor grossista l\u00edder, compreendemos que fiabilidade e satisfa\u00e7\u00e3o do cliente s\u00e3o fundamentais para o seu neg\u00f3cio. Apresentamos o nosso produto premium <strong>Huawei nova 5i P20 lite 2019 Substitui\u00e7\u00e3o de Tela \u2013 Conjunto de LCD e Digitizador<\/strong>, meticulosamente concebido para cumprir os mais elevados padr\u00f5es da ind\u00fastria. Quando escolhe as nossas telas, est\u00e1 a investir em <strong>Controlo de Qualidade Direto da F\u00e1brica<\/strong> que elimina suposi\u00e7\u00f5es e garante um desempenho consistente.<\/p>\n<p>O nosso compromisso come\u00e7a com um rigoroso, <strong>Protocolo de Testes em M\u00faltiplas Fases<\/strong>. Cada componente, desde o painel de LCD bruto at\u00e9 ao digitizador integrado, passa por uma inspe\u00e7\u00e3o meticulosa antes da montagem. Ap\u00f3s a produ\u00e7\u00e3o, cada <strong>Conjunto de LCD e Digitizador<\/strong> \u00e9 submetido a testes funcionais abrangentes. Isto inclui verifica\u00e7\u00f5es detalhadas de claridade do ecr\u00e3, precis\u00e3o das cores, resposta ao toque em toda a superf\u00edcie e uniformidade do retroiluminado. Os nossos processos rigorosos s\u00e3o especificamente desenhados para garantir um <strong>Garantia Zero Pixels Mortos<\/strong>, proporcionando aos seus clientes uma experi\u00eancia visual impec\u00e1vel logo ao sair da caixa.<\/p>\n<p>Para al\u00e9m da funcionalidade inicial, priorizamos <strong>Durabilidade Aprimorada<\/strong>. As nossas telas s\u00e3o constru\u00eddas com materiais de alta qualidade e t\u00e9cnicas de fabrico precisas para resistir \u00e0s exig\u00eancias do uso di\u00e1rio, reduzindo taxas de devolu\u00e7\u00e3o e refor\u00e7ando a sua reputa\u00e7\u00e3o. Fa\u00e7a parceria connosco para telas grossistas que exemplificam uma artesania superior, testes rigorosos e garantia de qualidade inabal\u00e1vel, permitindo-lhe oferecer aos seus clientes repara\u00e7\u00f5es fi\u00e1veis e valor excecional.<\/p>","protected":false},"excerpt":{"rendered":"<p>Obtenha substitui\u00e7\u00f5es de ecr\u00e3 Huawei nova 5i P20 lite 2019 a atacado. LCD e digitizador testados em m\u00faltiplas fases, direto da f\u00e1brica, com Garantia de Pixels Mortos Zero.<\/p>","protected":false},"featured_media":28552,"comment_status":"open","ping_status":"closed","template":"","meta":[],"product_brand":[],"product_cat":[106],"product_tag":[459,1461,1462,1463,469],"class_list":{"0":"post-28656","1":"product","2":"type-product","3":"status-publish","4":"has-post-thumbnail","6":"product_cat-huawei-screen","7":"product_tag-factory-direct-quality","8":"product_tag-huawei-nova-5i-screen","9":"product_tag-p20-lite-2019-lcd","10":"product_tag-wholesale-screen-replacement","11":"product_tag-zero-dead-pixel-display","13":"first","14":"instock","15":"shipping-taxable","16":"product-type-simple"},"_links":{"self":[{"href":"https:\/\/screen-stocks.com\/pt\/wp-json\/wp\/v2\/product\/28656","targetHints":{"allow":["GET"]}}],"collection":[{"href":"https:\/\/screen-stocks.com\/pt\/wp-json\/wp\/v2\/product"}],"about":[{"href":"https:\/\/screen-stocks.com\/pt\/wp-json\/wp\/v2\/types\/product"}],"replies":[{"embeddable":true,"href":"https:\/\/screen-stocks.com\/pt\/wp-json\/wp\/v2\/comments?post=28656"}],"version-history":[{"count":1,"href":"https:\/\/screen-stocks.com\/pt\/wp-json\/wp\/v2\/product\/28656\/revisions"}],"predecessor-version":[{"id":35351,"href":"https:\/\/screen-stocks.com\/pt\/wp-json\/wp\/v2\/product\/28656\/revisions\/35351"}],"wp:featuredmedia":[{"embeddable":true,"href":"https:\/\/screen-stocks.com\/pt\/wp-json\/wp\/v2\/media\/28552"}],"wp:attachment":[{"href":"https:\/\/screen-stocks.com\/pt\/wp-json\/wp\/v2\/media?parent=28656"}],"wp:term":[{"taxonomy":"product_brand","embeddable":true,"href":"https:\/\/screen-stocks.com\/pt\/wp-json\/wp\/v2\/product_brand?post=28656"},{"taxonomy":"product_cat","embeddable":true,"href":"https:\/\/screen-stocks.com\/pt\/wp-json\/wp\/v2\/product_cat?post=28656"},{"taxonomy":"product_tag","embeddable":true,"href":"https:\/\/screen-stocks.com\/pt\/wp-json\/wp\/v2\/product_tag?post=28656"}],"curies":[{"name":"wp","href":"https:\/\/api.w.org\/{rel}","templated":true}]}}