{"id":28664,"date":"2025-08-27T09:47:16","date_gmt":"2025-08-27T09:47:16","guid":{"rendered":"https:\/\/screen-stocks.com\/?post_type=product&#038;p=28664"},"modified":"2026-01-07T02:30:26","modified_gmt":"2026-01-07T02:30:26","slug":"boost-profits-huawei-p20-lite-lcd-digitizer-assembly-wholesale","status":"publish","type":"product","link":"https:\/\/screen-stocks.com\/pt\/boost-profits-huawei-p20-lite-lcd-digitizer-assembly-wholesale\/","title":{"rendered":"Aumentar Lucros: Conjunto de LCD e Digitizador do Huawei P20 Lite Atacado"},"content":{"rendered":"<p>Para oficinas de repara\u00e7\u00e3o m\u00f3vel que procuram melhorar tanto a efici\u00eancia quanto a rentabilidade, o nosso conjunto de LCD e Digitador em atacado para Huawei P20 lite oferece uma vantagem competitiva distinta. Compreendemos que tempo \u00e9 dinheiro no neg\u00f3cio de repara\u00e7\u00e3o, por isso os nossos conjuntos s\u00e3o meticulosamente projetados para <strong>facilidade de instala\u00e7\u00e3o<\/strong>. Com uma <strong>encaixe perfeito do quadro<\/strong>, estas telas de substitui\u00e7\u00e3o integram-se perfeitamente, reduzindo significativamente as frustra\u00e7\u00f5es e atrasos comuns frequentemente associados a pe\u00e7as de aftermarket.<\/p>\n<p>Esta engenharia de precis\u00e3o traduz-se diretamente em ganhos substanciais <strong>poupan\u00e7as de tempo de trabalho<\/strong> para os seus t\u00e9cnicos, permitindo-lhes realizar mais repara\u00e7\u00f5es diariamente e aumentar o throughput geral da sua loja. Para al\u00e9m dos benef\u00edcios operacionais, a qualidade superior do visor e o toque responsivo dos nossos conjuntos para Huawei P20 lite garantem um desempenho excecional do dispositivo ap\u00f3s a repara\u00e7\u00e3o. Este padr\u00e3o elevado contribui diretamente para uma <strong>satisfa\u00e7\u00e3o do cliente<\/strong>, fomentando a lealdade e gerando refer\u00eancias positivas de boca em boca. Ao escolher as nossas substitui\u00e7\u00f5es de ecr\u00e3 em grande quantidade, n\u00e3o est\u00e1 apenas a comprar pe\u00e7as; est\u00e1 a investir numa solu\u00e7\u00e3o que otimiza o seu fluxo de trabalho de repara\u00e7\u00e3o, minimiza retrabalhos dispendiosos e, em \u00faltima an\u00e1lise, impulsiona maiores lucros para o seu neg\u00f3cio. Equipe a sua equipa com componentes que oferecem fiabilidade e desempenho, garantindo que cada repara\u00e7\u00e3o melhora a sua reputa\u00e7\u00e3o e resultados financeiros.<\/p>","protected":false},"excerpt":{"rendered":"<p>Maximize o lucro com conjuntos de LCD e Digitizador do Huawei P20 Lite por atacado. Garante instala\u00e7\u00e3o f\u00e1cil, ajuste perfeito, economia de m\u00e3o-de-obra e alta satisfa\u00e7\u00e3o do cliente.<\/p>","protected":false},"featured_media":28381,"comment_status":"open","ping_status":"closed","template":"","meta":[],"product_brand":[],"product_cat":[106],"product_tag":[1257,474,1258,1259,765],"class_list":{"0":"post-28664","1":"product","2":"type-product","3":"status-publish","4":"has-post-thumbnail","6":"product_cat-huawei-screen","7":"product_tag-huawei-p20-lite-screen-wholesale","8":"product_tag-mobile-repair-shop-supplies","9":"product_tag-p20-lite-lcd-digitizer-bulk","10":"product_tag-p20-lite-screen-replacement","11":"product_tag-wholesale-phone-parts","13":"first","14":"instock","15":"shipping-taxable","16":"product-type-simple"},"_links":{"self":[{"href":"https:\/\/screen-stocks.com\/pt\/wp-json\/wp\/v2\/product\/28664","targetHints":{"allow":["GET"]}}],"collection":[{"href":"https:\/\/screen-stocks.com\/pt\/wp-json\/wp\/v2\/product"}],"about":[{"href":"https:\/\/screen-stocks.com\/pt\/wp-json\/wp\/v2\/types\/product"}],"replies":[{"embeddable":true,"href":"https:\/\/screen-stocks.com\/pt\/wp-json\/wp\/v2\/comments?post=28664"}],"version-history":[{"count":1,"href":"https:\/\/screen-stocks.com\/pt\/wp-json\/wp\/v2\/product\/28664\/revisions"}],"predecessor-version":[{"id":34831,"href":"https:\/\/screen-stocks.com\/pt\/wp-json\/wp\/v2\/product\/28664\/revisions\/34831"}],"wp:featuredmedia":[{"embeddable":true,"href":"https:\/\/screen-stocks.com\/pt\/wp-json\/wp\/v2\/media\/28381"}],"wp:attachment":[{"href":"https:\/\/screen-stocks.com\/pt\/wp-json\/wp\/v2\/media?parent=28664"}],"wp:term":[{"taxonomy":"product_brand","embeddable":true,"href":"https:\/\/screen-stocks.com\/pt\/wp-json\/wp\/v2\/product_brand?post=28664"},{"taxonomy":"product_cat","embeddable":true,"href":"https:\/\/screen-stocks.com\/pt\/wp-json\/wp\/v2\/product_cat?post=28664"},{"taxonomy":"product_tag","embeddable":true,"href":"https:\/\/screen-stocks.com\/pt\/wp-json\/wp\/v2\/product_tag?post=28664"}],"curies":[{"name":"wp","href":"https:\/\/api.w.org\/{rel}","templated":true}]}}