{"id":28669,"date":"2025-08-27T09:47:17","date_gmt":"2025-08-27T09:47:17","guid":{"rendered":"https:\/\/screen-stocks.com\/?post_type=product&#038;p=28669"},"modified":"2026-02-02T00:53:07","modified_gmt":"2026-02-02T00:53:07","slug":"factory-direct-huawei-p8-lite-2017-screen-zero-dead-pixel-wholesale-quality","status":"publish","type":"product","link":"https:\/\/screen-stocks.com\/pt\/factory-direct-huawei-p8-lite-2017-screen-zero-dead-pixel-wholesale-quality\/","title":{"rendered":"Tela Directa de F\u00e1brica Huawei P8 Lite (2017) \u2013 Qualidade Grossista com Pixels Mortos Zero"},"content":{"rendered":"<p>Eleve o seu neg\u00f3cio de repara\u00e7\u00e3o com o nosso produto premium <strong>Substitui\u00e7\u00e3o de Tela do Huawei P8 Lite (2017) \u2013 Conjunto de LCD e Digitador<\/strong>. Como um grossista direto de f\u00e1brica, capacitamos voc\u00ea com qualidade e fiabilidade incompar\u00e1veis, eliminando intermedi\u00e1rios para oferecer uma excel\u00eancia consistente que protege a sua reputa\u00e7\u00e3o e lucros.<\/p>\n<p>O nosso compromisso come\u00e7a na origem. Cada <strong>Conjunto de LCD e Digitador do Huawei P8 Lite (2017)<\/strong> passa por um protocolo de testes exaustivo e em v\u00e1rias fases. Este processo rigoroso examina meticulosamente todos os aspetos: desde a reprodu\u00e7\u00e3o vibrante de cores e ilumina\u00e7\u00e3o uniforme do retroiluminado at\u00e9 \u00e0 sensibilidade de toque precisa e integridade f\u00edsica. Utilizamos ferramentas de inspe\u00e7\u00e3o avan\u00e7adas e t\u00e9cnicos altamente treinados para garantir que cada unidade cumpre os nossos padr\u00f5es rigorosos de f\u00e1brica.<\/p>\n<p>Fundamentalmente, a nossa <strong>Pol\u00edtica de Zero Pixels Mortos<\/strong> n\u00e3o \u00e9 apenas uma promessa \u2013 \u00e9 uma parte fundamental da nossa garantia de qualidade. Cada ecr\u00e3 \u00e9 verificado para estar completamente livre de imperfei\u00e7\u00f5es, garantindo uma experi\u00eancia visual perfeita para os seus clientes. Al\u00e9m disso, a constru\u00e7\u00e3o robusta e os materiais dur\u00e1veis utilizados nos nossos conjuntos s\u00e3o projetados para resistir ao desgaste di\u00e1rio, minimizando devolu\u00e7\u00f5es dispendiosas e maximizando a satisfa\u00e7\u00e3o do utilizador final.<\/p>\n<p>Optar pelos nossos <strong>ecr\u00e3s de grosista Huawei P8 Lite (2017)<\/strong> significa investir em tranquilidade. Beneficie de uma cadeia de abastecimento fi\u00e1vel, consist\u00eancia superior do produto e uma vantagem competitiva que s\u00f3 o controlo de qualidade direto de f\u00e1brica pode proporcionar. Garanta o seu stock de ecr\u00e3s de substitui\u00e7\u00e3o premium, rigorosamente testados, hoje mesmo e experimente a diferen\u00e7a de uma verdadeira excel\u00eancia na fabrica\u00e7\u00e3o.<\/p>","protected":false},"excerpt":{"rendered":"<p>Obtenha Conjuntos de LCD e Digitizador Directamente da F\u00e1brica para Huawei P8 Lite (2017). Testados rigorosamente para pixels mortos zero e durabilidade superior. Qualidade em grande quantidade para o seu neg\u00f3cio.<\/p>","protected":false},"featured_media":28306,"comment_status":"open","ping_status":"closed","template":"","meta":[],"product_brand":[],"product_cat":[106],"product_tag":[1364,485,1362,1363,490],"class_list":{"0":"post-28669","1":"product","2":"type-product","3":"status-publish","4":"has-post-thumbnail","6":"product_cat-huawei-screen","7":"product_tag-digitizer-assembly-p8-lite-2017","8":"product_tag-factory-direct-mobile-screens","9":"product_tag-huawei-p8-lite-2017-screen-wholesale","10":"product_tag-p8-lite-2017-lcd-replacement","11":"product_tag-zero-dead-pixel-screens","13":"first","14":"instock","15":"shipping-taxable","16":"product-type-simple"},"_links":{"self":[{"href":"https:\/\/screen-stocks.com\/pt\/wp-json\/wp\/v2\/product\/28669","targetHints":{"allow":["GET"]}}],"collection":[{"href":"https:\/\/screen-stocks.com\/pt\/wp-json\/wp\/v2\/product"}],"about":[{"href":"https:\/\/screen-stocks.com\/pt\/wp-json\/wp\/v2\/types\/product"}],"replies":[{"embeddable":true,"href":"https:\/\/screen-stocks.com\/pt\/wp-json\/wp\/v2\/comments?post=28669"}],"version-history":[{"count":1,"href":"https:\/\/screen-stocks.com\/pt\/wp-json\/wp\/v2\/product\/28669\/revisions"}],"predecessor-version":[{"id":35299,"href":"https:\/\/screen-stocks.com\/pt\/wp-json\/wp\/v2\/product\/28669\/revisions\/35299"}],"wp:featuredmedia":[{"embeddable":true,"href":"https:\/\/screen-stocks.com\/pt\/wp-json\/wp\/v2\/media\/28306"}],"wp:attachment":[{"href":"https:\/\/screen-stocks.com\/pt\/wp-json\/wp\/v2\/media?parent=28669"}],"wp:term":[{"taxonomy":"product_brand","embeddable":true,"href":"https:\/\/screen-stocks.com\/pt\/wp-json\/wp\/v2\/product_brand?post=28669"},{"taxonomy":"product_cat","embeddable":true,"href":"https:\/\/screen-stocks.com\/pt\/wp-json\/wp\/v2\/product_cat?post=28669"},{"taxonomy":"product_tag","embeddable":true,"href":"https:\/\/screen-stocks.com\/pt\/wp-json\/wp\/v2\/product_tag?post=28669"}],"curies":[{"name":"wp","href":"https:\/\/api.w.org\/{rel}","templated":true}]}}