{"id":28679,"date":"2025-08-27T09:47:18","date_gmt":"2025-08-27T09:47:18","guid":{"rendered":"https:\/\/screen-stocks.com\/?post_type=product&#038;p=28679"},"modified":"2026-02-27T03:53:42","modified_gmt":"2026-02-27T03:53:42","slug":"huawei-y6-prime-2019-lcd-digitizer-assembly-factory-direct-wholesale","status":"publish","type":"product","link":"https:\/\/screen-stocks.com\/pt\/huawei-y6-prime-2019-lcd-digitizer-assembly-factory-direct-wholesale\/","title":{"rendered":"Conjunto de LCD e Digitizador Huawei Y6 Prime 2019 \u2013 Atacado Direto da F\u00e1brica"},"content":{"rendered":"<p>Eleve as suas ofertas de servi\u00e7o de repara\u00e7\u00e3o com o nosso premium <strong>Conjunto de LCD e Digitizador para Huawei Y6 Prime 2019<\/strong>, dispon\u00edvel diretamente da nossa f\u00e1brica a pre\u00e7os de atacado. Para compradores B2B que procuram qualidade inabal\u00e1vel e desempenho consistente, o nosso modelo direto de f\u00e1brica oferece uma vantagem incompar\u00e1vel, garantindo que cada unidade cumpra rigorosos padr\u00f5es da ind\u00fastria.<\/p>\n<p>O nosso compromisso com a excel\u00eancia come\u00e7a na origem. Ao contr\u00e1rio das ofertas t\u00edpicas do mercado, as nossas telas passam por um protocolo de controlo de qualidade em v\u00e1rias etapas, realizado internamente. Cada <strong>substitui\u00e7\u00e3o de tela do Huawei Y6 Prime 2019<\/strong> \u00e9 submetida a testes exaustivos de pr\u00e9-produ\u00e7\u00e3o, em linha e de montagem final. Este processo abrangente inclui verifica\u00e7\u00f5es meticulosas de sensibilidade ao toque, brilho do ecr\u00e3, precis\u00e3o das cores e uniformidade da retroilumina\u00e7\u00e3o.<\/p>\n<p>Fundamentalmente, mantemos uma pol\u00edtica rigorosa <strong>Zero Pixels Mortos<\/strong> Cada LCD \u00e9 inspecionado individualmente em condi\u00e7\u00f5es controladas para garantir uma integridade visual perfeita ap\u00f3s a instala\u00e7\u00e3o. Al\u00e9m disso, os nossos conjuntos de digitizador s\u00e3o rigorosamente testados para calibra\u00e7\u00e3o de toque precisa e durabilidade, garantindo uma experi\u00eancia suave ao utilizador e um desempenho duradouro. Esta supervis\u00e3o direta minimiza defeitos, reduz significativamente as devolu\u00e7\u00f5es e refor\u00e7a a sua reputa\u00e7\u00e3o profissional com cada repara\u00e7\u00e3o.<\/p>\n<p>Parceria connosco para uma cadeia de fornecimento fi\u00e1vel, apoiada por uma garantia de qualidade incompar\u00e1vel. Quando escolhe as nossas telas diretas de f\u00e1brica, est\u00e1 a investir em produtos que funcionam de forma fi\u00e1vel, unidade ap\u00f3s unidade, apoiados pela nossa garantia de qualidade direta.<\/p>","protected":false},"excerpt":{"rendered":"<p>Fonte de atacado de conjuntos de LCD e Digitizador Huawei Y6 Prime 2019. O controlo de qualidade direto da f\u00e1brica garante Pixels Mortos Zero, testes rigorosos e durabilidade superior.<\/p>","protected":false},"featured_media":28469,"comment_status":"open","ping_status":"closed","template":"","meta":[],"product_brand":[],"product_cat":[106],"product_tag":[527,1694,1225,491,469],"class_list":{"0":"post-28679","1":"product","2":"type-product","3":"status-publish","4":"has-post-thumbnail","6":"product_cat-huawei-screen","7":"product_tag-factory-direct-screen-replacement","8":"product_tag-huawei-y6-prime-2019-screen-wholesale","9":"product_tag-lcd-digitizer-assembly-bulk","10":"product_tag-mobile-phone-screen-supplier","11":"product_tag-zero-dead-pixel-display","13":"first","14":"instock","15":"shipping-taxable","16":"product-type-simple"},"_links":{"self":[{"href":"https:\/\/screen-stocks.com\/pt\/wp-json\/wp\/v2\/product\/28679","targetHints":{"allow":["GET"]}}],"collection":[{"href":"https:\/\/screen-stocks.com\/pt\/wp-json\/wp\/v2\/product"}],"about":[{"href":"https:\/\/screen-stocks.com\/pt\/wp-json\/wp\/v2\/types\/product"}],"replies":[{"embeddable":true,"href":"https:\/\/screen-stocks.com\/pt\/wp-json\/wp\/v2\/comments?post=28679"}],"version-history":[{"count":1,"href":"https:\/\/screen-stocks.com\/pt\/wp-json\/wp\/v2\/product\/28679\/revisions"}],"predecessor-version":[{"id":35454,"href":"https:\/\/screen-stocks.com\/pt\/wp-json\/wp\/v2\/product\/28679\/revisions\/35454"}],"wp:featuredmedia":[{"embeddable":true,"href":"https:\/\/screen-stocks.com\/pt\/wp-json\/wp\/v2\/media\/28469"}],"wp:attachment":[{"href":"https:\/\/screen-stocks.com\/pt\/wp-json\/wp\/v2\/media?parent=28679"}],"wp:term":[{"taxonomy":"product_brand","embeddable":true,"href":"https:\/\/screen-stocks.com\/pt\/wp-json\/wp\/v2\/product_brand?post=28679"},{"taxonomy":"product_cat","embeddable":true,"href":"https:\/\/screen-stocks.com\/pt\/wp-json\/wp\/v2\/product_cat?post=28679"},{"taxonomy":"product_tag","embeddable":true,"href":"https:\/\/screen-stocks.com\/pt\/wp-json\/wp\/v2\/product_tag?post=28679"}],"curies":[{"name":"wp","href":"https:\/\/api.w.org\/{rel}","templated":true}]}}