{"id":28994,"date":"2025-08-29T06:33:59","date_gmt":"2025-08-29T06:33:59","guid":{"rendered":"https:\/\/screen-stocks.com\/?post_type=product&#038;p=28994"},"modified":"2026-02-12T00:53:42","modified_gmt":"2026-02-12T00:53:42","slug":"bulk-samsung-s10-screen-assembly-qhd-60hz-dci-p3-wholesale","status":"publish","type":"product","link":"https:\/\/screen-stocks.com\/pt\/bulk-samsung-s10-screen-assembly-qhd-60hz-dci-p3-wholesale\/","title":{"rendered":"Conjunto de Ecr\u00e3 em Lote para Samsung S10: QHD+, 60Hz, DCI-P3 \u2013 Atacado"},"content":{"rendered":"<p>Eleve o seu servi\u00e7o de repara\u00e7\u00e3o com o nosso premium <strong>Substitui\u00e7\u00e3o de Tela do Samsung S10 \u2013 Conjunto de LCD e Digitizador (Atacado)<\/strong>. Projetado para desempenho sem compromissos, este conjunto fornece uma solu\u00e7\u00e3o de substitui\u00e7\u00e3o direta e de alta fidelidade, garantindo que os seus clientes recebam um dispositivo que funciona como originalmente pretendido. Focamos meticulosamente nas especifica\u00e7\u00f5es t\u00e9cnicas cr\u00edticas exigidas por t\u00e9cnicos profissionais.<\/p>\n<p>As nossas unidades apresentam um brilho <strong>Resolu\u00e7\u00e3o QHD+<\/strong> de 3040 x 1440 pixels, correspondendo precisamente \u00e0 densidade de pixels do ecr\u00e3 original para uma clareza visual excecional e nitidez. O ecr\u00e3 integrado mant\u00e9m o essencial <strong>60Hz<\/strong>, garantindo uma rolagem fluida e uma intera\u00e7\u00e3o responsiva sem desfoque de movimento, crucial para a experi\u00eancia do utilizador. Al\u00e9m disso, o <strong>Sensibilidade do IC de Toque<\/strong> embutido.<\/p>\n<p>\u00e9 calibrado de acordo com os padr\u00f5es l\u00edderes da ind\u00fastria, oferecendo tempos de resposta inferiores a milissegundos e reconhecimento de multi-toque perfeito em toda a superf\u00edcie do ecr\u00e3, atingindo &gt;98% de precis\u00e3o de toque em testes padronizados. <strong>A precis\u00e3o das cores \u00e9 fundamental. Os nossos ecr\u00e3s de substitui\u00e7\u00e3o do S10 s\u00e3o especificamente calibrados para oferecer uma reprodu\u00e7\u00e3o de cores robusta, cobrindo mais de 100% do<\/strong>. Gama de Cores DCI-P3 <strong>. Isto garante cores vibrantes e fi\u00e9is \u00e0 vida, com contrastes profundos, essenciais para visualiza\u00e7\u00e3o multim\u00e9dia e aplica\u00e7\u00f5es profissionais. Optar pelo nosso<\/strong> Conjunto de LCD e Digitizador Atacado.<\/p>","protected":false},"excerpt":{"rendered":"<p>Conjunto de LCD e Digitizador em Atacado para Samsung S10. Experimente resolu\u00e7\u00e3o QHD+, atualiza\u00e7\u00e3o a 60Hz, Touch IC aprimorado e cor DCI-P3. Dados verificados para desempenho m\u00e1ximo.<\/p>","protected":false},"featured_media":28910,"comment_status":"open","ping_status":"closed","template":"","meta":[],"product_brand":[],"product_cat":[187],"product_tag":[1504,491,1502,1503,581],"class_list":{"0":"post-28994","1":"product","2":"type-product","3":"status-publish","4":"has-post-thumbnail","6":"product_cat-samsung-screen","7":"product_tag-galaxy-s10-screen-technical-specs","8":"product_tag-mobile-phone-screen-supplier","9":"product_tag-s10-lcd-digitizer-bulk","10":"product_tag-samsung-s10-display-replacement","11":"product_tag-samsung-s10-screen-wholesale","13":"first","14":"instock","15":"shipping-taxable","16":"product-type-simple"},"_links":{"self":[{"href":"https:\/\/screen-stocks.com\/pt\/wp-json\/wp\/v2\/product\/28994","targetHints":{"allow":["GET"]}}],"collection":[{"href":"https:\/\/screen-stocks.com\/pt\/wp-json\/wp\/v2\/product"}],"about":[{"href":"https:\/\/screen-stocks.com\/pt\/wp-json\/wp\/v2\/types\/product"}],"replies":[{"embeddable":true,"href":"https:\/\/screen-stocks.com\/pt\/wp-json\/wp\/v2\/comments?post=28994"}],"version-history":[{"count":1,"href":"https:\/\/screen-stocks.com\/pt\/wp-json\/wp\/v2\/product\/28994\/revisions"}],"predecessor-version":[{"id":35377,"href":"https:\/\/screen-stocks.com\/pt\/wp-json\/wp\/v2\/product\/28994\/revisions\/35377"}],"wp:featuredmedia":[{"embeddable":true,"href":"https:\/\/screen-stocks.com\/pt\/wp-json\/wp\/v2\/media\/28910"}],"wp:attachment":[{"href":"https:\/\/screen-stocks.com\/pt\/wp-json\/wp\/v2\/media?parent=28994"}],"wp:term":[{"taxonomy":"product_brand","embeddable":true,"href":"https:\/\/screen-stocks.com\/pt\/wp-json\/wp\/v2\/product_brand?post=28994"},{"taxonomy":"product_cat","embeddable":true,"href":"https:\/\/screen-stocks.com\/pt\/wp-json\/wp\/v2\/product_cat?post=28994"},{"taxonomy":"product_tag","embeddable":true,"href":"https:\/\/screen-stocks.com\/pt\/wp-json\/wp\/v2\/product_tag?post=28994"}],"curies":[{"name":"wp","href":"https:\/\/api.w.org\/{rel}","templated":true}]}}