{"id":29014,"date":"2025-08-29T06:34:01","date_gmt":"2025-08-29T06:34:01","guid":{"rendered":"https:\/\/screen-stocks.com\/?post_type=product&#038;p=29014"},"modified":"2025-11-18T08:45:19","modified_gmt":"2025-11-18T08:45:19","slug":"samsung-samsung-galaxy-j4-screen-replacement-lcd-digitizer-assembly-wholesale","status":"publish","type":"product","link":"https:\/\/screen-stocks.com\/pt\/samsung-samsung-galaxy-j4-screen-replacement-lcd-digitizer-assembly-wholesale\/","title":{"rendered":"Substitui\u00e7\u00e3o de Ecr\u00e3 Samsung Galaxy J4 | Atacado de LCD Digitizador"},"content":{"rendered":"<p data-start=\"156\" data-end=\"498\">A substitui\u00e7\u00e3o de ecr\u00e3 do Samsung Galaxy J4 combina um LCD de alta qualidade com um conjunto de digitizer sens\u00edvel para restaurar a clareza original do ecr\u00e3 e a sensibilidade ao toque. Projetado para instala\u00e7\u00e3o f\u00e1cil e compatibilidade perfeita com o dispositivo, oferece uma solu\u00e7\u00e3o fi\u00e1vel e econ\u00f3mica para lojas de repara\u00e7\u00e3o, revendedores e fornecedores por grosso.<\/p>\n<p data-start=\"500\" data-end=\"518\"><strong data-start=\"500\" data-end=\"516\">Principais Caracter\u00edsticas<\/strong><\/p>\n<ul data-start=\"519\" data-end=\"816\">\n<li data-start=\"519\" data-end=\"556\">\n<p data-start=\"521\" data-end=\"556\">Compat\u00edvel com Samsung Galaxy J4<\/p>\n<\/li>\n<li data-start=\"557\" data-end=\"608\">\n<p data-start=\"559\" data-end=\"608\">LCD claro para visuais de cores brilhantes e precisas<\/p>\n<\/li>\n<li data-start=\"609\" data-end=\"659\">\n<p data-start=\"611\" data-end=\"659\">Desempenho suave e preciso do digitizer de toque<\/p>\n<\/li>\n<li data-start=\"660\" data-end=\"707\">\n<p data-start=\"662\" data-end=\"707\">Estrutura dur\u00e1vel para instala\u00e7\u00e3o segura<\/p>\n<\/li>\n<li data-start=\"708\" data-end=\"765\">\n<p data-start=\"710\" data-end=\"765\">Totalmente testado antes do envio para garantir qualidade est\u00e1vel<\/p>\n<\/li>\n<li data-start=\"766\" data-end=\"816\">\n<p data-start=\"768\" data-end=\"816\">Ideal para encomendas em grande quantidade e repara\u00e7\u00f5es profissionais<\/p>\n<\/li>\n<\/ul>\n<p data-start=\"818\" data-end=\"986\"><strong data-start=\"818\" data-end=\"834\">Aplica\u00e7\u00f5es<\/strong><br data-start=\"834\" data-end=\"837\" \/>Substitui\u00e7\u00e3o perfeita para ecr\u00e3s partidos, falhas no display, falhas no toque e problemas de ecr\u00e3 preto \u2014 devolvendo os dispositivos ao estado de novo.<\/p>","protected":false},"excerpt":{"rendered":"<p>Ecr\u00e3 de substitui\u00e7\u00e3o premium para Samsung Galaxy J4. Conjunto de LCD + digitizador com ecr\u00e3 brilhante e toque responsivo. Ideal para oficinas de repara\u00e7\u00e3o e encomendas em massa em Portugal e Europa.<\/p>","protected":false},"featured_media":28791,"comment_status":"open","ping_status":"closed","template":"","meta":[],"product_brand":[],"product_cat":[187],"product_tag":[77,214,76,78],"class_list":{"0":"post-29014","1":"product","2":"type-product","3":"status-publish","4":"has-post-thumbnail","6":"product_cat-samsung-screen","7":"product_tag-lcd-digitizer","8":"product_tag-samsung-samsung-galaxy-j4","9":"product_tag-screen-replacement","10":"product_tag-wholesale","12":"first","13":"instock","14":"shipping-taxable","15":"product-type-simple"},"_links":{"self":[{"href":"https:\/\/screen-stocks.com\/pt\/wp-json\/wp\/v2\/product\/29014","targetHints":{"allow":["GET"]}}],"collection":[{"href":"https:\/\/screen-stocks.com\/pt\/wp-json\/wp\/v2\/product"}],"about":[{"href":"https:\/\/screen-stocks.com\/pt\/wp-json\/wp\/v2\/types\/product"}],"replies":[{"embeddable":true,"href":"https:\/\/screen-stocks.com\/pt\/wp-json\/wp\/v2\/comments?post=29014"}],"version-history":[{"count":2,"href":"https:\/\/screen-stocks.com\/pt\/wp-json\/wp\/v2\/product\/29014\/revisions"}],"predecessor-version":[{"id":33961,"href":"https:\/\/screen-stocks.com\/pt\/wp-json\/wp\/v2\/product\/29014\/revisions\/33961"}],"wp:featuredmedia":[{"embeddable":true,"href":"https:\/\/screen-stocks.com\/pt\/wp-json\/wp\/v2\/media\/28791"}],"wp:attachment":[{"href":"https:\/\/screen-stocks.com\/pt\/wp-json\/wp\/v2\/media?parent=29014"}],"wp:term":[{"taxonomy":"product_brand","embeddable":true,"href":"https:\/\/screen-stocks.com\/pt\/wp-json\/wp\/v2\/product_brand?post=29014"},{"taxonomy":"product_cat","embeddable":true,"href":"https:\/\/screen-stocks.com\/pt\/wp-json\/wp\/v2\/product_cat?post=29014"},{"taxonomy":"product_tag","embeddable":true,"href":"https:\/\/screen-stocks.com\/pt\/wp-json\/wp\/v2\/product_tag?post=29014"}],"curies":[{"name":"wp","href":"https:\/\/api.w.org\/{rel}","templated":true}]}}