{"id":29016,"date":"2025-08-29T06:34:01","date_gmt":"2025-08-29T06:34:01","guid":{"rendered":"https:\/\/screen-stocks.com\/?post_type=product&#038;p=29016"},"modified":"2025-11-18T09:06:09","modified_gmt":"2025-11-18T09:06:09","slug":"samsung-samsung-galaxy-j7-2016-screen-replacement-lcd-digitizer-assembly-wholesale","status":"publish","type":"product","link":"https:\/\/screen-stocks.com\/pt\/samsung-samsung-galaxy-j7-2016-screen-replacement-lcd-digitizer-assembly-wholesale\/","title":{"rendered":"Substitui\u00e7\u00e3o de Tela do Samsung Galaxy J7 (2016) | LCD Digitizador Atacado"},"content":{"rendered":"<p data-start=\"181\" data-end=\"566\">Restaure o seu Samsung Galaxy J7 (2016) com este conjunto de ecr\u00e3 LCD premium e digitizador t\u00e1ctil. Cada unidade \u00e9 totalmente testada para brilho, precis\u00e3o de cores, pixels mortos e resposta ao toque multi-ponto. Projetado para ajuste preciso e instala\u00e7\u00e3o f\u00e1cil, oferece uma solu\u00e7\u00e3o de substitui\u00e7\u00e3o fi\u00e1vel para lojas de repara\u00e7\u00e3o, renovadores e compradores por atacado que procuram ecr\u00e3s de alta qualidade, prontos para venda em massa.<\/p>\n<p data-start=\"568\" data-end=\"586\"><strong data-start=\"568\" data-end=\"584\">Principais Caracter\u00edsticas<\/strong><\/p>\n<ul data-start=\"587\" data-end=\"915\">\n<li data-start=\"587\" data-end=\"650\">\n<p data-start=\"589\" data-end=\"650\">LCD + digitizador pr\u00e9-montados para repara\u00e7\u00f5es mais r\u00e1pidas e f\u00e1ceis<\/p>\n<\/li>\n<li data-start=\"651\" data-end=\"720\">\n<p data-start=\"653\" data-end=\"720\">Ecr\u00e3 brilhante, preciso e est\u00e1vel com toque capacitivo suave<\/p>\n<\/li>\n<li data-start=\"721\" data-end=\"785\">\n<p data-start=\"723\" data-end=\"785\">Conectores limpos para instala\u00e7\u00e3o segura e redu\u00e7\u00e3o de devolu\u00e7\u00f5es<\/p>\n<\/li>\n<li data-start=\"786\" data-end=\"845\">\n<p data-start=\"788\" data-end=\"845\">Constru\u00e7\u00e3o dur\u00e1vel do quadro para desempenho de longa dura\u00e7\u00e3o<\/p>\n<\/li>\n<li data-start=\"846\" data-end=\"915\">\n<p data-start=\"848\" data-end=\"915\">Embalagem adequada para compras em grande quantidade, ideal para grossistas e centros de servi\u00e7o<\/p>\n<\/li>\n<\/ul>\n<p data-start=\"917\" data-end=\"936\"><strong data-start=\"917\" data-end=\"934\">Compatibilidade<\/strong><\/p>\n<ul data-start=\"937\" data-end=\"991\">\n<li data-start=\"937\" data-end=\"991\">\n<p data-start=\"939\" data-end=\"991\">Especificamente desenhado para Samsung Galaxy J7 (2016)<\/p>\n<\/li>\n<\/ul>\n<p data-start=\"993\" data-end=\"1018\"><strong data-start=\"993\" data-end=\"1016\">Inclu\u00eddo no pacote<\/strong><\/p>\n<ul data-start=\"1019\" data-end=\"1124\">\n<li data-start=\"1019\" data-end=\"1087\">\n<p data-start=\"1021\" data-end=\"1087\">1\u00d7 ecr\u00e3 de substitui\u00e7\u00e3o para Samsung Galaxy J7 (2016) (LCD + digitizador)<\/p>\n<\/li>\n<li data-start=\"1088\" data-end=\"1124\">\n<p data-start=\"1090\" data-end=\"1124\">Filme adesivo (quando aplic\u00e1vel)<\/p>\n<\/li>\n<\/ul>","protected":false},"excerpt":{"rendered":"<p>Tela de substitui\u00e7\u00e3o premium para Samsung Samsung Galaxy J7 (2016). Conjunto de LCD + digitizador com exibi\u00e7\u00e3o brilhante e toque responsivo. Ideal para oficinas de repara\u00e7\u00e3o e pedidos em massa em Portugal e Europa.<\/p>","protected":false},"featured_media":28800,"comment_status":"open","ping_status":"closed","template":"","meta":[],"product_brand":[],"product_cat":[187],"product_tag":[77,216,76,78],"class_list":{"0":"post-29016","1":"product","2":"type-product","3":"status-publish","4":"has-post-thumbnail","6":"product_cat-samsung-screen","7":"product_tag-lcd-digitizer","8":"product_tag-samsung-samsung-galaxy-j7-2016","9":"product_tag-screen-replacement","10":"product_tag-wholesale","12":"first","13":"instock","14":"shipping-taxable","15":"product-type-simple"},"_links":{"self":[{"href":"https:\/\/screen-stocks.com\/pt\/wp-json\/wp\/v2\/product\/29016","targetHints":{"allow":["GET"]}}],"collection":[{"href":"https:\/\/screen-stocks.com\/pt\/wp-json\/wp\/v2\/product"}],"about":[{"href":"https:\/\/screen-stocks.com\/pt\/wp-json\/wp\/v2\/types\/product"}],"replies":[{"embeddable":true,"href":"https:\/\/screen-stocks.com\/pt\/wp-json\/wp\/v2\/comments?post=29016"}],"version-history":[{"count":2,"href":"https:\/\/screen-stocks.com\/pt\/wp-json\/wp\/v2\/product\/29016\/revisions"}],"predecessor-version":[{"id":33969,"href":"https:\/\/screen-stocks.com\/pt\/wp-json\/wp\/v2\/product\/29016\/revisions\/33969"}],"wp:featuredmedia":[{"embeddable":true,"href":"https:\/\/screen-stocks.com\/pt\/wp-json\/wp\/v2\/media\/28800"}],"wp:attachment":[{"href":"https:\/\/screen-stocks.com\/pt\/wp-json\/wp\/v2\/media?parent=29016"}],"wp:term":[{"taxonomy":"product_brand","embeddable":true,"href":"https:\/\/screen-stocks.com\/pt\/wp-json\/wp\/v2\/product_brand?post=29016"},{"taxonomy":"product_cat","embeddable":true,"href":"https:\/\/screen-stocks.com\/pt\/wp-json\/wp\/v2\/product_cat?post=29016"},{"taxonomy":"product_tag","embeddable":true,"href":"https:\/\/screen-stocks.com\/pt\/wp-json\/wp\/v2\/product_tag?post=29016"}],"curies":[{"name":"wp","href":"https:\/\/api.w.org\/{rel}","templated":true}]}}