{"id":29017,"date":"2025-08-29T06:34:01","date_gmt":"2025-08-29T06:34:01","guid":{"rendered":"https:\/\/screen-stocks.com\/?post_type=product&#038;p=29017"},"modified":"2025-11-18T08:52:34","modified_gmt":"2025-11-18T08:52:34","slug":"samsung-samsung-galaxy-j7-nxt-screen-replacement-lcd-digitizer-assembly-wholesale","status":"publish","type":"product","link":"https:\/\/screen-stocks.com\/pt\/samsung-samsung-galaxy-j7-nxt-screen-replacement-lcd-digitizer-assembly-wholesale\/","title":{"rendered":"Substitui\u00e7\u00e3o de Tela do Samsung Galaxy J7 Nxt | LCD Digitizador Atacado"},"content":{"rendered":"<p data-start=\"156\" data-end=\"517\">Restaure o seu Samsung Galaxy J7 Nxt com este conjunto de ecr\u00e3 LCD de alta qualidade e digitizador sens\u00edvel ao toque. Cada unidade \u00e9 testada para brilho, precis\u00e3o de cores, pixels mortos e resposta ao toque multi-ponto. Projetado para um ajuste preciso e instala\u00e7\u00e3o suave, \u00e9 ideal para lojas de repara\u00e7\u00e3o, revendedores e compradores por atacado que procuram ecr\u00e3s de substitui\u00e7\u00e3o fi\u00e1veis e prontos para revenda em grande quantidade.<\/p>\n<p data-start=\"519\" data-end=\"537\"><strong data-start=\"519\" data-end=\"535\">Principais Caracter\u00edsticas<\/strong><\/p>\n<ul data-start=\"538\" data-end=\"841\">\n<li data-start=\"538\" data-end=\"598\">\n<p data-start=\"540\" data-end=\"598\">LCD + digitizador pr\u00e9-montados para repara\u00e7\u00f5es mais r\u00e1pidas e f\u00e1ceis<\/p>\n<\/li>\n<li data-start=\"599\" data-end=\"649\">\n<p data-start=\"601\" data-end=\"649\">Ecr\u00e3 brilhante e est\u00e1vel com cores precisas<\/p>\n<\/li>\n<li data-start=\"650\" data-end=\"699\">\n<p data-start=\"652\" data-end=\"699\">Toque capacitivo suave para opera\u00e7\u00e3o precisa<\/p>\n<\/li>\n<li data-start=\"700\" data-end=\"769\">\n<p data-start=\"702\" data-end=\"769\">Conectores limpos para instala\u00e7\u00e3o segura e redu\u00e7\u00e3o das taxas de devolu\u00e7\u00e3o<\/p>\n<\/li>\n<li data-start=\"770\" data-end=\"841\">\n<p data-start=\"772\" data-end=\"841\">Embalagem adequada para compras por atacado, perfeita para grossistas e centros de servi\u00e7o<\/p>\n<\/li>\n<\/ul>\n<p data-start=\"843\" data-end=\"862\"><strong data-start=\"843\" data-end=\"860\">Compatibilidade<\/strong><\/p>\n<ul data-start=\"863\" data-end=\"914\">\n<li data-start=\"863\" data-end=\"914\">\n<p data-start=\"865\" data-end=\"914\">Especificamente desenhado para Samsung Galaxy J7 Nxt<\/p>\n<\/li>\n<\/ul>\n<p data-start=\"916\" data-end=\"941\"><strong data-start=\"916\" data-end=\"939\">Inclu\u00eddo no pacote<\/strong><\/p>\n<ul data-start=\"942\" data-end=\"1044\">\n<li data-start=\"942\" data-end=\"1007\">\n<p data-start=\"944\" data-end=\"1007\">1\u00d7 Ecr\u00e3 de substitui\u00e7\u00e3o para Samsung Galaxy J7 Nxt (LCD + digitizador)<\/p>\n<\/li>\n<li data-start=\"1008\" data-end=\"1044\">\n<p data-start=\"1010\" data-end=\"1044\">Filme adesivo (quando aplic\u00e1vel)<\/p>\n<\/li>\n<\/ul>","protected":false},"excerpt":{"rendered":"<p>Tela de substitui\u00e7\u00e3o premium para Samsung Galaxy J7 Nxt. Conjunto de LCD + digitizador com exibi\u00e7\u00e3o brilhante e toque responsivo. Ideal para lojas de repara\u00e7\u00e3o e pedidos em grande quantidade em Portugal e Europa.<\/p>","protected":false},"featured_media":28809,"comment_status":"open","ping_status":"closed","template":"","meta":[],"product_brand":[],"product_cat":[187],"product_tag":[77,217,76,78],"class_list":{"0":"post-29017","1":"product","2":"type-product","3":"status-publish","4":"has-post-thumbnail","6":"product_cat-samsung-screen","7":"product_tag-lcd-digitizer","8":"product_tag-samsung-samsung-galaxy-j7-nxt","9":"product_tag-screen-replacement","10":"product_tag-wholesale","12":"first","13":"instock","14":"shipping-taxable","15":"product-type-simple"},"_links":{"self":[{"href":"https:\/\/screen-stocks.com\/pt\/wp-json\/wp\/v2\/product\/29017","targetHints":{"allow":["GET"]}}],"collection":[{"href":"https:\/\/screen-stocks.com\/pt\/wp-json\/wp\/v2\/product"}],"about":[{"href":"https:\/\/screen-stocks.com\/pt\/wp-json\/wp\/v2\/types\/product"}],"replies":[{"embeddable":true,"href":"https:\/\/screen-stocks.com\/pt\/wp-json\/wp\/v2\/comments?post=29017"}],"version-history":[{"count":2,"href":"https:\/\/screen-stocks.com\/pt\/wp-json\/wp\/v2\/product\/29017\/revisions"}],"predecessor-version":[{"id":33964,"href":"https:\/\/screen-stocks.com\/pt\/wp-json\/wp\/v2\/product\/29017\/revisions\/33964"}],"wp:featuredmedia":[{"embeddable":true,"href":"https:\/\/screen-stocks.com\/pt\/wp-json\/wp\/v2\/media\/28809"}],"wp:attachment":[{"href":"https:\/\/screen-stocks.com\/pt\/wp-json\/wp\/v2\/media?parent=29017"}],"wp:term":[{"taxonomy":"product_brand","embeddable":true,"href":"https:\/\/screen-stocks.com\/pt\/wp-json\/wp\/v2\/product_brand?post=29017"},{"taxonomy":"product_cat","embeddable":true,"href":"https:\/\/screen-stocks.com\/pt\/wp-json\/wp\/v2\/product_cat?post=29017"},{"taxonomy":"product_tag","embeddable":true,"href":"https:\/\/screen-stocks.com\/pt\/wp-json\/wp\/v2\/product_tag?post=29017"}],"curies":[{"name":"wp","href":"https:\/\/api.w.org\/{rel}","templated":true}]}}