{"id":29949,"date":"2025-08-29T09:50:51","date_gmt":"2025-08-29T09:50:51","guid":{"rendered":"https:\/\/screen-stocks.com\/?post_type=product&#038;p=29949"},"modified":"2026-01-08T03:30:24","modified_gmt":"2026-01-08T03:30:24","slug":"premium-xiaomi-mi-6-lcd-digitizer-assembly-wholesale-data-driven-quality","status":"publish","type":"product","link":"https:\/\/screen-stocks.com\/pt\/premium-xiaomi-mi-6-lcd-digitizer-assembly-wholesale-data-driven-quality\/","title":{"rendered":"Conjunto de LCD e Digitizador Premium Xiaomi Mi 6 Atacado \u2013 Qualidade Orientada por Dados"},"content":{"rendered":"<p>Para centros de repara\u00e7\u00e3o profissionais e distribuidores por grosso, garantir pe\u00e7as de substitui\u00e7\u00e3o de alta qualidade \u00e9 fundamental. O nosso <strong>Conjunto de LCD e Digitizador Xiaomi Mi 6 (Venda por grosso)<\/strong> \u00e9 meticulosamente concebido para cumprir e superar as especifica\u00e7\u00f5es do dispositivo original, oferecendo uma solu\u00e7\u00e3o de repara\u00e7\u00e3o ideal para este robusto modelo de smartphone.<\/p>\n<p>Aprofunde-se nas especifica\u00e7\u00f5es t\u00e9cnicas que distinguem os nossos conjuntos. Cada unidade apresenta um n\u00edtido <strong>Resolu\u00e7\u00e3o Full HD de 1080 x 1920<\/strong>, garantindo fidelidade visual com uma densidade de pixels que reproduz imagens n\u00edtidas e textos claros. Complementando esta clareza visual, h\u00e1 um padr\u00e3o <strong>60Hz<\/strong>, proporcionando transi\u00e7\u00f5es suaves de forma consistente e intera\u00e7\u00f5es fluidas na interface do utilizador, essenciais para uma experi\u00eancia de utilizador sem compromissos. O nosso Touch IC integrado possui sensibilidade excecional, oferecendo capacidades de multi-toque precisas com lat\u00eancia m\u00ednima e alta precis\u00e3o de registo em toda a superf\u00edcie do ecr\u00e3, fundamental para jogos e navega\u00e7\u00e3o di\u00e1ria.<\/p>\n<p>Al\u00e9m disso, as nossas telas s\u00e3o calibradas para um amplo espa\u00e7o de cores, geralmente atingindo mais de <strong>90% cobertura sRGB<\/strong>, o que se traduz em uma reprodu\u00e7\u00e3o de cores vibrantes e fi\u00e9is \u00e0 vida. Esta rigorosa ades\u00e3o \u00e0s m\u00e9tricas de desempenho do ecr\u00e3 \u00e9 validada atrav\u00e9s de processos de controlo de qualidade abrangentes e baseados em dados. Ao escolher os nossos Conjuntos de LCD e Digitizador por grosso para o Mi 6, equipa o seu neg\u00f3cio com componentes que garantem um desempenho t\u00e9cnico superior e aumentam a satisfa\u00e7\u00e3o do cliente, refor\u00e7ando a sua reputa\u00e7\u00e3o de qualidade e fiabilidade.<\/p>","protected":false},"excerpt":{"rendered":"<p>Fonte de conjuntos de LCD e Digitizador Xiaomi Mi 6 por atacado com especifica\u00e7\u00f5es t\u00e9cnicas superiores: resolu\u00e7\u00e3o FHD, IC de Toque responsivo e gama de cores precisa.<\/p>","protected":false},"featured_media":29115,"comment_status":"open","ping_status":"closed","template":"","meta":[],"product_brand":[],"product_cat":[225],"product_tag":[1273,1271,480,1270,1272],"class_list":{"0":"post-29949","1":"product","2":"type-product","3":"status-publish","4":"has-post-thumbnail","6":"product_cat-xiaomi-screen","7":"product_tag-fhd-display-assembly","8":"product_tag-mi-6-lcd-digitizer-bulk","9":"product_tag-mobile-screen-supplier","10":"product_tag-xiaomi-mi-6-screen-wholesale","11":"product_tag-xiaomi-replacement-parts-b2b","13":"first","14":"instock","15":"shipping-taxable","16":"product-type-simple"},"_links":{"self":[{"href":"https:\/\/screen-stocks.com\/pt\/wp-json\/wp\/v2\/product\/29949","targetHints":{"allow":["GET"]}}],"collection":[{"href":"https:\/\/screen-stocks.com\/pt\/wp-json\/wp\/v2\/product"}],"about":[{"href":"https:\/\/screen-stocks.com\/pt\/wp-json\/wp\/v2\/types\/product"}],"replies":[{"embeddable":true,"href":"https:\/\/screen-stocks.com\/pt\/wp-json\/wp\/v2\/comments?post=29949"}],"version-history":[{"count":1,"href":"https:\/\/screen-stocks.com\/pt\/wp-json\/wp\/v2\/product\/29949\/revisions"}],"predecessor-version":[{"id":34835,"href":"https:\/\/screen-stocks.com\/pt\/wp-json\/wp\/v2\/product\/29949\/revisions\/34835"}],"wp:featuredmedia":[{"embeddable":true,"href":"https:\/\/screen-stocks.com\/pt\/wp-json\/wp\/v2\/media\/29115"}],"wp:attachment":[{"href":"https:\/\/screen-stocks.com\/pt\/wp-json\/wp\/v2\/media?parent=29949"}],"wp:term":[{"taxonomy":"product_brand","embeddable":true,"href":"https:\/\/screen-stocks.com\/pt\/wp-json\/wp\/v2\/product_brand?post=29949"},{"taxonomy":"product_cat","embeddable":true,"href":"https:\/\/screen-stocks.com\/pt\/wp-json\/wp\/v2\/product_cat?post=29949"},{"taxonomy":"product_tag","embeddable":true,"href":"https:\/\/screen-stocks.com\/pt\/wp-json\/wp\/v2\/product_tag?post=29949"}],"curies":[{"name":"wp","href":"https:\/\/api.w.org\/{rel}","templated":true}]}}