{"id":29950,"date":"2025-08-29T09:50:51","date_gmt":"2025-08-29T09:50:51","guid":{"rendered":"https:\/\/screen-stocks.com\/?post_type=product&#038;p=29950"},"modified":"2025-12-24T01:30:13","modified_gmt":"2025-12-24T01:30:13","slug":"wholesale-xiaomi-mi-note-10-pro-lite-cc9-pro-screen-zero-dead-pixel-guarantee","status":"publish","type":"product","link":"https:\/\/screen-stocks.com\/pt\/wholesale-xiaomi-mi-note-10-pro-lite-cc9-pro-screen-zero-dead-pixel-guarantee\/","title":{"rendered":"Tela Xiaomi Mi Note 10\/Pro\/Lite\/CC9 Pro Atacado: Garantia de Pixels Mortos Zero"},"content":{"rendered":"<p>Como parceiro profissional B2B, a sua reputa\u00e7\u00e3o depende da qualidade dos componentes que integra. Oferecemos componentes premium <strong>Substitui\u00e7\u00e3o de Ecr\u00e3 Xiaomi Mi Note 10, Mi Note 10 Lite, Mi Note 10 Pro e Mi CC9 Pro \u2013 Conjuntos de LCD e Digitizador<\/strong>, dispon\u00edveis para atacado. O nosso compromisso com a excel\u00eancia come\u00e7a com o nosso <strong>Controlo de Qualidade Direto da F\u00e1brica<\/strong>, garantindo que cada unidade cumpra os mais elevados padr\u00f5es da ind\u00fastria antes de chegar \u00e0s suas m\u00e3os.<\/p>\n<p>Ao contr\u00e1rio de componentes adquiridos atrav\u00e9s de m\u00faltiplos intermedi\u00e1rios, os nossos ecr\u00e3s passam por um procedimento propriet\u00e1rio, <strong>Teste Rigoroso em M\u00faltiplas Etapas<\/strong> protocolos diretamente na f\u00e1brica de produ\u00e7\u00e3o. Este processo abrangente examina meticulosamente todos os aspetos do ecr\u00e3, desde a sensibilidade ao toque e calibra\u00e7\u00e3o de cores at\u00e9 \u00e0 uniformidade da retroilumina\u00e7\u00e3o. Uma pedra angular da nossa garantia de qualidade \u00e9 a nossa garantia absoluta de <strong>Zero Pixels Mortos<\/strong>, oferecendo desempenho visual perfeito, crucial para a satisfa\u00e7\u00e3o do cliente.<\/p>\n<p>Compreendemos que a durabilidade \u00e9 fundamental para empresas de repara\u00e7\u00e3o. Cada <strong>Conjunto de LCD e Digitizador<\/strong> \u00e9 projetado para <strong>Durabilidade Aprimorada<\/strong>, constru\u00eddo para resistir ao uso di\u00e1rio e proporcionar um desempenho fi\u00e1vel e duradouro. Ao escolher a nossa solu\u00e7\u00e3o de atacado direta da f\u00e1brica, beneficia de uma consist\u00eancia incompar\u00e1vel e uma redu\u00e7\u00e3o significativa nos problemas p\u00f3s-instala\u00e7\u00e3o, fortalecendo assim a reputa\u00e7\u00e3o da sua marca para repara\u00e7\u00f5es de qualidade. Parceria connosco para uma cadeia de fornecimento fi\u00e1vel, apoiada por uma integridade de produto intransigente.<\/p>","protected":false},"excerpt":{"rendered":"<p>Conjuntos de LCD e Digitizador de f\u00e1brica direta e segura para Xiaomi Mi Note 10, Pro, Lite e CC9 Pro. Pixels mortos zero garantidos e testes rigorosos para encomendas em grande quantidade.<\/p>","protected":false},"featured_media":29351,"comment_status":"open","ping_status":"closed","template":"","meta":[],"product_brand":[],"product_cat":[225],"product_tag":[1047,468,1046,1045,486],"class_list":{"0":"post-29950","1":"product","2":"type-product","3":"status-publish","4":"has-post-thumbnail","6":"product_cat-xiaomi-screen","7":"product_tag-cc9-pro-digitizer-bulk","8":"product_tag-factory-direct-phone-screens","9":"product_tag-mi-note-10-pro-lcd-replacement","10":"product_tag-xiaomi-mi-note-10-screen-wholesale","11":"product_tag-zero-dead-pixel-displays","13":"first","14":"instock","15":"shipping-taxable","16":"product-type-simple"},"_links":{"self":[{"href":"https:\/\/screen-stocks.com\/pt\/wp-json\/wp\/v2\/product\/29950","targetHints":{"allow":["GET"]}}],"collection":[{"href":"https:\/\/screen-stocks.com\/pt\/wp-json\/wp\/v2\/product"}],"about":[{"href":"https:\/\/screen-stocks.com\/pt\/wp-json\/wp\/v2\/types\/product"}],"replies":[{"embeddable":true,"href":"https:\/\/screen-stocks.com\/pt\/wp-json\/wp\/v2\/comments?post=29950"}],"version-history":[{"count":1,"href":"https:\/\/screen-stocks.com\/pt\/wp-json\/wp\/v2\/product\/29950\/revisions"}],"predecessor-version":[{"id":34737,"href":"https:\/\/screen-stocks.com\/pt\/wp-json\/wp\/v2\/product\/29950\/revisions\/34737"}],"wp:featuredmedia":[{"embeddable":true,"href":"https:\/\/screen-stocks.com\/pt\/wp-json\/wp\/v2\/media\/29351"}],"wp:attachment":[{"href":"https:\/\/screen-stocks.com\/pt\/wp-json\/wp\/v2\/media?parent=29950"}],"wp:term":[{"taxonomy":"product_brand","embeddable":true,"href":"https:\/\/screen-stocks.com\/pt\/wp-json\/wp\/v2\/product_brand?post=29950"},{"taxonomy":"product_cat","embeddable":true,"href":"https:\/\/screen-stocks.com\/pt\/wp-json\/wp\/v2\/product_cat?post=29950"},{"taxonomy":"product_tag","embeddable":true,"href":"https:\/\/screen-stocks.com\/pt\/wp-json\/wp\/v2\/product_tag?post=29950"}],"curies":[{"name":"wp","href":"https:\/\/api.w.org\/{rel}","templated":true}]}}