{"id":29951,"date":"2025-08-29T09:50:51","date_gmt":"2025-08-29T09:50:51","guid":{"rendered":"https:\/\/screen-stocks.com\/?post_type=product&#038;p=29951"},"modified":"2026-01-02T01:30:15","modified_gmt":"2026-01-02T01:30:15","slug":"xiaomi-mi-note-3-lcd-digitizer-assembly-wholesale-premium-tech-specs","status":"publish","type":"product","link":"https:\/\/screen-stocks.com\/pt\/xiaomi-mi-note-3-lcd-digitizer-assembly-wholesale-premium-tech-specs\/","title":{"rendered":"Conjunto de LCD e Digitizador Xiaomi Mi Note 3 Atacado \u2013 Especifica\u00e7\u00f5es T\u00e9cnicas Premium"},"content":{"rendered":"<p>Eleve as suas ofertas de servi\u00e7o com o nosso premium <strong>Substitui\u00e7\u00e3o de Tela do Xiaomi Mi Note 3 \u2013 Conjunto de LCD e Digitizador (Atacado)<\/strong>. Desenvolvido para clientes B2B exigentes, este conjunto oferece fidelidade t\u00e9cnica incompar\u00e1vel, garantindo uma restaura\u00e7\u00e3o perfeita do dispositivo e satisfa\u00e7\u00e3o m\u00e1xima do utilizador final.<\/p>\n<p>Cada unidade \u00e9 projetada com precis\u00e3o para reproduzir o desempenho visual do dispositivo original, apresentando uma resolu\u00e7\u00e3o n\u00edtida <strong>resolu\u00e7\u00e3o Full HD de 1080 x 1920 pixels<\/strong> no seu painel IPS LCD de 5,5 polegadas. Isto garante uma densidade de 403 ppi para textos cristalinos e imagens v\u00edvidas. O display integrado mant\u00e9m uma consist\u00eancia <strong>60Hz<\/strong>, proporcionando anima\u00e7\u00f5es suaves e scroll responsivo, essenciais para uma experi\u00eancia de utilizador sem compromissos. Al\u00e9m disso, os nossos conjuntos incorporam um <strong>IC de toque de alta sensibilidade<\/strong>, meticulosamente calibrado para garantir uma entrada multi-toque instant\u00e2nea e precisa, reproduzindo a sensibilidade ao toque ao n\u00edvel do OEM. Garantimos uma ampla <strong>reprodu\u00e7\u00e3o do gamut de cores sRGB<\/strong>, oferecendo cores vibrantes e fi\u00e9is \u00e0 vida, com n\u00edveis de brilho consistentes. Cada conjunto passa por um rigoroso controlo de qualidade em m\u00faltiplos pontos para assegurar a integridade dos pixels, funcionalidade do toque e uniformidade da retroilumina\u00e7\u00e3o, minimizando as taxas de devolu\u00e7\u00e3o para o seu neg\u00f3cio. Parceria connosco para um fornecimento fi\u00e1vel, baseado em dados, de ecr\u00e3s de substitui\u00e7\u00e3o de alto desempenho.<\/p>","protected":false},"excerpt":{"rendered":"<p>Atacado de Conjunto de LCD e Digitizador Xiaomi Mi Note 3. Experimente 1080p, atualiza\u00e7\u00e3o a 60Hz, IC de toque de alta sensibilidade e cores sRGB. Qualidade premium testada para encomendas em grande quantidade.<\/p>","protected":false},"featured_media":29419,"comment_status":"open","ping_status":"closed","template":"","meta":[],"product_brand":[],"product_cat":[225],"product_tag":[1183,1182,850,541,1181],"class_list":{"0":"post-29951","1":"product","2":"type-product","3":"status-publish","4":"has-post-thumbnail","6":"product_cat-xiaomi-screen","7":"product_tag-digitizer-assembly-xiaomi-mi-note-3","8":"product_tag-mi-note-3-lcd-replacement-bulk","9":"product_tag-mobile-display-supplier-b2b","10":"product_tag-wholesale-phone-screens","11":"product_tag-xiaomi-mi-note-3-screen-wholesale","13":"first","14":"instock","15":"shipping-taxable","16":"product-type-simple"},"_links":{"self":[{"href":"https:\/\/screen-stocks.com\/pt\/wp-json\/wp\/v2\/product\/29951","targetHints":{"allow":["GET"]}}],"collection":[{"href":"https:\/\/screen-stocks.com\/pt\/wp-json\/wp\/v2\/product"}],"about":[{"href":"https:\/\/screen-stocks.com\/pt\/wp-json\/wp\/v2\/types\/product"}],"replies":[{"embeddable":true,"href":"https:\/\/screen-stocks.com\/pt\/wp-json\/wp\/v2\/comments?post=29951"}],"version-history":[{"count":1,"href":"https:\/\/screen-stocks.com\/pt\/wp-json\/wp\/v2\/product\/29951\/revisions"}],"predecessor-version":[{"id":34801,"href":"https:\/\/screen-stocks.com\/pt\/wp-json\/wp\/v2\/product\/29951\/revisions\/34801"}],"wp:featuredmedia":[{"embeddable":true,"href":"https:\/\/screen-stocks.com\/pt\/wp-json\/wp\/v2\/media\/29419"}],"wp:attachment":[{"href":"https:\/\/screen-stocks.com\/pt\/wp-json\/wp\/v2\/media?parent=29951"}],"wp:term":[{"taxonomy":"product_brand","embeddable":true,"href":"https:\/\/screen-stocks.com\/pt\/wp-json\/wp\/v2\/product_brand?post=29951"},{"taxonomy":"product_cat","embeddable":true,"href":"https:\/\/screen-stocks.com\/pt\/wp-json\/wp\/v2\/product_cat?post=29951"},{"taxonomy":"product_tag","embeddable":true,"href":"https:\/\/screen-stocks.com\/pt\/wp-json\/wp\/v2\/product_tag?post=29951"}],"curies":[{"name":"wp","href":"https:\/\/api.w.org\/{rel}","templated":true}]}}