{"id":29952,"date":"2025-08-29T09:50:51","date_gmt":"2025-08-29T09:50:51","guid":{"rendered":"https:\/\/screen-stocks.com\/?post_type=product&#038;p=29952"},"modified":"2025-12-18T03:30:13","modified_gmt":"2025-12-18T03:30:13","slug":"xiaomi-poco-f4-gt-screen-wholesale-premium-120hz-fhd-replacement","status":"publish","type":"product","link":"https:\/\/screen-stocks.com\/pt\/xiaomi-poco-f4-gt-screen-wholesale-premium-120hz-fhd-replacement\/","title":{"rendered":"Venda por grosso de ecr\u00e3s Xiaomi Poco F4 GT: Substitui\u00e7\u00e3o premium de 120Hz FHD+"},"content":{"rendered":"<p>Eleve as suas ofertas de servi\u00e7o de repara\u00e7\u00e3o com o nosso <strong>Venda por grosso de Substitui\u00e7\u00e3o de Tela Xiaomi Poco F4 GT \u2013 Conjunto de LCD e Digitizador<\/strong>. Projetado para cumprir especifica\u00e7\u00f5es rigorosas OEM, esta unidade premium garante um desempenho visual e t\u00e1til incompar\u00e1vel para os seus clientes. No seu n\u00facleo, a tela apresenta uma resolu\u00e7\u00e3o n\u00edtida <strong>2400 x 1080 FHD+<\/strong>, oferecendo uma densidade de pixels que garante imagens e textos extremamente n\u00edtidos, essenciais para uma experi\u00eancia de utilizador aut\u00eantica.<\/p>\n<p>Priorizamos a responsividade e fluidez. Este conjunto possui a sensibilidade nativa do dispositivo original <strong>120Hz<\/strong>, garantindo navega\u00e7\u00e3o ultra-suave, anima\u00e7\u00f5es cont\u00ednuas e uma experi\u00eancia de jogo altamente responsiva. Al\u00e9m disso, o <strong>Touch IC avan\u00e7ado<\/strong> integrado oferece uma sensibilidade excecional do digitizador, capaz de rastrear entradas multi-touch com precis\u00e3o e lat\u00eancia m\u00ednima. Para al\u00e9m da resolu\u00e7\u00e3o e atualiza\u00e7\u00e3o, a fidelidade das cores \u00e9 fundamental: as nossas telas s\u00e3o meticulosamente calibradas para alcan\u00e7ar uma ampla <strong>cobertura do espa\u00e7o de cores DCI-P3<\/strong>, apresentando cores vibrantes e fi\u00e9is \u00e0 vida, com contrastes profundos, essenciais para consumo de m\u00eddia de alta qualidade e satisfa\u00e7\u00e3o do utilizador. Invista nas nossas solu\u00e7\u00f5es em volume para uma qualidade consistente que se traduz diretamente em maior confian\u00e7a do cliente e neg\u00f3cios repetidos.<\/p>","protected":false},"excerpt":{"rendered":"<p>Substitui\u00e7\u00e3o de ecr\u00e3 de alta fidelidade Xiaomi Poco F4 GT. Caracteriza-se por 2400x1080 FHD+, atualiza\u00e7\u00e3o de 120Hz, toque preciso e precis\u00e3o de cores DCI-P3 para repara\u00e7\u00f5es superiores.<\/p>","protected":false},"featured_media":29460,"comment_status":"open","ping_status":"closed","template":"","meta":[],"product_brand":[],"product_cat":[225],"product_tag":[792,916,914,915,913],"class_list":{"0":"post-29952","1":"product","2":"type-product","3":"status-publish","4":"has-post-thumbnail","6":"product_cat-xiaomi-screen","7":"product_tag-120hz-display-replacement","8":"product_tag-dci-p3-color-accuracy","9":"product_tag-f4-gt-lcd-digitizer-wholesale","10":"product_tag-poco-f4-gt-repair-parts","11":"product_tag-xiaomi-poco-f4-gt-screen","13":"first","14":"instock","15":"shipping-taxable","16":"product-type-simple"},"_links":{"self":[{"href":"https:\/\/screen-stocks.com\/pt\/wp-json\/wp\/v2\/product\/29952","targetHints":{"allow":["GET"]}}],"collection":[{"href":"https:\/\/screen-stocks.com\/pt\/wp-json\/wp\/v2\/product"}],"about":[{"href":"https:\/\/screen-stocks.com\/pt\/wp-json\/wp\/v2\/types\/product"}],"replies":[{"embeddable":true,"href":"https:\/\/screen-stocks.com\/pt\/wp-json\/wp\/v2\/comments?post=29952"}],"version-history":[{"count":1,"href":"https:\/\/screen-stocks.com\/pt\/wp-json\/wp\/v2\/product\/29952\/revisions"}],"predecessor-version":[{"id":34695,"href":"https:\/\/screen-stocks.com\/pt\/wp-json\/wp\/v2\/product\/29952\/revisions\/34695"}],"wp:featuredmedia":[{"embeddable":true,"href":"https:\/\/screen-stocks.com\/pt\/wp-json\/wp\/v2\/media\/29460"}],"wp:attachment":[{"href":"https:\/\/screen-stocks.com\/pt\/wp-json\/wp\/v2\/media?parent=29952"}],"wp:term":[{"taxonomy":"product_brand","embeddable":true,"href":"https:\/\/screen-stocks.com\/pt\/wp-json\/wp\/v2\/product_brand?post=29952"},{"taxonomy":"product_cat","embeddable":true,"href":"https:\/\/screen-stocks.com\/pt\/wp-json\/wp\/v2\/product_cat?post=29952"},{"taxonomy":"product_tag","embeddable":true,"href":"https:\/\/screen-stocks.com\/pt\/wp-json\/wp\/v2\/product_tag?post=29952"}],"curies":[{"name":"wp","href":"https:\/\/api.w.org\/{rel}","templated":true}]}}