{"id":30200,"date":"2025-08-29T09:56:40","date_gmt":"2025-08-29T09:56:40","guid":{"rendered":"https:\/\/screen-stocks.com\/?post_type=product&#038;p=30200"},"modified":"2026-02-23T04:53:07","modified_gmt":"2026-02-23T04:53:07","slug":"premium-xiaomi-redmi-note-8-pro-screen-assembly-factory-tested-bulk","status":"publish","type":"product","link":"https:\/\/screen-stocks.com\/pt\/premium-xiaomi-redmi-note-8-pro-screen-assembly-factory-tested-bulk\/","title":{"rendered":"Conjunto de Ecr\u00e3 Premium Xiaomi Redmi Note 8 Pro \u2013 Testado em F\u00e1brica em Grande Quantidade"},"content":{"rendered":"<p>Para parceiros B2B que requerem qualidade consistente e fiabilidade inabal\u00e1vel, o nosso <strong>Substitui\u00e7\u00e3o de Ecr\u00e3 Xiaomi Redmi Note 8 Pro \u2013 Conjunto de LCD e Digitizador<\/strong> estabelece o padr\u00e3o da ind\u00fastria. Como fornecedor direto de f\u00e1brica, mantemos controlo absoluto sobre cada fase da produ\u00e7\u00e3o, garantindo um produto superior que atende \u00e0s exig\u00eancias rigorosas de servi\u00e7os de repara\u00e7\u00e3o profissionais e distribuidores.<\/p>\n<p>O nosso compromisso com a qualidade come\u00e7a com componentes premium meticulosamente selecionados. Cada <strong>Conjunto de LCD e Digitizador<\/strong> passa por um protocolo de testes exaustivo de m\u00faltiplos pontos, desde a inspe\u00e7\u00e3o de mat\u00e9rias-primas at\u00e9 \u00e0 montagem final. Este processo rigoroso inclui verifica\u00e7\u00f5es abrangentes de claridade do ecr\u00e3, precis\u00e3o das cores, sensibilidade ao toque e funcionalidade geral. Orgulhamo-nos do nosso <strong>Pol\u00edtica de Zero Pixels Mortos<\/strong>, garantindo que cada unidade enviada est\u00e1 livre de imperfei\u00e7\u00f5es visuais, proporcionando uma experi\u00eancia de utilizador perfeita para os seus clientes.<\/p>\n<p>A durabilidade \u00e9 fundamental. Os nossos ecr\u00e3s s\u00e3o projetados para serem robustos, utilizando materiais de alta qualidade concebidos para resistir ao desgaste di\u00e1rio, reduzindo chamadas de retorno dispendiosas e aumentando a satisfa\u00e7\u00e3o do cliente. Ao escolher as nossas solu\u00e7\u00f5es de atacado direto de f\u00e1brica, beneficia n\u00e3o s\u00f3 de uma qualidade de produto excecional, mas tamb\u00e9m de pre\u00e7os competitivos e de uma cadeia de abastecimento consistente baseada na confian\u00e7a e efici\u00eancia. Parceria connosco para substitui\u00e7\u00f5es de ecr\u00e3s fi\u00e1veis e de alto desempenho que fortalecem o seu neg\u00f3cio.<\/p>","protected":false},"excerpt":{"rendered":"<p>Conjuntos de LCD e Digitador direto da f\u00e1brica Xiaomi Redmi Note 8 Pro. Rigorosamente testados para zero pixels mortos e durabilidade superior. Garanta j\u00e1 a sua encomenda em grande quantidade!<\/p>","protected":false},"featured_media":30111,"comment_status":"open","ping_status":"closed","template":"","meta":[],"product_brand":[],"product_cat":[225],"product_tag":[468,1069,1635,1634,490],"class_list":{"0":"post-30200","1":"product","2":"type-product","3":"status-publish","4":"has-post-thumbnail","6":"product_cat-xiaomi-screen","7":"product_tag-factory-direct-phone-screens","8":"product_tag-mobile-screen-replacement-parts","9":"product_tag-redmi-note-8-pro-digitizer-bulk","10":"product_tag-xiaomi-redmi-note-8-pro-lcd-wholesale","11":"product_tag-zero-dead-pixel-screens","13":"first","14":"instock","15":"shipping-taxable","16":"product-type-simple"},"_links":{"self":[{"href":"https:\/\/screen-stocks.com\/pt\/wp-json\/wp\/v2\/product\/30200","targetHints":{"allow":["GET"]}}],"collection":[{"href":"https:\/\/screen-stocks.com\/pt\/wp-json\/wp\/v2\/product"}],"about":[{"href":"https:\/\/screen-stocks.com\/pt\/wp-json\/wp\/v2\/types\/product"}],"replies":[{"embeddable":true,"href":"https:\/\/screen-stocks.com\/pt\/wp-json\/wp\/v2\/comments?post=30200"}],"version-history":[{"count":1,"href":"https:\/\/screen-stocks.com\/pt\/wp-json\/wp\/v2\/product\/30200\/revisions"}],"predecessor-version":[{"id":35425,"href":"https:\/\/screen-stocks.com\/pt\/wp-json\/wp\/v2\/product\/30200\/revisions\/35425"}],"wp:featuredmedia":[{"embeddable":true,"href":"https:\/\/screen-stocks.com\/pt\/wp-json\/wp\/v2\/media\/30111"}],"wp:attachment":[{"href":"https:\/\/screen-stocks.com\/pt\/wp-json\/wp\/v2\/media?parent=30200"}],"wp:term":[{"taxonomy":"product_brand","embeddable":true,"href":"https:\/\/screen-stocks.com\/pt\/wp-json\/wp\/v2\/product_brand?post=30200"},{"taxonomy":"product_cat","embeddable":true,"href":"https:\/\/screen-stocks.com\/pt\/wp-json\/wp\/v2\/product_cat?post=30200"},{"taxonomy":"product_tag","embeddable":true,"href":"https:\/\/screen-stocks.com\/pt\/wp-json\/wp\/v2\/product_tag?post=30200"}],"curies":[{"name":"wp","href":"https:\/\/api.w.org\/{rel}","templated":true}]}}