{"id":30462,"date":"2025-08-30T03:42:24","date_gmt":"2025-08-30T03:42:24","guid":{"rendered":"https:\/\/screen-stocks.com\/?post_type=product&#038;p=30462"},"modified":"2026-02-20T04:53:02","modified_gmt":"2026-02-20T04:53:02","slug":"wholesale-xiaomi-redmi-k30-k30-5g-screen-replacement-rigorous-qc-zero-dead-pixels","status":"publish","type":"product","link":"https:\/\/screen-stocks.com\/pt\/wholesale-xiaomi-redmi-k30-k30-5g-screen-replacement-rigorous-qc-zero-dead-pixels\/","title":{"rendered":"Substitui\u00e7\u00e3o de Tela em Massa Xiaomi Redmi K30 K30 5G \u2013 Controlo de Qualidade Rigoroso e Pixels Mortos Zero"},"content":{"rendered":"<p>Para empresas que exigem fiabilidade incompar\u00e1vel em componentes de repara\u00e7\u00e3o de telem\u00f3veis, o nosso <strong>Substitui\u00e7\u00e3o de Ecr\u00e3 Xiaomi Redmi K30 \/ K30 5G \u2013 Conjunto LCD e Digitalizador<\/strong> destaca-se como a escolha definitiva. Compreendemos que a sua reputa\u00e7\u00e3o depende da qualidade de cada repara\u00e7\u00e3o, raz\u00e3o pela qual a nossa abordagem direta da f\u00e1brica garante um desempenho superior de cada unidade.<\/p>\n<p>Como fabricante direto, implementamos um protocolo de controlo de qualidade multi-etapas l\u00edder na ind\u00fastria. Cada <strong>Conjunto de LCD e Digitizador<\/strong> \u00e9 submetido a testes funcionais rigorosos, incluindo sensibilidade ao toque, clareza do ecr\u00e3 e reprodu\u00e7\u00e3o de cores, antes de sair das nossas instala\u00e7\u00f5es. Este processo meticuloso garante que cada encomenda por atacado que recebe est\u00e1 livre de defeitos e funciona de acordo com os padr\u00f5es OEM, minimizando as suas taxas de devolu\u00e7\u00e3o e maximizando a satisfa\u00e7\u00e3o do cliente.<\/p>\n<p>O nosso compromisso inabal\u00e1vel com a excel\u00eancia inclui uma pol\u00edtica rigorosa de <strong>Zero Pixels Mortos<\/strong> proporcionando uma qualidade de ecr\u00e3 impec\u00e1vel logo ao tirar da caixa. Al\u00e9m disso, a constru\u00e7\u00e3o robusta dos nossos conjuntos \u00e9 projetada para uma durabilidade excecional, concebida para suportar o uso di\u00e1rio e o manuseamento profissional. Associe-se a n\u00f3s para substitui\u00e7\u00f5es de ecr\u00e3s K30 e K30 5G que capacitam o seu neg\u00f3cio com qualidade consistente e longevidade de n\u00edvel profissional.<\/p>","protected":false},"excerpt":{"rendered":"<p>Forne\u00e7a conjuntos de LCD e Digitizador de alta qualidade Xiaomi Redmi K30 \/ K30 5G por atacado. O nosso controlo de qualidade direto da f\u00e1brica garante testes rigorosos e pixels mortos zero para repara\u00e7\u00f5es fi\u00e1veis.<\/p>","protected":false},"featured_media":30300,"comment_status":"open","ping_status":"closed","template":"","meta":[],"product_brand":[],"product_cat":[225],"product_tag":[822,1603,1586,1602,1601],"class_list":{"0":"post-30462","1":"product","2":"type-product","3":"status-publish","4":"has-post-thumbnail","6":"product_cat-xiaomi-screen","7":"product_tag-digitizer-assembly-bulk","8":"product_tag-factory-direct-screen-parts","9":"product_tag-mobile-phone-screen-wholesale","10":"product_tag-redmi-k30-5g-lcd-replacement","11":"product_tag-xiaomi-redmi-k30-screen-wholesale","13":"first","14":"instock","15":"shipping-taxable","16":"product-type-simple"},"_links":{"self":[{"href":"https:\/\/screen-stocks.com\/pt\/wp-json\/wp\/v2\/product\/30462","targetHints":{"allow":["GET"]}}],"collection":[{"href":"https:\/\/screen-stocks.com\/pt\/wp-json\/wp\/v2\/product"}],"about":[{"href":"https:\/\/screen-stocks.com\/pt\/wp-json\/wp\/v2\/types\/product"}],"replies":[{"embeddable":true,"href":"https:\/\/screen-stocks.com\/pt\/wp-json\/wp\/v2\/comments?post=30462"}],"version-history":[{"count":1,"href":"https:\/\/screen-stocks.com\/pt\/wp-json\/wp\/v2\/product\/30462\/revisions"}],"predecessor-version":[{"id":35413,"href":"https:\/\/screen-stocks.com\/pt\/wp-json\/wp\/v2\/product\/30462\/revisions\/35413"}],"wp:featuredmedia":[{"embeddable":true,"href":"https:\/\/screen-stocks.com\/pt\/wp-json\/wp\/v2\/media\/30300"}],"wp:attachment":[{"href":"https:\/\/screen-stocks.com\/pt\/wp-json\/wp\/v2\/media?parent=30462"}],"wp:term":[{"taxonomy":"product_brand","embeddable":true,"href":"https:\/\/screen-stocks.com\/pt\/wp-json\/wp\/v2\/product_brand?post=30462"},{"taxonomy":"product_cat","embeddable":true,"href":"https:\/\/screen-stocks.com\/pt\/wp-json\/wp\/v2\/product_cat?post=30462"},{"taxonomy":"product_tag","embeddable":true,"href":"https:\/\/screen-stocks.com\/pt\/wp-json\/wp\/v2\/product_tag?post=30462"}],"curies":[{"name":"wp","href":"https:\/\/api.w.org\/{rel}","templated":true}]}}