{"id":30463,"date":"2025-08-30T03:42:25","date_gmt":"2025-08-30T03:42:25","guid":{"rendered":"https:\/\/screen-stocks.com\/?post_type=product&#038;p=30463"},"modified":"2026-02-08T18:53:16","modified_gmt":"2026-02-08T18:53:16","slug":"redmi-k40-k40-pro-screen-assembly-bulk-boost-repair-shop-profitability","status":"publish","type":"product","link":"https:\/\/screen-stocks.com\/pt\/redmi-k40-k40-pro-screen-assembly-bulk-boost-repair-shop-profitability\/","title":{"rendered":"Conjunto de Ecr\u00e3 em Lote para Redmi K40 K40 Pro \u2013 Aumente a Rentabilidade da Oficina de Repara\u00e7\u00f5es"},"content":{"rendered":"<p>Eleve a rentabilidade da sua oficina de repara\u00e7\u00f5es com o nosso produto premium <strong>Substitui\u00e7\u00e3o de Tela do Xiaomi Redmi K40 &amp; Redmi K40 Pro \u2013 Conjunto de LCD e Digitador<\/strong>. Projetado para precis\u00e3o e desempenho, esta solu\u00e7\u00e3o por atacado responde diretamente \u00e0s necessidades cr\u00edticas dos t\u00e9cnicos de repara\u00e7\u00e3o profissionais. Compreendemos que na ind\u00fastria de repara\u00e7\u00e3o de ritmo acelerado, cada minuto e cada instala\u00e7\u00e3o bem-sucedida impactam diretamente o seu resultado final.<\/p>\n<p>Os nossos conjuntos s\u00e3o meticulosamente fabricados para garantir <strong>encaixe perfeito do quadro<\/strong>, reduzindo significativamente o tempo de instala\u00e7\u00e3o e eliminando as frustra\u00e7\u00f5es comuns associadas a pe\u00e7as desalinhadas. Este design superior traduz-se em <strong>poupan\u00e7as de tempo de trabalho<\/strong> para os seus t\u00e9cnicos, permitindo-lhes realizar mais repara\u00e7\u00f5es diariamente e aumentar a efici\u00eancia geral da oficina. Ao minimizar retrabalhos e acelerar os tempos de entrega, pode maximizar a sua capacidade operacional e aumentar a receita de servi\u00e7os.<\/p>\n<p>Para al\u00e9m da efici\u00eancia operacional, oferecer uma substitui\u00e7\u00e3o de tela de alta qualidade e perfeitamente integrada melhora diretamente <strong>satisfa\u00e7\u00e3o do cliente<\/strong>. Uma tela que funciona perfeitamente e visualmente impec\u00e1vel significa clientes mais satisfeitos, refer\u00eancias boca a boca mais fortes e neg\u00f3cios de repeti\u00e7\u00e3o inestim\u00e1veis. Invista em conjuntos que garantam desempenho superior e durabilidade, refor\u00e7ando a sua reputa\u00e7\u00e3o de excel\u00eancia. Parceria connosco para solu\u00e7\u00f5es de tela por atacado confi\u00e1veis que impulsionam o seu neg\u00f3cio de repara\u00e7\u00e3o.<\/p>","protected":false},"excerpt":{"rendered":"<p>Conjunto de LCD e Digitizador por Atacado para Xiaomi Redmi K40 \/ K40 Pro. Ajuste perfeito, instala\u00e7\u00e3o f\u00e1cil que economiza m\u00e3o-de-obra, aumenta a satisfa\u00e7\u00e3o do cliente e a rentabilidade da oficina de repara\u00e7\u00f5es.<\/p>","protected":false},"featured_media":30325,"comment_status":"open","ping_status":"closed","template":"","meta":[],"product_brand":[],"product_cat":[225],"product_tag":[1437,871,1436,1438,1435],"class_list":{"0":"post-30463","1":"product","2":"type-product","3":"status-publish","4":"has-post-thumbnail","6":"product_cat-xiaomi-screen","7":"product_tag-k40-replacement-screen-supplier","8":"product_tag-mobile-repair-parts-wholesale","9":"product_tag-redmi-k40-pro-lcd-digitizer-bulk","10":"product_tag-xiaomi-k40-k40-pro-screen-assembly","11":"product_tag-xiaomi-redmi-k40-screen-wholesale","13":"first","14":"instock","15":"shipping-taxable","16":"product-type-simple"},"_links":{"self":[{"href":"https:\/\/screen-stocks.com\/pt\/wp-json\/wp\/v2\/product\/30463","targetHints":{"allow":["GET"]}}],"collection":[{"href":"https:\/\/screen-stocks.com\/pt\/wp-json\/wp\/v2\/product"}],"about":[{"href":"https:\/\/screen-stocks.com\/pt\/wp-json\/wp\/v2\/types\/product"}],"replies":[{"embeddable":true,"href":"https:\/\/screen-stocks.com\/pt\/wp-json\/wp\/v2\/comments?post=30463"}],"version-history":[{"count":1,"href":"https:\/\/screen-stocks.com\/pt\/wp-json\/wp\/v2\/product\/30463\/revisions"}],"predecessor-version":[{"id":35344,"href":"https:\/\/screen-stocks.com\/pt\/wp-json\/wp\/v2\/product\/30463\/revisions\/35344"}],"wp:featuredmedia":[{"embeddable":true,"href":"https:\/\/screen-stocks.com\/pt\/wp-json\/wp\/v2\/media\/30325"}],"wp:attachment":[{"href":"https:\/\/screen-stocks.com\/pt\/wp-json\/wp\/v2\/media?parent=30463"}],"wp:term":[{"taxonomy":"product_brand","embeddable":true,"href":"https:\/\/screen-stocks.com\/pt\/wp-json\/wp\/v2\/product_brand?post=30463"},{"taxonomy":"product_cat","embeddable":true,"href":"https:\/\/screen-stocks.com\/pt\/wp-json\/wp\/v2\/product_cat?post=30463"},{"taxonomy":"product_tag","embeddable":true,"href":"https:\/\/screen-stocks.com\/pt\/wp-json\/wp\/v2\/product_tag?post=30463"}],"curies":[{"name":"wp","href":"https:\/\/api.w.org\/{rel}","templated":true}]}}