{"id":30464,"date":"2025-08-30T03:42:25","date_gmt":"2025-08-30T03:42:25","guid":{"rendered":"https:\/\/screen-stocks.com\/?post_type=product&#038;p=30464"},"modified":"2026-01-01T00:30:55","modified_gmt":"2026-01-01T00:30:55","slug":"xiaomi-redmi-k50-gaming-oled-screen-replacement-wholesale-display-assembly","status":"publish","type":"product","link":"https:\/\/screen-stocks.com\/pt\/xiaomi-redmi-k50-gaming-oled-screen-replacement-wholesale-display-assembly\/","title":{"rendered":"Substitui\u00e7\u00e3o de ecr\u00e3 OLED de jogos Xiaomi Redmi K50 \u2013 Conjunto de exibi\u00e7\u00e3o por atacado"},"content":{"rendered":"<p>A nossa oferta por atacado para a substitui\u00e7\u00e3o de ecr\u00e3 do Xiaomi Redmi K50 Gaming foi concebida para atender \u00e0s exig\u00eancias rigorosas de especialistas em repara\u00e7\u00e3o e recondicionamento profissionais. Esta solu\u00e7\u00e3o abrangente <strong>Conjunto de LCD OLED e Digitizador<\/strong> proporciona uma experi\u00eancia visual impressionante e altamente responsiva, espelhando as especifica\u00e7\u00f5es do dispositivo original. Garantimos uma resolu\u00e7\u00e3o n\u00edtida de 2400\u00d71080 (FHD+), assegurando uma densidade de pixels e clareza excecionais em todas as aplica\u00e7\u00f5es, desde jogos at\u00e9 consumo de multim\u00e9dia.<\/p>\n<p>A precis\u00e3o t\u00e9cnica \u00e9 fundamental. Esta unidade possui uma taxa de atualiza\u00e7\u00e3o fluida de 120Hz, melhorando criticamente a suavidade do movimento e reduzindo o atraso de entrada, o que \u00e9 essencial para o p\u00fablico-alvo do K50 Gaming. Al\u00e9m disso, o digitizador integrado apresenta um IC de toque de alto desempenho, oferecendo uma impressionante taxa de amostragem de toque de 480Hz para dete\u00e7\u00e3o de entrada ultra-responsiva e feedback t\u00e1til superior. A reprodu\u00e7\u00e3o de cores \u00e9 igualmente vital; os nossos pain\u00e9is alcan\u00e7am uma cobertura de 100% do espa\u00e7o de cores amplo DCI-P3, oferecendo cores vibrantes e fi\u00e9is \u00e0 vida, com profundos n\u00edveis de contraste. Parceria connosco para um fornecimento fi\u00e1vel de ecr\u00e3s que oferecem desempenho t\u00e9cnico incompar\u00e1vel para as suas necessidades de grande volume.<\/p>","protected":false},"excerpt":{"rendered":"<p>Substitui\u00e7\u00e3o de ecr\u00e3 OLED de jogos Xiaomi Redmi K50 de alta qualidade por atacado. Caracter\u00edsticas 2400\u00d71080, atualiza\u00e7\u00e3o de 120Hz, amostragem de toque de 480Hz e cor 100% DCI-P3.<\/p>","protected":false},"featured_media":30347,"comment_status":"open","ping_status":"closed","template":"","meta":[],"product_brand":[],"product_cat":[225],"product_tag":[1165,732,791,1164,1163],"class_list":{"0":"post-30464","1":"product","2":"type-product","3":"status-publish","4":"has-post-thumbnail","6":"product_cat-xiaomi-screen","7":"product_tag-k50-gaming-lcd-replacement","8":"product_tag-mobile-screen-parts-b2b","9":"product_tag-oled-digitizer-assembly","10":"product_tag-redmi-k50-gaming-display-bulk","11":"product_tag-xiaomi-k50-gaming-screen-wholesale","13":"first","14":"instock","15":"shipping-taxable","16":"product-type-simple"},"_links":{"self":[{"href":"https:\/\/screen-stocks.com\/pt\/wp-json\/wp\/v2\/product\/30464","targetHints":{"allow":["GET"]}}],"collection":[{"href":"https:\/\/screen-stocks.com\/pt\/wp-json\/wp\/v2\/product"}],"about":[{"href":"https:\/\/screen-stocks.com\/pt\/wp-json\/wp\/v2\/types\/product"}],"replies":[{"embeddable":true,"href":"https:\/\/screen-stocks.com\/pt\/wp-json\/wp\/v2\/comments?post=30464"}],"version-history":[{"count":1,"href":"https:\/\/screen-stocks.com\/pt\/wp-json\/wp\/v2\/product\/30464\/revisions"}],"predecessor-version":[{"id":34790,"href":"https:\/\/screen-stocks.com\/pt\/wp-json\/wp\/v2\/product\/30464\/revisions\/34790"}],"wp:featuredmedia":[{"embeddable":true,"href":"https:\/\/screen-stocks.com\/pt\/wp-json\/wp\/v2\/media\/30347"}],"wp:attachment":[{"href":"https:\/\/screen-stocks.com\/pt\/wp-json\/wp\/v2\/media?parent=30464"}],"wp:term":[{"taxonomy":"product_brand","embeddable":true,"href":"https:\/\/screen-stocks.com\/pt\/wp-json\/wp\/v2\/product_brand?post=30464"},{"taxonomy":"product_cat","embeddable":true,"href":"https:\/\/screen-stocks.com\/pt\/wp-json\/wp\/v2\/product_cat?post=30464"},{"taxonomy":"product_tag","embeddable":true,"href":"https:\/\/screen-stocks.com\/pt\/wp-json\/wp\/v2\/product_tag?post=30464"}],"curies":[{"name":"wp","href":"https:\/\/api.w.org\/{rel}","templated":true}]}}