{"id":30473,"date":"2025-08-30T03:42:26","date_gmt":"2025-08-30T03:42:26","guid":{"rendered":"https:\/\/screen-stocks.com\/?post_type=product&#038;p=30473"},"modified":"2025-12-26T02:30:15","modified_gmt":"2025-12-26T02:30:15","slug":"wholesale-xiaomi-redmi-note-11s-lcd-digitizer-assembly-90hz-fhd-display","status":"publish","type":"product","link":"https:\/\/screen-stocks.com\/pt\/wholesale-xiaomi-redmi-note-11s-lcd-digitizer-assembly-90hz-fhd-display\/","title":{"rendered":"Conjunto de LCD e Digitizador em Atacado Xiaomi Redmi Note 11s \u2013 Ecr\u00e3 FHD+ de 90Hz"},"content":{"rendered":"<p>A nossa oferta por atacado para a substitui\u00e7\u00e3o de ecr\u00e3 do Xiaomi Redmi Note 11s fornece um Conjunto de LCD e Digitador meticulosamente projetado. Cada unidade \u00e9 concebida para cumprir rigorosos padr\u00f5es de desempenho, garantindo a funcionalidade \u00f3tima do dispositivo e uma satisfa\u00e7\u00e3o superior do utilizador final para a sua rede de repara\u00e7\u00e3o e distribui\u00e7\u00e3o.<\/p>\n<p>Este conjunto apresenta uma resolu\u00e7\u00e3o nativa de <strong>1080 x 2400 pixels<\/strong> (FHD+), oferecendo imagens n\u00edtidas e detalhadas essenciais para o consumo de conte\u00fado em alta defini\u00e7\u00e3o. O painel LCD integrado possui uma taxa de atualiza\u00e7\u00e3o de <strong>90Hz<\/strong>, proporcionando uma rolagem notavelmente suave e anima\u00e7\u00f5es fluidas, um fator cr\u00edtico para melhorar a experi\u00eancia do utilizador e a responsividade. Al\u00e9m disso, o conjunto do digitador incorpora um IC de toque de alta sensibilidade, calibrado com precis\u00e3o para garantir uma lat\u00eancia m\u00ednima e uma entrada multi-toque precisa em toda a superf\u00edcie do ecr\u00e3. Esta resposta t\u00e1til robusta \u00e9 validada para um desempenho consistente, oferecendo uma experi\u00eancia interativa compar\u00e1vel \u00e0 de OEM. A reprodu\u00e7\u00e3o de cores \u00e9 meticulosamente otimizada, alcan\u00e7ando uma vasta cobertura sRGB para tons vibrantes e fi\u00e9is \u00e0 vida, vital para exibir conte\u00fado multim\u00e9dia como pretendido. Os nossos ecr\u00e3s s\u00e3o rigorosamente testados para uniformidade de brilho e precis\u00e3o de cor, garantindo uma solu\u00e7\u00e3o de repara\u00e7\u00e3o premium e fi\u00e1vel para os seus clientes.<\/p>","protected":false},"excerpt":{"rendered":"<p>Compra em massa do nosso Conjunto de LCD e Digitizador Xiaomi Redmi Note 11s. Com resolu\u00e7\u00e3o de 1080x2400, atualiza\u00e7\u00e3o de 90Hz e resposta t\u00e1til precisa. Pre\u00e7os por atacado.<\/p>","protected":false},"featured_media":30421,"comment_status":"open","ping_status":"closed","template":"","meta":[],"product_brand":[],"product_cat":[225],"product_tag":[1095,620,1094,1093,526],"class_list":{"0":"post-30473","1":"product","2":"type-product","3":"status-publish","4":"has-post-thumbnail","6":"product_cat-xiaomi-screen","7":"product_tag-fhd-90hz-screen","8":"product_tag-mobile-screen-wholesale","9":"product_tag-redmi-note-11s-display-replacement","10":"product_tag-redmi-note-11s-screen-wholesale","11":"product_tag-xiaomi-lcd-digitizer-bulk","13":"first","14":"instock","15":"shipping-taxable","16":"product-type-simple"},"_links":{"self":[{"href":"https:\/\/screen-stocks.com\/pt\/wp-json\/wp\/v2\/product\/30473","targetHints":{"allow":["GET"]}}],"collection":[{"href":"https:\/\/screen-stocks.com\/pt\/wp-json\/wp\/v2\/product"}],"about":[{"href":"https:\/\/screen-stocks.com\/pt\/wp-json\/wp\/v2\/types\/product"}],"replies":[{"embeddable":true,"href":"https:\/\/screen-stocks.com\/pt\/wp-json\/wp\/v2\/comments?post=30473"}],"version-history":[{"count":1,"href":"https:\/\/screen-stocks.com\/pt\/wp-json\/wp\/v2\/product\/30473\/revisions"}],"predecessor-version":[{"id":34760,"href":"https:\/\/screen-stocks.com\/pt\/wp-json\/wp\/v2\/product\/30473\/revisions\/34760"}],"wp:featuredmedia":[{"embeddable":true,"href":"https:\/\/screen-stocks.com\/pt\/wp-json\/wp\/v2\/media\/30421"}],"wp:attachment":[{"href":"https:\/\/screen-stocks.com\/pt\/wp-json\/wp\/v2\/media?parent=30473"}],"wp:term":[{"taxonomy":"product_brand","embeddable":true,"href":"https:\/\/screen-stocks.com\/pt\/wp-json\/wp\/v2\/product_brand?post=30473"},{"taxonomy":"product_cat","embeddable":true,"href":"https:\/\/screen-stocks.com\/pt\/wp-json\/wp\/v2\/product_cat?post=30473"},{"taxonomy":"product_tag","embeddable":true,"href":"https:\/\/screen-stocks.com\/pt\/wp-json\/wp\/v2\/product_tag?post=30473"}],"curies":[{"name":"wp","href":"https:\/\/api.w.org\/{rel}","templated":true}]}}