{"id":30737,"date":"2025-08-30T06:56:40","date_gmt":"2025-08-30T06:56:40","guid":{"rendered":"https:\/\/screen-stocks.com\/?post_type=product&#038;p=30737"},"modified":"2025-12-28T17:30:20","modified_gmt":"2025-12-28T17:30:20","slug":"xiaomi-mi-mix-3-screen-replacement-wholesale-fhd-lcd-digitizer","status":"publish","type":"product","link":"https:\/\/screen-stocks.com\/pt\/xiaomi-mi-mix-3-screen-replacement-wholesale-fhd-lcd-digitizer\/","title":{"rendered":"Substitui\u00e7\u00e3o de Tela Xiaomi Mi Mix 3 Atacado \u2013 LCD FHD+ &amp; Digitizador"},"content":{"rendered":"<p>Eleve os seus servi\u00e7os de repara\u00e7\u00e3o e renova\u00e7\u00e3o com o nosso premium <strong>Substitui\u00e7\u00e3o de Tela do Xiaomi Mi Mix 3<\/strong>, especificamente desenvolvido para profissionais B2B. Este componente de alta qualidade <strong>Conjunto de LCD e Digitizador<\/strong> oferece desempenho e fiabilidade excecionais, respondendo diretamente \u00e0s exig\u00eancias t\u00e9cnicas da tecnologia de ecr\u00e3 de smartphones moderna.<\/p>\n<p>A nossa unidade de ecr\u00e3 do Mi Mix 3 possui um visual deslumbrante <strong>Resolu\u00e7\u00e3o FHD+ 2340 x 1080<\/strong>, garantindo uma clareza visual incompar\u00e1vel e uma renderiza\u00e7\u00e3o de texto n\u00edtida como uma l\u00e2mina. Com uma densidade de pixels precisa, o conte\u00fado \u00e9 exibido com precis\u00e3o fotogr\u00e1fica, crucial para a satisfa\u00e7\u00e3o do cliente. O ecr\u00e3 integrado mant\u00e9m uma <strong>60Hz<\/strong>, proporcionando movimento fluido e uma experi\u00eancia de utilizador cont\u00ednua em todas as aplica\u00e7\u00f5es.<\/p>\n<p>Crucial para a intera\u00e7\u00e3o do utilizador, o <strong>IC de Toque de Alta Sensibilidade<\/strong> embutido garante uma resposta imediata e precisa. Esta tecnologia avan\u00e7ada de digitizer assegura um rastreamento preciso e uma lat\u00eancia m\u00ednima, suportando gestos multi-toque e entradas complexas que os utilizadores esperam. Al\u00e9m disso, o painel suporta uma ampla <strong>Gama de Cores<\/strong>, reproduzindo tons vibrantes e contrastes profundos com fidelidade excecional, vital para a exibi\u00e7\u00e3o de imagens e v\u00eddeos realistas. Dispon\u00edvel para atacado, este conjunto simplifica a sua cadeia de fornecimento enquanto garante substitui\u00e7\u00f5es de alta qualidade e consistentes.<\/p>","protected":false},"excerpt":{"rendered":"<p>Substitui\u00e7\u00e3o de tela Xiaomi Mi Mix 3 de alta qualidade no atacado. Caracter\u00edsticas resolu\u00e7\u00e3o FHD+ (2340x1080), atualiza\u00e7\u00e3o a 60Hz, IC de toque de alta sensibilidade e gama de cores ampla.<\/p>","protected":false},"featured_media":29344,"comment_status":"open","ping_status":"closed","template":"","meta":[],"product_brand":[],"product_cat":[225],"product_tag":[1104,1103,541,1102,1105],"class_list":{"0":"post-30737","1":"product","2":"type-product","3":"status-publish","4":"has-post-thumbnail","6":"product_cat-xiaomi-screen","7":"product_tag-digitizer-assembly-mix-3","8":"product_tag-mi-mix-3-lcd-replacement","9":"product_tag-wholesale-phone-screens","10":"product_tag-xiaomi-mi-mix-3-screen","11":"product_tag-xiaomi-screen-supplier","13":"first","14":"instock","15":"shipping-taxable","16":"product-type-simple"},"_links":{"self":[{"href":"https:\/\/screen-stocks.com\/pt\/wp-json\/wp\/v2\/product\/30737","targetHints":{"allow":["GET"]}}],"collection":[{"href":"https:\/\/screen-stocks.com\/pt\/wp-json\/wp\/v2\/product"}],"about":[{"href":"https:\/\/screen-stocks.com\/pt\/wp-json\/wp\/v2\/types\/product"}],"replies":[{"embeddable":true,"href":"https:\/\/screen-stocks.com\/pt\/wp-json\/wp\/v2\/comments?post=30737"}],"version-history":[{"count":1,"href":"https:\/\/screen-stocks.com\/pt\/wp-json\/wp\/v2\/product\/30737\/revisions"}],"predecessor-version":[{"id":34763,"href":"https:\/\/screen-stocks.com\/pt\/wp-json\/wp\/v2\/product\/30737\/revisions\/34763"}],"wp:featuredmedia":[{"embeddable":true,"href":"https:\/\/screen-stocks.com\/pt\/wp-json\/wp\/v2\/media\/29344"}],"wp:attachment":[{"href":"https:\/\/screen-stocks.com\/pt\/wp-json\/wp\/v2\/media?parent=30737"}],"wp:term":[{"taxonomy":"product_brand","embeddable":true,"href":"https:\/\/screen-stocks.com\/pt\/wp-json\/wp\/v2\/product_brand?post=30737"},{"taxonomy":"product_cat","embeddable":true,"href":"https:\/\/screen-stocks.com\/pt\/wp-json\/wp\/v2\/product_cat?post=30737"},{"taxonomy":"product_tag","embeddable":true,"href":"https:\/\/screen-stocks.com\/pt\/wp-json\/wp\/v2\/product_tag?post=30737"}],"curies":[{"name":"wp","href":"https:\/\/api.w.org\/{rel}","templated":true}]}}