{"id":30741,"date":"2025-08-30T06:56:40","date_gmt":"2025-08-30T06:56:40","guid":{"rendered":"https:\/\/screen-stocks.com\/?post_type=product&#038;p=30741"},"modified":"2025-12-21T20:30:21","modified_gmt":"2025-12-21T20:30:21","slug":"poco-f4-premium-display-assembly-fhd-120hz-dci-p3-bulk-wholesale","status":"publish","type":"product","link":"https:\/\/screen-stocks.com\/pt\/poco-f4-premium-display-assembly-fhd-120hz-dci-p3-bulk-wholesale\/","title":{"rendered":"Conjunto de Ecr\u00e3 Premium Poco F4: FHD+ 120Hz, DCI-P3 \u2013 Venda por grosso"},"content":{"rendered":"<p>Eleve as suas ofertas de servi\u00e7os de repara\u00e7\u00e3o com o nosso grossista <strong>Substitui\u00e7\u00e3o de Ecr\u00e3 Xiaomi Poco F4 \u2013 Conjunto LCD e Digitalizador<\/strong>. Projetado para precis\u00e3o e desempenho, este conjunto garante que os seus clientes recebam uma experi\u00eancia de visualiza\u00e7\u00e3o ao n\u00edvel do equipamento original, promovendo satisfa\u00e7\u00e3o e neg\u00f3cios recorrentes.<\/p>\n<p>Os nossos conjuntos de ecr\u00e3 Poco F4 apresentam um vibrante <strong>resolu\u00e7\u00e3o FHD+ de 1080 x 2400 pixels<\/strong>, oferecendo texto n\u00edtido e uma clareza visual impressionante para todo o conte\u00fado. O integrado <strong>120Hz<\/strong> garante uma rolagem excecionalmente fluida e transi\u00e7\u00f5es visuais din\u00e2micas, cruciais para uma experi\u00eancia de utilizador envolvente, especialmente em jogos e reprodu\u00e7\u00e3o multim\u00e9dia.<\/p>\n<p>Crucial para a precis\u00e3o das cores, este ecr\u00e3 suporta uma ampla <strong>gama de cores DCI-P3<\/strong>, oferecendo cores significativamente mais ricas e realistas em compara\u00e7\u00e3o com pain\u00e9is sRGB padr\u00e3o. Com reprodu\u00e7\u00e3o precisa das cores e contrastes profundos, cada imagem e v\u00eddeo aparece com fidelidade not\u00e1vel. Al\u00e9m disso, o avan\u00e7ado <strong>Touch IC calibrado com precis\u00e3o<\/strong> assegura uma resposta instant\u00e2nea e perfeita em todo o digitalizador, proporcionando funcionalidade multi-toque precisa e uma interface de utilizador intuitiva.<\/p>\n<p>Invista nos nossos conjuntos de ecr\u00e3 Poco F4 de alta especifica\u00e7\u00e3o para oferecer consistentemente qualidade premium nas repara\u00e7\u00f5es, suportada por rigorosos testes de f\u00e1brica para fiabilidade e fornecimento consistente para as suas necessidades de grossista.<\/p>","protected":false},"excerpt":{"rendered":"<p>Substitui\u00e7\u00e3o de ecr\u00e3 premium por grosso Xiaomi Poco F4. Experimente resolu\u00e7\u00e3o FHD+, taxa de atualiza\u00e7\u00e3o de 120Hz, gama de cores DCI-P3 e toque sens\u00edvel para repara\u00e7\u00f5es superiores.<\/p>","protected":false},"featured_media":29469,"comment_status":"open","ping_status":"closed","template":"","meta":[],"product_brand":[],"product_cat":[225],"product_tag":[973,429,972,970,971],"class_list":{"0":"post-30741","1":"product","2":"type-product","3":"status-publish","4":"has-post-thumbnail","6":"product_cat-xiaomi-screen","7":"product_tag-lcd-digitizer-bulk","8":"product_tag-mobile-phone-parts-wholesale","9":"product_tag-poco-f4-replacement-screen","10":"product_tag-poco-f4-screen-wholesale","11":"product_tag-xiaomi-poco-f4-display","13":"first","14":"instock","15":"shipping-taxable","16":"product-type-simple"},"_links":{"self":[{"href":"https:\/\/screen-stocks.com\/pt\/wp-json\/wp\/v2\/product\/30741","targetHints":{"allow":["GET"]}}],"collection":[{"href":"https:\/\/screen-stocks.com\/pt\/wp-json\/wp\/v2\/product"}],"about":[{"href":"https:\/\/screen-stocks.com\/pt\/wp-json\/wp\/v2\/types\/product"}],"replies":[{"embeddable":true,"href":"https:\/\/screen-stocks.com\/pt\/wp-json\/wp\/v2\/comments?post=30741"}],"version-history":[{"count":1,"href":"https:\/\/screen-stocks.com\/pt\/wp-json\/wp\/v2\/product\/30741\/revisions"}],"predecessor-version":[{"id":34710,"href":"https:\/\/screen-stocks.com\/pt\/wp-json\/wp\/v2\/product\/30741\/revisions\/34710"}],"wp:featuredmedia":[{"embeddable":true,"href":"https:\/\/screen-stocks.com\/pt\/wp-json\/wp\/v2\/media\/29469"}],"wp:attachment":[{"href":"https:\/\/screen-stocks.com\/pt\/wp-json\/wp\/v2\/media?parent=30741"}],"wp:term":[{"taxonomy":"product_brand","embeddable":true,"href":"https:\/\/screen-stocks.com\/pt\/wp-json\/wp\/v2\/product_brand?post=30741"},{"taxonomy":"product_cat","embeddable":true,"href":"https:\/\/screen-stocks.com\/pt\/wp-json\/wp\/v2\/product_cat?post=30741"},{"taxonomy":"product_tag","embeddable":true,"href":"https:\/\/screen-stocks.com\/pt\/wp-json\/wp\/v2\/product_tag?post=30741"}],"curies":[{"name":"wp","href":"https:\/\/api.w.org\/{rel}","templated":true}]}}