{"id":31414,"date":"2025-08-30T08:22:39","date_gmt":"2025-08-30T08:22:39","guid":{"rendered":"https:\/\/screen-stocks.com\/?post_type=product&#038;p=31414"},"modified":"2026-02-25T04:53:01","modified_gmt":"2026-02-25T04:53:01","slug":"xiaomi-black-shark-3-screen-replacement-factory-direct-lcd-digitizer-wholesale","status":"publish","type":"product","link":"https:\/\/screen-stocks.com\/pt\/xiaomi-black-shark-3-screen-replacement-factory-direct-lcd-digitizer-wholesale\/","title":{"rendered":"Substitui\u00e7\u00e3o de Tela Xiaomi Black Shark 3 \u2013 LCD e Digitizador Direto da F\u00e1brica Atacado"},"content":{"rendered":"<p>Eleve o seu servi\u00e7o de repara\u00e7\u00e3o com o nosso premium <strong>Substitui\u00e7\u00e3o de Tela Xiaomi Black Shark 3 \u2013 Conjunto de LCD e Digitizador<\/strong>, dispon\u00edvel para atacado. Como fornecedor direto de f\u00e1brica, compreendemos que a qualidade consistente \u00e9 fundamental para o sucesso do seu neg\u00f3cio. \u00c9 por isso que cada unidade passa por um rigoroso processo de controlo de qualidade em v\u00e1rias etapas na nossa instala\u00e7\u00e3o, garantindo uma fiabilidade incompar\u00e1vel desde a origem.<\/p>\n<p>O nosso compromisso com a excel\u00eancia come\u00e7a com uma sele\u00e7\u00e3o rigorosa de materiais e estende-se por todas as fases da fabrica\u00e7\u00e3o. Cada <strong>Conjunto de LCD e Digitizador<\/strong> \u00e9 submetido a testes funcionais abrangentes, incluindo sensibilidade ao toque, precis\u00e3o de cores, n\u00edveis de brilho e uniformidade do retroilumina\u00e7\u00e3o. Orgulhamo-nos de uma pol\u00edtica rigorosa de \u201cZero Pixels Mortos\u201d, o que significa que cada ecr\u00e3 que recebe \u00e9 cuidadosamente inspecionado para estar completamente perfeito, pronto a usar. Este rigoroso protocolo de testes internos garante que os nossos ecr\u00e3s n\u00e3o s\u00f3 atendem, mas superam os padr\u00f5es da ind\u00fastria em desempenho e durabilidade.<\/p>\n<p>Investir nos nossos ecr\u00e3s Black Shark 3 diretamente da f\u00e1brica significa investir em durabilidade e satisfa\u00e7\u00e3o do cliente. Os nossos conjuntos s\u00e3o projetados para resistir \u00e0s exig\u00eancias do uso di\u00e1rio, proporcionando uma substitui\u00e7\u00e3o de ecr\u00e3 robusta e vibrante que os seus clientes podem confiar. Fa\u00e7a parceria connosco para uma cadeia de fornecimento fi\u00e1vel que garante uma qualidade superior do produto e minimiza devolu\u00e7\u00f5es dispendiosas, refor\u00e7ando a sua reputa\u00e7\u00e3o por repara\u00e7\u00f5es de alta qualidade.<\/p>","protected":false},"excerpt":{"rendered":"<p>Substitui\u00e7\u00e3o de Tela Xiaomi Black Shark 3 direta da f\u00e1brica. LCD e Digitizador de qualidade OEM, rigorosamente testados para Pixels Mortos Zero e durabilidade superior. Dispon\u00edvel em atacado e grosso volume.<\/p>","protected":false},"featured_media":29147,"comment_status":"open","ping_status":"closed","template":"","meta":[],"product_brand":[],"product_cat":[225],"product_tag":[1668,1667,527,526,469],"class_list":{"0":"post-31414","1":"product","2":"type-product","3":"status-publish","4":"has-post-thumbnail","6":"product_cat-xiaomi-screen","7":"product_tag-black-shark-3-repair-parts","8":"product_tag-black-shark-3-screen-wholesale","9":"product_tag-factory-direct-screen-replacement","10":"product_tag-xiaomi-lcd-digitizer-bulk","11":"product_tag-zero-dead-pixel-display","13":"first","14":"instock","15":"shipping-taxable","16":"product-type-simple"},"_links":{"self":[{"href":"https:\/\/screen-stocks.com\/pt\/wp-json\/wp\/v2\/product\/31414","targetHints":{"allow":["GET"]}}],"collection":[{"href":"https:\/\/screen-stocks.com\/pt\/wp-json\/wp\/v2\/product"}],"about":[{"href":"https:\/\/screen-stocks.com\/pt\/wp-json\/wp\/v2\/types\/product"}],"replies":[{"embeddable":true,"href":"https:\/\/screen-stocks.com\/pt\/wp-json\/wp\/v2\/comments?post=31414"}],"version-history":[{"count":1,"href":"https:\/\/screen-stocks.com\/pt\/wp-json\/wp\/v2\/product\/31414\/revisions"}],"predecessor-version":[{"id":35437,"href":"https:\/\/screen-stocks.com\/pt\/wp-json\/wp\/v2\/product\/31414\/revisions\/35437"}],"wp:featuredmedia":[{"embeddable":true,"href":"https:\/\/screen-stocks.com\/pt\/wp-json\/wp\/v2\/media\/29147"}],"wp:attachment":[{"href":"https:\/\/screen-stocks.com\/pt\/wp-json\/wp\/v2\/media?parent=31414"}],"wp:term":[{"taxonomy":"product_brand","embeddable":true,"href":"https:\/\/screen-stocks.com\/pt\/wp-json\/wp\/v2\/product_brand?post=31414"},{"taxonomy":"product_cat","embeddable":true,"href":"https:\/\/screen-stocks.com\/pt\/wp-json\/wp\/v2\/product_cat?post=31414"},{"taxonomy":"product_tag","embeddable":true,"href":"https:\/\/screen-stocks.com\/pt\/wp-json\/wp\/v2\/product_tag?post=31414"}],"curies":[{"name":"wp","href":"https:\/\/api.w.org\/{rel}","templated":true}]}}